{"id":573,"date":"2014-01-20T13:24:11","date_gmt":"2014-01-20T13:24:11","guid":{"rendered":"http:\/\/www.neurolinguistic.com\/blog\/?page_id=573"},"modified":"2016-09-26T14:07:50","modified_gmt":"2016-09-26T14:07:50","slug":"master-pnl-e-ipnosi","status":"publish","type":"page","link":"https:\/\/www.neurolinguistic.com\/blog\/master-pnl-e-ipnosi\/","title":{"rendered":"Master PNL e Ipnosi"},"content":{"rendered":"<p style=\"text-align: center;\"><span style=\"color: #cc0000; font-family: impact,chicago; font-size: 48px; line-height: 110%;\">Master annuale in <span style=\"text-decoration: underline;\">PNL, Ipnosi e Coaching.<\/span> <span style=\"color: #027eaa;\">Come diventare esperti in questo settore nuovo e richiestissimo<\/span>\u00a0e <span style=\"color: #ff6600;\">iniziare una Professione entusiasmante.<\/span><br \/>\n<\/span><\/p>\n<p style=\"text-align: center;\"><span style=\"font-size: 14pt; color: #a60000;\">(Anche di portata internazionale!)<\/span><\/p>\n<p class=\" ffhead4\" style=\"text-align: center;\"><span style=\"color: #808080;\">Corsi ufficialmente autorizzati dalle associazioni di categoria per la formazione di professionisti italiani.<\/span><\/p>\n<p style=\"text-align: justify;\"><strong><span style=\"font-family: trebuchet ms,geneva; font-size: 22px; letter-spacing: -1px; line-height: 115%;\">Certificato di idoneit\u00e0 professionale e assistenza del Sindacato S.I.N.A.P.E. &#8211; C.I.S.L. sia per chi inizia l&#8217;attivit\u00e0 e sia per chi \u00e8 gi\u00e0 operatore e desidera ampliare il suo campo di competenza.<\/span><\/strong><\/p>\n<p style=\"text-align: center;\"><img decoding=\"async\" class=\"aligncenter wp-image-1014\" src=\"https:\/\/www.neurolinguistic.com\/blog\/wp-content\/uploads\/wellness2.jpg\" alt=\"wellness\" \/><\/p>\n<p style=\"text-align: justify;\"><span style=\"font-family: trebuchet ms,geneva; font-size: 32px; letter-spacing: -2px; line-height: 115%;\">Scopri anche come sfruttare tutti i vantaggi, le opportunit\u00e0 e le agevolazioni offerte dalle nuove leggi nel campo del Benessere, PNL, Ipnosi e Business. Sia in Italia che all&#8217;estero.<\/span><\/p>\n<p>Il Master in PNL, Ipnosi e Coaching\u00a0\u00e8 attualmente la certificazione di livello\u00a0pi\u00f9 alto ottenibile nel settore olistico.\u00a0<strong>E, tra le altre cose, \u00e8 la pi\u00f9 versatile \u00a0per la conquista del mondo del lavoro\u00a0e il dominio dei mercati.<\/strong><\/p>\n<p>Non per niente la legislazione e il \u00a0sindacato S.I.N.A.P.E. &#8211; C.I.S.L.\u00a0mettono a disposizione una serie di strumenti di supporto e incoraggiamento per coloro che \u00a0scelgono di godere di tutti i vantaggi \u00a0offerti da queste nuove professioni.<\/p>\n<p><strong>Le sue applicazioni sono a dir poco immense e in costante crescita:<\/strong><\/p>\n<ul class=\"flexlist greencheck3\">\n<li>Avviamento di attivit\u00e0 di successo.<\/li>\n<li>Potenziamento ed espansione di business gi\u00e0 esistenti.<\/li>\n<li>Consulenza professionale a piccole, medie e grandi imprese.<\/li>\n<li>Supporto per i singoli nei campi imprenditoriale, sportivo, artistico e relazionale.<\/li>\n<li>Aiuto a professionisti e imprese che hanno difficolt\u00e0 ad adeguarsi ai nuovi assetti del mercato.<\/li>\n<li>Potenziamento delle risorse psicofisiche per il raggiungimento di obiettivi e il superamento di difficolt\u00e0 personali.<\/li>\n<\/ul>\n<p style=\"text-align: justify;\"><strong>Compila il modulo qui sotto per richiede un contatto telefonico con la segreteria ISI-CNV sui Master Annuali di PNL e Ipnosi. <span style=\"color: #ff0000;\">Contattateci se sinceramente interessati.<\/span> Abbiamo moltissime richieste ma rispondiamo a tutti entro pochi giorni.<\/strong><\/p>\n<p style=\"text-align: center;\"><img decoding=\"async\" class=\"aligncenter\" src=\"https:\/\/www.neurolinguistic.com\/blog\/wp-content\/themes\/flexsqueeze150\/images\/da_blue2.png\" alt=\"\" \/><\/p>\n<div class=\"yellowbox aligncenter\" style=\"width: 500px; border-width: 3px; border-style: dashed;\">\n<p style=\"text-align: left;\"><span style=\"font-family: trebuchet ms,geneva; font-size: 22px; letter-spacing: -1px; line-height: 115%;\">S\u00ec grazie voglio essere contattato\/a dalla vs. segreteria per conoscere <strong>modalit\u00e0, quote di iscrizione, sedi e borse di studio\u00a0<\/strong>per accedere ai Master.<br \/>\n<\/span><\/p>\n\n<div class=\"wpcf7 no-js\" id=\"wpcf7-f1241-o1\" lang=\"it-IT\" dir=\"ltr\" data-wpcf7-id=\"1241\">\n<div class=\"screen-reader-response\"><p role=\"status\" aria-live=\"polite\" aria-atomic=\"true\"><\/p> <ul><\/ul><\/div>\n<form action=\"\/blog\/wp-json\/wp\/v2\/pages\/573#wpcf7-f1241-o1\" method=\"post\" class=\"wpcf7-form init\" aria-label=\"Modulo di contatto\" novalidate=\"novalidate\" data-status=\"init\">\n<fieldset class=\"hidden-fields-container\"><input type=\"hidden\" name=\"_wpcf7\" value=\"1241\" \/><input type=\"hidden\" name=\"_wpcf7_version\" value=\"6.1.5\" \/><input type=\"hidden\" name=\"_wpcf7_locale\" value=\"it_IT\" \/><input type=\"hidden\" name=\"_wpcf7_unit_tag\" value=\"wpcf7-f1241-o1\" \/><input type=\"hidden\" name=\"_wpcf7_container_post\" value=\"0\" \/><input type=\"hidden\" name=\"_wpcf7_posted_data_hash\" value=\"\" \/><input type=\"hidden\" name=\"_wpcf7dtx_version\" value=\"5.0.5\" \/>\n<\/fieldset>\n<p>Il Tuo Nome (richiesto)\n<\/p>\n<p><span class=\"wpcf7-form-control-wrap\" data-name=\"your-name\"><input size=\"40\" maxlength=\"400\" class=\"wpcf7-form-control wpcf7-text wpcf7-validates-as-required\" aria-required=\"true\" aria-invalid=\"false\" value=\"\" type=\"text\" name=\"your-name\" \/><\/span>\n<\/p>\n<p>La Tua Email (richiesto)\n<\/p>\n<p><span class=\"wpcf7-form-control-wrap\" data-name=\"your-email\"><input size=\"40\" maxlength=\"400\" class=\"wpcf7-form-control wpcf7-email wpcf7-validates-as-required wpcf7-text wpcf7-validates-as-email\" aria-required=\"true\" aria-invalid=\"false\" value=\"\" type=\"email\" name=\"your-email\" \/><\/span>\n<\/p>\n<p>Telefono (richiesto)\n<\/p>\n<p><span class=\"wpcf7-form-control-wrap\" data-name=\"telefono\"><input size=\"40\" maxlength=\"400\" class=\"wpcf7-form-control wpcf7-text wpcf7-validates-as-required\" aria-required=\"true\" aria-invalid=\"false\" value=\"\" type=\"text\" name=\"telefono\" \/><\/span>\n<\/p>\n<p>Citt\u00e0\n<\/p>\n<p><span class=\"wpcf7-form-control-wrap\" data-name=\"cit\"><input size=\"40\" maxlength=\"400\" class=\"wpcf7-form-control wpcf7-text\" aria-invalid=\"false\" value=\"\" type=\"text\" name=\"cit\" \/><\/span>\n<\/p>\n<p>Professione (richiesto)\n<\/p>\n<p><span class=\"wpcf7-form-control-wrap\" data-name=\"professione\"><input size=\"40\" maxlength=\"400\" class=\"wpcf7-form-control wpcf7-text wpcf7-validates-as-required\" aria-required=\"true\" aria-invalid=\"false\" value=\"\" type=\"text\" name=\"professione\" \/><\/span>\n<\/p>\n<p>Data di nascita\n<\/p>\n<p><span class=\"wpcf7-form-control-wrap\" data-name=\"nascita\"><input size=\"40\" maxlength=\"400\" class=\"wpcf7-form-control wpcf7-text\" aria-invalid=\"false\" value=\"\" type=\"text\" name=\"nascita\" \/><\/span>\n<\/p>\n<div style=\"width:345px;\">\n\t<div style=\"float:left; width:193px; padding-right:7px; font-size:13px;\">\n\t\t<p>Hai gi\u00e0 partecipato a corsi di formazione in questo settore?\n\t\t<\/p>\n\t\t<p><span class=\"wpcf7-form-control-wrap\" data-name=\"esperienze\"><span class=\"wpcf7-form-control wpcf7-radio\"><span class=\"wpcf7-list-item first\"><input type=\"radio\" name=\"esperienze\" value=\"S\u00ec\" \/><span class=\"wpcf7-list-item-label\">S\u00ec<\/span><\/span><span class=\"wpcf7-list-item last\"><input type=\"radio\" name=\"esperienze\" value=\"No\" \/><span class=\"wpcf7-list-item-label\">No<\/span><\/span><\/span><\/span>\n\t\t<\/p>\n\t<\/div>\n\t<div style=\"float:right; width:135px; padding-left:7px; border-left:1px solid; height:75px;\">\n\t\t<p>Scegli una sede (richiesto)\n\t\t<\/p>\n\t\t<p><span class=\"wpcf7-form-control-wrap\" data-name=\"sede\"><select class=\"wpcf7-form-control wpcf7-select wpcf7-validates-as-required\" aria-required=\"true\" aria-invalid=\"false\" name=\"sede\"><option value=\"\">&#8212;Seleziona un&#039;opzione&#8212;<\/option><option value=\"Milano\">Milano<\/option><option value=\"Roma\">Roma<\/option><option value=\"Nizza\">Nizza<\/option><\/select><\/span>\n\t\t<\/p>\n\t<\/div>\n<\/div>\n<div style=\"clear:both;\">\n<\/div>\n<p>Motivazioni per cui vuoi partecipare alle nostre iniziative (richiesto):\n<\/p>\n<p><span class=\"wpcf7-form-control-wrap\" data-name=\"motivazioni\"><select class=\"wpcf7-form-control wpcf7-select wpcf7-validates-as-required\" aria-required=\"true\" aria-invalid=\"false\" name=\"motivazioni\"><option value=\"\">&#8212;Seleziona un&#039;opzione&#8212;<\/option><option value=\"Riconversione completa della propria attivit\u00e0 lavorativa\">Riconversione completa della propria attivit\u00e0 lavorativa<\/option><option value=\"Nuovo lavoro\">Nuovo lavoro<\/option><option value=\"Aggiunta di nuove abilit\u00e0\">Aggiunta di nuove abilit\u00e0<\/option><option value=\"Approfondimento professionale\">Approfondimento professionale<\/option><option value=\"Approfondimento personale \/ crescita interiore\">Approfondimento personale \/ crescita interiore<\/option><option value=\"Cultore della materia\">Cultore della materia<\/option><option value=\"Curiosit\u00e0\">Curiosit\u00e0<\/option><option value=\"Altro (specifica nel campo sottostante)\">Altro (specifica nel campo sottostante)<\/option><\/select><\/span>\n<\/p>\n<p>Esperienze precedenti \/ ulteriori motivazioni:\n<\/p>\n<p><span class=\"wpcf7-form-control-wrap\" data-name=\"your-message\"><textarea cols=\"40\" rows=\"10\" maxlength=\"2000\" class=\"wpcf7-form-control wpcf7-textarea\" aria-invalid=\"false\" name=\"your-message\"><\/textarea><\/span>\n<\/p>\n<p>Note:<br \/>\n<span class=\"wpcf7-form-control-wrap\" data-name=\"note\"><textarea cols=\"40\" rows=\"10\" maxlength=\"2000\" class=\"wpcf7-form-control wpcf7-textarea\" aria-invalid=\"false\" name=\"note\"><\/textarea><\/span><br \/>\n(compila questo campo e sarai contattato in maniera PRIORITARIA)\n<\/p>\n<div style=\"display:none; margin-bottom:0px;\">\n\t<p>[AFCF_BB getvar=\"q\"]<span class=\"wpcf7-form-control-wrap\" data-name=\"referer\"><input size=\"40\" maxlength=\"400\" class=\"wpcf7-form-control wpcf7-text\" aria-invalid=\"false\" value=\"\" type=\"text\" name=\"referer\" \/><\/span>[\/AFCF_BB]<br \/>\n<span class=\"wpcf7-form-control-wrap\" data-name=\"referer-page\"><input size=\"40\" maxlength=\"400\" class=\"wpcf7-form-control wpcf7-text referer-page\" aria-invalid=\"false\" value=\"\" type=\"text\" name=\"referer-page\" \/><\/span><br \/>\n\t<span class=\"wpcf7-form-control-wrap geoloc\" data-name=\"geoloc\"><input type=\"hidden\" name=\"geoloc\" class=\"wpcf7-form-control wpcf7-hidden wpcf7dtx wpcf7dtx-hidden\" aria-invalid=\"false\" value=\"geoloc\"><\/span>\n\t<\/p>\n<\/div>\n<p><input class=\"wpcf7-form-control wpcf7-submit has-spinner\" type=\"submit\" value=\"Invia richiesta!\" \/>\n<\/p><div class=\"wpcf7-response-output\" aria-hidden=\"true\"><\/div>\n<\/form>\n<\/div>\n\n<\/div>\n<p style=\"text-align: justify;\"><span style=\"font-family: trebuchet ms,geneva; font-size: 22px; letter-spacing: -1px; line-height: 115%;\"><a href=\"https:\/\/www.neurolinguistic.com\/blog\/wp-content\/uploads\/legge14-01-2013.zip\" target=\"_blank\"><strong>CLICCA QUI<\/strong><\/a> per scaricare il testo completo della Legge\u00a014 gennaio 2013, n. 4 sulle disposizioni in materia di professioni non organizzate. (Pag. 1 Gazzetta Ufficiale del 26 Gennaio 2013).<br \/>\n<\/span><\/p>\n<p style=\"text-align: center;\"><img loading=\"lazy\" decoding=\"async\" class=\"aligncenter wp-image-1010\" src=\"https:\/\/www.neurolinguistic.com\/blog\/wp-content\/uploads\/gazzetta-ufficiale.png\" alt=\"gazzetta-ufficiale\" width=\"555\" height=\"155\" \/><\/p>\n<p style=\"border-bottom-width: 1px; border-bottom-style: solid; border-bottom-color: #dddddd; border-top-width: 1px; border-top-style: solid; border-top-color: #dddddd; padding-bottom: 8px; margin: 20px 0px; text-align: center;\"><span style=\"font-family: tahoma,arial,helvetica,sans-serif; font-size: 32px; letter-spacing: -1px; line-height: 115%; font-weight: bold; color: #444;\">Certificazioni conseguibili<\/span><\/p>\n<ul class=\"greencheckbox\" style=\"font-size: 18px;\">\n<li><strong>Basic Hypnotist<\/strong><\/li>\n<li><strong>Advanced Hypnotherapist<\/strong><\/li>\n<li><strong>Mental Coach<\/strong><\/li>\n<li><strong>Master Mental Coach<\/strong><\/li>\n<li><strong>Business Coach<\/strong><\/li>\n<li><strong>Master Business Coach<\/strong><\/li>\n<\/ul>\n<p style=\"text-align: center;\"><img decoding=\"async\" class=\"aligncenter\" style=\"width: 100%;\" src=\"https:\/\/www.neurolinguistic.com\/blog\/wp-content\/themes\/flexsqueeze2\/images\/dividers\/clear-bubble.png\" alt=\"\" \/><\/p>\n<p style=\"text-align: center;\">IHI in partnership with Universit\u00e9 Europ\u00e9enne 788-790 FINCHLEY ROAD London<\/p>\n","protected":false},"excerpt":{"rendered":"<p>Master annuale in PNL, Ipnosi e Coaching. Come diventare esperti in questo settore nuovo e richiestissimo&nbsp;e iniziare una Professione entusiasmante. (Anche di portata internazionale!) Corsi ufficialmente autorizzati dalle associazioni di categoria per la formazione di professionisti italiani. Certificato di idoneit&agrave; professionale e assistenza del Sindacato S.I.N.A.P.E. &ndash; C.I.S.L. sia per chi inizia l&rsquo;attivit&agrave; e sia [&hellip;]<\/p>\n","protected":false},"author":1,"featured_media":0,"parent":0,"menu_order":0,"comment_status":"closed","ping_status":"open","template":"sptemplate-13.php","meta":{"footnotes":""},"class_list":["post-573","page","type-page","status-publish","hentry"],"yoast_head":"<!-- This site is optimized with the Yoast SEO plugin v27.2 - https:\/\/yoast.com\/product\/yoast-seo-wordpress\/ -->\n<title>Master PNL e Ipnosi &#8211; Universit\u00e9 Europ\u00e9enne - ISI-CNV<\/title>\n<meta name=\"robots\" content=\"index, follow, max-snippet:-1, max-image-preview:large, max-video-preview:-1\" \/>\n<link rel=\"canonical\" href=\"https:\/\/www.neurolinguistic.com\/blog\/master-pnl-e-ipnosi\/\" \/>\n<meta property=\"og:locale\" content=\"it_IT\" \/>\n<meta property=\"og:type\" content=\"article\" \/>\n<meta property=\"og:title\" content=\"Master PNL e Ipnosi &#8211; Universit\u00e9 Europ\u00e9enne - ISI-CNV\" \/>\n<meta property=\"og:description\" content=\"Master annuale in PNL, Ipnosi e Coaching. Come diventare esperti in questo settore nuovo e richiestissimo&nbsp;e iniziare una Professione entusiasmante. (Anche di portata internazionale!) Corsi ufficialmente autorizzati dalle associazioni di categoria per la formazione di professionisti italiani. Certificato di idoneit&agrave; professionale e assistenza del Sindacato S.I.N.A.P.E. &ndash; C.I.S.L. sia per chi inizia l&rsquo;attivit&agrave; e sia [&hellip;]\" \/>\n<meta property=\"og:url\" content=\"https:\/\/www.neurolinguistic.com\/blog\/master-pnl-e-ipnosi\/\" \/>\n<meta property=\"og:site_name\" content=\"Universit\u00e9 Europ\u00e9enne - ISI-CNV\" \/>\n<meta property=\"article:publisher\" content=\"https:\/\/www.facebook.com\/ipnositecniche\" \/>\n<meta property=\"article:modified_time\" content=\"2016-09-26T14:07:50+00:00\" \/>\n<meta property=\"og:image\" content=\"https:\/\/www.neurolinguistic.com\/blog\/wp-content\/uploads\/wellness2.jpg\" \/>\n<meta name=\"twitter:card\" content=\"summary_large_image\" \/>\n<meta name=\"twitter:label1\" content=\"Tempo di lettura stimato\" \/>\n\t<meta name=\"twitter:data1\" content=\"2 minuti\" \/>\n<script type=\"application\/ld+json\" class=\"yoast-schema-graph\">{\"@context\":\"https:\/\/schema.org\",\"@graph\":[{\"@type\":\"WebPage\",\"@id\":\"https:\/\/www.neurolinguistic.com\/blog\/master-pnl-e-ipnosi\/\",\"url\":\"https:\/\/www.neurolinguistic.com\/blog\/master-pnl-e-ipnosi\/\",\"name\":\"Master PNL e Ipnosi &#8211; Universit\u00e9 Europ\u00e9enne - ISI-CNV\",\"isPartOf\":{\"@id\":\"https:\/\/www.neurolinguistic.com\/blog\/#website\"},\"primaryImageOfPage\":{\"@id\":\"https:\/\/www.neurolinguistic.com\/blog\/master-pnl-e-ipnosi\/#primaryimage\"},\"image\":{\"@id\":\"https:\/\/www.neurolinguistic.com\/blog\/master-pnl-e-ipnosi\/#primaryimage\"},\"thumbnailUrl\":\"https:\/\/www.neurolinguistic.com\/blog\/wp-content\/uploads\/wellness2.jpg\",\"datePublished\":\"2014-01-20T13:24:11+00:00\",\"dateModified\":\"2016-09-26T14:07:50+00:00\",\"breadcrumb\":{\"@id\":\"https:\/\/www.neurolinguistic.com\/blog\/master-pnl-e-ipnosi\/#breadcrumb\"},\"inLanguage\":\"it-IT\",\"potentialAction\":[{\"@type\":\"ReadAction\",\"target\":[\"https:\/\/www.neurolinguistic.com\/blog\/master-pnl-e-ipnosi\/\"]}]},{\"@type\":\"ImageObject\",\"inLanguage\":\"it-IT\",\"@id\":\"https:\/\/www.neurolinguistic.com\/blog\/master-pnl-e-ipnosi\/#primaryimage\",\"url\":\"\",\"contentUrl\":\"\"},{\"@type\":\"BreadcrumbList\",\"@id\":\"https:\/\/www.neurolinguistic.com\/blog\/master-pnl-e-ipnosi\/#breadcrumb\",\"itemListElement\":[{\"@type\":\"ListItem\",\"position\":1,\"name\":\"Home\",\"item\":\"https:\/\/www.neurolinguistic.com\/blog\/\"},{\"@type\":\"ListItem\",\"position\":2,\"name\":\"Master PNL e Ipnosi\"}]},{\"@type\":\"WebSite\",\"@id\":\"https:\/\/www.neurolinguistic.com\/blog\/#website\",\"url\":\"https:\/\/www.neurolinguistic.com\/blog\/\",\"name\":\"Universit\u00e9 Europ\u00e9enne - ISI-CNV\",\"description\":\"Articoli, Lezioni Online, Omaggi, Video e molto altro\",\"potentialAction\":[{\"@type\":\"SearchAction\",\"target\":{\"@type\":\"EntryPoint\",\"urlTemplate\":\"https:\/\/www.neurolinguistic.com\/blog\/?s={search_term_string}\"},\"query-input\":{\"@type\":\"PropertyValueSpecification\",\"valueRequired\":true,\"valueName\":\"search_term_string\"}}],\"inLanguage\":\"it-IT\"}]}<\/script>\n<!-- \/ Yoast SEO plugin. -->","yoast_head_json":{"title":"Master PNL e Ipnosi &#8211; Universit\u00e9 Europ\u00e9enne - ISI-CNV","robots":{"index":"index","follow":"follow","max-snippet":"max-snippet:-1","max-image-preview":"max-image-preview:large","max-video-preview":"max-video-preview:-1"},"canonical":"https:\/\/www.neurolinguistic.com\/blog\/master-pnl-e-ipnosi\/","og_locale":"it_IT","og_type":"article","og_title":"Master PNL e Ipnosi &#8211; Universit\u00e9 Europ\u00e9enne - ISI-CNV","og_description":"Master annuale in PNL, Ipnosi e Coaching. Come diventare esperti in questo settore nuovo e richiestissimo&nbsp;e iniziare una Professione entusiasmante. (Anche di portata internazionale!) Corsi ufficialmente autorizzati dalle associazioni di categoria per la formazione di professionisti italiani. Certificato di idoneit&agrave; professionale e assistenza del Sindacato S.I.N.A.P.E. &ndash; C.I.S.L. sia per chi inizia l&rsquo;attivit&agrave; e sia [&hellip;]","og_url":"https:\/\/www.neurolinguistic.com\/blog\/master-pnl-e-ipnosi\/","og_site_name":"Universit\u00e9 Europ\u00e9enne - ISI-CNV","article_publisher":"https:\/\/www.facebook.com\/ipnositecniche","article_modified_time":"2016-09-26T14:07:50+00:00","og_image":[{"url":"https:\/\/www.neurolinguistic.com\/blog\/wp-content\/uploads\/wellness2.jpg","type":"","width":"","height":""}],"twitter_card":"summary_large_image","twitter_misc":{"Tempo di lettura stimato":"2 minuti"},"schema":{"@context":"https:\/\/schema.org","@graph":[{"@type":"WebPage","@id":"https:\/\/www.neurolinguistic.com\/blog\/master-pnl-e-ipnosi\/","url":"https:\/\/www.neurolinguistic.com\/blog\/master-pnl-e-ipnosi\/","name":"Master PNL e Ipnosi &#8211; Universit\u00e9 Europ\u00e9enne - ISI-CNV","isPartOf":{"@id":"https:\/\/www.neurolinguistic.com\/blog\/#website"},"primaryImageOfPage":{"@id":"https:\/\/www.neurolinguistic.com\/blog\/master-pnl-e-ipnosi\/#primaryimage"},"image":{"@id":"https:\/\/www.neurolinguistic.com\/blog\/master-pnl-e-ipnosi\/#primaryimage"},"thumbnailUrl":"https:\/\/www.neurolinguistic.com\/blog\/wp-content\/uploads\/wellness2.jpg","datePublished":"2014-01-20T13:24:11+00:00","dateModified":"2016-09-26T14:07:50+00:00","breadcrumb":{"@id":"https:\/\/www.neurolinguistic.com\/blog\/master-pnl-e-ipnosi\/#breadcrumb"},"inLanguage":"it-IT","potentialAction":[{"@type":"ReadAction","target":["https:\/\/www.neurolinguistic.com\/blog\/master-pnl-e-ipnosi\/"]}]},{"@type":"ImageObject","inLanguage":"it-IT","@id":"https:\/\/www.neurolinguistic.com\/blog\/master-pnl-e-ipnosi\/#primaryimage","url":"","contentUrl":""},{"@type":"BreadcrumbList","@id":"https:\/\/www.neurolinguistic.com\/blog\/master-pnl-e-ipnosi\/#breadcrumb","itemListElement":[{"@type":"ListItem","position":1,"name":"Home","item":"https:\/\/www.neurolinguistic.com\/blog\/"},{"@type":"ListItem","position":2,"name":"Master PNL e Ipnosi"}]},{"@type":"WebSite","@id":"https:\/\/www.neurolinguistic.com\/blog\/#website","url":"https:\/\/www.neurolinguistic.com\/blog\/","name":"Universit\u00e9 Europ\u00e9enne - ISI-CNV","description":"Articoli, Lezioni Online, Omaggi, Video e molto altro","potentialAction":[{"@type":"SearchAction","target":{"@type":"EntryPoint","urlTemplate":"https:\/\/www.neurolinguistic.com\/blog\/?s={search_term_string}"},"query-input":{"@type":"PropertyValueSpecification","valueRequired":true,"valueName":"search_term_string"}}],"inLanguage":"it-IT"}]}},"_links":{"self":[{"href":"https:\/\/www.neurolinguistic.com\/blog\/wp-json\/wp\/v2\/pages\/573","targetHints":{"allow":["GET"]}}],"collection":[{"href":"https:\/\/www.neurolinguistic.com\/blog\/wp-json\/wp\/v2\/pages"}],"about":[{"href":"https:\/\/www.neurolinguistic.com\/blog\/wp-json\/wp\/v2\/types\/page"}],"author":[{"embeddable":true,"href":"https:\/\/www.neurolinguistic.com\/blog\/wp-json\/wp\/v2\/users\/1"}],"replies":[{"embeddable":true,"href":"https:\/\/www.neurolinguistic.com\/blog\/wp-json\/wp\/v2\/comments?post=573"}],"version-history":[{"count":1,"href":"https:\/\/www.neurolinguistic.com\/blog\/wp-json\/wp\/v2\/pages\/573\/revisions"}],"predecessor-version":[{"id":1542,"href":"https:\/\/www.neurolinguistic.com\/blog\/wp-json\/wp\/v2\/pages\/573\/revisions\/1542"}],"wp:attachment":[{"href":"https:\/\/www.neurolinguistic.com\/blog\/wp-json\/wp\/v2\/media?parent=573"}],"curies":[{"name":"wp","href":"https:\/\/api.w.org\/{rel}","templated":true}]}}