{"id":2358,"date":"2018-09-06T09:28:07","date_gmt":"2018-09-06T07:28:07","guid":{"rendered":"https:\/\/www.neurolinguistic.com\/blog\/?page_id=2358"},"modified":"2018-09-06T11:08:37","modified_gmt":"2018-09-06T09:08:37","slug":"master-annuale-2018-la-tua-opportunita","status":"publish","type":"page","link":"https:\/\/www.neurolinguistic.com\/blog\/master-annuale-2018-la-tua-opportunita\/","title":{"rendered":"Master Annuale 2018&#8230; La tua opportunit\u00e0"},"content":{"rendered":"<p><a href=\"\" target=\"_blank\"><br \/>\n\t\t\t\t\tFacebook<br \/>\n\t\t\t\t<\/a><br \/>\n\t\t\t\t\t\t\t<a href=\"\" target=\"_blank\"><br \/>\n\t\t\t\t\tTwitter<br \/>\n\t\t\t\t<\/a><br \/>\n\t\t\t\t\t\t\t<a href=\"\" target=\"_blank\"><br \/>\n\t\t\t\t\tGoogle-plus<br \/>\n\t\t\t\t<\/a><br \/>\n\t\t\t\t\t\t\t<a href=\"\" target=\"_blank\"><br \/>\n\t\t\t\t\tWhatsapp<br \/>\n\t\t\t\t<\/a><br \/>\n\t\t\t\t\t\t\t<a href=\"\" target=\"_blank\"><br \/>\n\t\t\t\t\tLinkedin<br \/>\n\t\t\t\t<\/a><\/p>\n<h2>Master Annuale 2018&#8230; La tua opportunit\u00e0<\/h2>\n<p>\t\tIl nostro percorso formativo dedicato al Master Annuale \u00e8 disponibile:\u00a0<strong>Roma\u00a022\/09\/2018 &#8211; 23\/09\/2018<\/strong><strong>\u00a0<\/strong><strong>Milano\u00a029\/09\/2018 &#8211; 30\/09\/2018<\/strong>\u00a0I Corsi sono frequentabili anche separatamente.\u00a0Per te che da tempo cerchi una scuola di alta qualit\u00e0 e prestigio il Dr. Paret ti sveler\u00e0 tutti i segreti per un&#8217;eccellente preparazione sull&#8217;Ipnosi e sulla nostra PNL3.\u00a0Inizier\u00e0 il percorso Master Annuale con il primo step dedicato all&#8217; Essential Hypnosis, in cui potrai essere tu il protagonista.\u00a0Ti presentiamo il video dedicato all&#8217;Ipnosi Rapida e i segreti della Fascinazione:<\/p>\n<p><iframe loading=\"lazy\" title=\"Ipnosi rapida shock solo con lo sguardo e la stretta di mano\" width=\"500\" height=\"281\" src=\"https:\/\/www.youtube.com\/embed\/yxIz3PtImzA?feature=oembed\" frameborder=\"0\" allow=\"accelerometer; autoplay; clipboard-write; encrypted-media; gyroscope; picture-in-picture; web-share\" referrerpolicy=\"strict-origin-when-cross-origin\" allowfullscreen><\/iframe><\/p>\n<p>Il Nostro metodo di studio prevede un numero chiuso di partecipanti, nel quale l&#8217;allievo viene stimolato alla continua partecipazione con esercizi in classe.<\/p>\n<p>Contattaci e risponderemo ai tuoi quesiti informazionicorsi@gmail.com<\/p>\n<p><a href=\"https:\/\/www.facebook.com\/ipnositecniche\/?fb_dtsg_ag=Adzmlgf58lGRhKY-2J-uwbo9cYv5LmSLj7AR0DTRz5DWGg%3AAdwsNcj1V0BZZBwcPzGhbX3odn-Z3l0cbluWdoYsF76D9Q\">Facebook: <strong>Ipnosi tecniche<\/strong><\/a><\/p>\n<p>Impara<br \/>\nqueste e tantissime altre tecniche ai nostri<br \/>\nCorsi e Master.\u00a0Per chi si iscrive ora:<br \/>\nin omaggio una sessione individuale<br \/>\npersonalizzata con uno dei nostri<br \/>\ndocenti.<\/p>\n<p>Compila il seguente modulo.<br \/>\nIl nostro Tutor Ti contatter\u00e0 al pi\u00f9 presto.<br \/>\nRiceverai subito in regalo un e-book sul<br \/>\nMesmerismo<\/p>\n<p><img \nsrc=\"https:\/\/www.neurolinguistic.com\/blog\/wp-\ncontent\/themes\/flexsqueeze2\/images\/da_blue2.png\" \nalt=\"\" \/>[su_panel background=&#8221;#fffac9&#8243;<br \/>\nborder=&#8221;3px dashed #1c8a38&#8243;]\n<div class=\"wpcf7 no-js\" id=\"wpcf7-f1237-o1\" lang=\"it-IT\" dir=\"ltr\" data-wpcf7-id=\"1237\">\n<div class=\"screen-reader-response\"><p role=\"status\" aria-live=\"polite\" aria-atomic=\"true\"><\/p> <ul><\/ul><\/div>\n<form action=\"\/blog\/wp-json\/wp\/v2\/pages\/2358#wpcf7-f1237-o1\" method=\"post\" class=\"wpcf7-form init\" aria-label=\"Modulo di contatto\" novalidate=\"novalidate\" data-status=\"init\">\n<fieldset class=\"hidden-fields-container\"><input type=\"hidden\" name=\"_wpcf7\" value=\"1237\" \/><input type=\"hidden\" name=\"_wpcf7_version\" value=\"6.1.5\" \/><input type=\"hidden\" name=\"_wpcf7_locale\" value=\"it_IT\" \/><input type=\"hidden\" name=\"_wpcf7_unit_tag\" value=\"wpcf7-f1237-o1\" \/><input type=\"hidden\" name=\"_wpcf7_container_post\" value=\"0\" \/><input type=\"hidden\" name=\"_wpcf7_posted_data_hash\" value=\"\" \/><input type=\"hidden\" name=\"_wpcf7dtx_version\" value=\"5.0.5\" \/>\n<\/fieldset>\n<p>Il Tuo Nome (richiesto)\n<\/p>\n<p><span class=\"wpcf7-form-control-wrap\" data-name=\"your-name\"><input size=\"40\" maxlength=\"400\" class=\"wpcf7-form-control wpcf7-text wpcf7-validates-as-required\" aria-required=\"true\" aria-invalid=\"false\" value=\"\" type=\"text\" name=\"your-name\" \/><\/span>\n<\/p>\n<p>La Tua Email (richiesto)\n<\/p>\n<p><span class=\"wpcf7-form-control-wrap\" data-name=\"your-email\"><input size=\"40\" maxlength=\"400\" class=\"wpcf7-form-control wpcf7-email wpcf7-validates-as-required wpcf7-text wpcf7-validates-as-email\" aria-required=\"true\" aria-invalid=\"false\" value=\"\" type=\"email\" name=\"your-email\" \/><\/span>\n<\/p>\n<p>Telefono (richiesto)\n<\/p>\n<p><span class=\"wpcf7-form-control-wrap\" data-name=\"telefono\"><input size=\"40\" maxlength=\"400\" class=\"wpcf7-form-control wpcf7-text wpcf7-validates-as-required\" aria-required=\"true\" aria-invalid=\"false\" value=\"\" type=\"text\" name=\"telefono\" \/><\/span>\n<\/p>\n<p>Citt\u00e0\n<\/p>\n<p><span class=\"wpcf7-form-control-wrap\" data-name=\"cit\"><input size=\"40\" maxlength=\"400\" class=\"wpcf7-form-control wpcf7-text\" aria-invalid=\"false\" value=\"\" type=\"text\" name=\"cit\" \/><\/span>\n<\/p>\n<p>Professione (richiesto)\n<\/p>\n<p><span class=\"wpcf7-form-control-wrap\" data-name=\"professione\"><input size=\"40\" maxlength=\"400\" class=\"wpcf7-form-control wpcf7-text wpcf7-validates-as-required\" aria-required=\"true\" aria-invalid=\"false\" value=\"\" type=\"text\" name=\"professione\" \/><\/span>\n<\/p>\n<p>Data di nascita\n<\/p>\n<p><span class=\"wpcf7-form-control-wrap\" data-name=\"nascita\"><input size=\"40\" maxlength=\"400\" class=\"wpcf7-form-control wpcf7-text\" aria-invalid=\"false\" value=\"\" type=\"text\" name=\"nascita\" \/><\/span>\n<\/p>\n<div style=\"width:345px;\">\n\t<div style=\"float:left; width:193px; padding-right:7px; font-size:13px;\">\n\t\t<p>Hai gi\u00e0 partecipato a corsi di formazione in questo settore?\n\t\t<\/p>\n\t\t<p><span class=\"wpcf7-form-control-wrap\" data-name=\"esperienze\"><span class=\"wpcf7-form-control wpcf7-radio\"><span class=\"wpcf7-list-item first\"><input type=\"radio\" name=\"esperienze\" value=\"S\u00ec\" \/><span class=\"wpcf7-list-item-label\">S\u00ec<\/span><\/span><span class=\"wpcf7-list-item last\"><input type=\"radio\" name=\"esperienze\" value=\"No\" \/><span class=\"wpcf7-list-item-label\">No<\/span><\/span><\/span><\/span>\n\t\t<\/p>\n\t<\/div>\n\t<div style=\"float:right; width:135px; padding-left:7px; border-left:1px solid; height:75px;\">\n\t\t<p>Scegli una sede (richiesto)\n\t\t<\/p>\n\t\t<p><span class=\"wpcf7-form-control-wrap\" data-name=\"sede\"><select class=\"wpcf7-form-control wpcf7-select wpcf7-validates-as-required\" aria-required=\"true\" aria-invalid=\"false\" name=\"sede\"><option value=\"Milano\">Milano<\/option><option value=\"Roma\">Roma<\/option><\/select><\/span>\n\t\t<\/p>\n\t<\/div>\n<\/div>\n<div style=\"clear:both;\">\n<\/div>\n<p>Motivazioni per cui vuoi partecipare alle nostre iniziative (richiesto):\n<\/p>\n<p><span class=\"wpcf7-form-control-wrap\" data-name=\"motivazioni\"><select class=\"wpcf7-form-control wpcf7-select wpcf7-validates-as-required\" aria-required=\"true\" aria-invalid=\"false\" name=\"motivazioni\"><option value=\"\">&#8212;Seleziona un&#039;opzione&#8212;<\/option><option value=\"Riconversione completa della propria attivit\u00e0 lavorativa\">Riconversione completa della propria attivit\u00e0 lavorativa<\/option><option value=\"Nuovo lavoro\">Nuovo lavoro<\/option><option value=\"Aggiunta di nuove abilit\u00e0\">Aggiunta di nuove abilit\u00e0<\/option><option value=\"Approfondimento professionale\">Approfondimento professionale<\/option><option value=\"Approfondimento personale \/ crescita interiore\">Approfondimento personale \/ crescita interiore<\/option><option value=\"Cultore della materia\">Cultore della materia<\/option><option value=\"Curiosit\u00e0\">Curiosit\u00e0<\/option><option value=\"Altro (specifica nel campo sottostante)\">Altro (specifica nel campo sottostante)<\/option><\/select><\/span>\n<\/p>\n<p>Esperienze precedenti \/ ulteriori motivazioni:\n<\/p>\n<p><span class=\"wpcf7-form-control-wrap\" data-name=\"your-message\"><textarea cols=\"40\" rows=\"10\" maxlength=\"2000\" class=\"wpcf7-form-control wpcf7-textarea\" aria-invalid=\"false\" name=\"your-message\"><\/textarea><\/span>\n<\/p>\n<p>Note: (compila questo campo e sarai contattato in maniera PRIORITARIA)<br \/>\n<span class=\"wpcf7-form-control-wrap\" data-name=\"note\"><textarea cols=\"40\" rows=\"10\" maxlength=\"2000\" class=\"wpcf7-form-control wpcf7-textarea\" aria-invalid=\"false\" name=\"note\"><\/textarea><\/span>\n<\/p>\n<div style=\"display:none; margin-bottom:0px;\">\n\t<p>[AFCF_BB getvar=\"q\"]<span class=\"wpcf7-form-control-wrap\" data-name=\"referer\"><input size=\"40\" maxlength=\"400\" class=\"wpcf7-form-control wpcf7-text\" aria-invalid=\"false\" value=\"\" type=\"text\" name=\"referer\" \/><\/span>[\/AFCF_BB]<br \/>\n<span class=\"wpcf7-form-control-wrap\" data-name=\"referer-page\"><input size=\"40\" maxlength=\"400\" class=\"wpcf7-form-control wpcf7-text referer-page\" aria-invalid=\"false\" value=\"\" type=\"text\" name=\"referer-page\" \/><\/span><br \/>\n\t<span class=\"wpcf7-form-control-wrap geoloc\" data-name=\"geoloc\"><input type=\"hidden\" name=\"geoloc\" class=\"wpcf7-form-control wpcf7-hidden wpcf7dtx wpcf7dtx-hidden\" aria-invalid=\"false\" value=\"geoloc\"><\/span>\n\t<\/p>\n<\/div>\n<p><input class=\"wpcf7-form-control wpcf7-submit has-spinner\" type=\"submit\" value=\"Invia richiesta!\" \/>\n<\/p><div class=\"wpcf7-response-output\" aria-hidden=\"true\"><\/div>\n<\/form>\n<\/div>\n[\/su_panel]<\/p>\n<p style=\"text-align: center;\"><img \nclass=\"aligncenter\" style=\"width: 100%;\" \nsrc=\"https:\/\/www.neurolinguistic.com\/blog\/wp-\ncontent\/themes\/flexsqueeze2\/images\/dividers\/clea\nr-bubble.png\" alt=\"\" \/><\/p>\n<p style=\"text-align: center;\">IHI in<br \/>\npartnership with Universit\u00e9 Europ\u00e9enne 788-790<br \/>\nFINCHLEY ROAD London<\/p>\n<p>\t\t\t\t\t\t\t<a href=\"\" target=\"_blank\"><br \/>\n\t\t\t\t\tFacebook<br \/>\n\t\t\t\t<\/a><br \/>\n\t\t\t\t\t\t\t<a href=\"\" target=\"_blank\"><br \/>\n\t\t\t\t\tTwitter<br \/>\n\t\t\t\t<\/a><br \/>\n\t\t\t\t\t\t\t<a href=\"\" target=\"_blank\"><br \/>\n\t\t\t\t\tGoogle-plus<br \/>\n\t\t\t\t<\/a><br \/>\n\t\t\t\t\t\t\t<a href=\"\" target=\"_blank\"><br \/>\n\t\t\t\t\tWhatsapp<br \/>\n\t\t\t\t<\/a><br \/>\n\t\t\t\t\t\t\t<a href=\"\" target=\"_blank\"><br \/>\n\t\t\t\t\tLinkedin<br \/>\n\t\t\t\t<\/a><\/p>\n","protected":false},"excerpt":{"rendered":"<p>Facebook Twitter Google-plus Whatsapp Linkedin Master Annuale 2018&hellip; La tua opportunit&agrave; Il nostro percorso formativo dedicato al Master Annuale &egrave; disponibile:&nbsp;Roma&nbsp;22\/09\/2018 &ndash; 23\/09\/2018&nbsp;Milano&nbsp;29\/09\/2018 &ndash; 30\/09\/2018&nbsp;I Corsi sono frequentabili anche separatamente.&nbsp;Per te che da tempo cerchi una scuola di alta qualit&agrave; e prestigio il Dr. Paret ti sveler&agrave; tutti i segreti per un&rsquo;eccellente preparazione sull&rsquo;Ipnosi e [&hellip;]<\/p>\n","protected":false},"author":1,"featured_media":0,"parent":0,"menu_order":0,"comment_status":"closed","ping_status":"closed","template":"elementor_canvas","meta":{"footnotes":""},"class_list":["post-2358","page","type-page","status-publish","hentry"],"yoast_head":"<!-- This site is optimized with the Yoast SEO plugin v27.2 - https:\/\/yoast.com\/product\/yoast-seo-wordpress\/ -->\n<title>Master Annuale 2018... La tua opportunit\u00e0 &#8211; Universit\u00e9 Europ\u00e9enne - ISI-CNV<\/title>\n<meta name=\"robots\" content=\"index, follow, max-snippet:-1, max-image-preview:large, max-video-preview:-1\" \/>\n<link rel=\"canonical\" href=\"https:\/\/www.neurolinguistic.com\/blog\/master-annuale-2018-la-tua-opportunita\/\" \/>\n<meta property=\"og:locale\" content=\"it_IT\" \/>\n<meta property=\"og:type\" content=\"article\" \/>\n<meta property=\"og:title\" content=\"Master Annuale 2018... La tua opportunit\u00e0 &#8211; Universit\u00e9 Europ\u00e9enne - ISI-CNV\" \/>\n<meta property=\"og:description\" content=\"Facebook Twitter Google-plus Whatsapp Linkedin Master Annuale 2018&hellip; La tua opportunit&agrave; Il nostro percorso formativo dedicato al Master Annuale &egrave; disponibile:&nbsp;Roma&nbsp;22\/09\/2018 &ndash; 23\/09\/2018&nbsp;Milano&nbsp;29\/09\/2018 &ndash; 30\/09\/2018&nbsp;I Corsi sono frequentabili anche separatamente.&nbsp;Per te che da tempo cerchi una scuola di alta qualit&agrave; e prestigio il Dr. Paret ti sveler&agrave; tutti i segreti per un&rsquo;eccellente preparazione sull&rsquo;Ipnosi e [&hellip;]\" \/>\n<meta property=\"og:url\" content=\"https:\/\/www.neurolinguistic.com\/blog\/master-annuale-2018-la-tua-opportunita\/\" \/>\n<meta property=\"og:site_name\" content=\"Universit\u00e9 Europ\u00e9enne - ISI-CNV\" \/>\n<meta property=\"article:publisher\" content=\"https:\/\/www.facebook.com\/ipnositecniche\" \/>\n<meta property=\"article:modified_time\" content=\"2018-09-06T09:08:37+00:00\" \/>\n<meta name=\"twitter:card\" content=\"summary_large_image\" \/>\n<meta name=\"twitter:label1\" content=\"Tempo di lettura stimato\" \/>\n\t<meta name=\"twitter:data1\" content=\"1 minuto\" \/>\n<script type=\"application\/ld+json\" class=\"yoast-schema-graph\">{\"@context\":\"https:\/\/schema.org\",\"@graph\":[{\"@type\":\"WebPage\",\"@id\":\"https:\/\/www.neurolinguistic.com\/blog\/master-annuale-2018-la-tua-opportunita\/\",\"url\":\"https:\/\/www.neurolinguistic.com\/blog\/master-annuale-2018-la-tua-opportunita\/\",\"name\":\"Master Annuale 2018... La tua opportunit\u00e0 &#8211; Universit\u00e9 Europ\u00e9enne - ISI-CNV\",\"isPartOf\":{\"@id\":\"https:\/\/www.neurolinguistic.com\/blog\/#website\"},\"datePublished\":\"2018-09-06T07:28:07+00:00\",\"dateModified\":\"2018-09-06T09:08:37+00:00\",\"breadcrumb\":{\"@id\":\"https:\/\/www.neurolinguistic.com\/blog\/master-annuale-2018-la-tua-opportunita\/#breadcrumb\"},\"inLanguage\":\"it-IT\",\"potentialAction\":[{\"@type\":\"ReadAction\",\"target\":[\"https:\/\/www.neurolinguistic.com\/blog\/master-annuale-2018-la-tua-opportunita\/\"]}]},{\"@type\":\"BreadcrumbList\",\"@id\":\"https:\/\/www.neurolinguistic.com\/blog\/master-annuale-2018-la-tua-opportunita\/#breadcrumb\",\"itemListElement\":[{\"@type\":\"ListItem\",\"position\":1,\"name\":\"Home\",\"item\":\"https:\/\/www.neurolinguistic.com\/blog\/\"},{\"@type\":\"ListItem\",\"position\":2,\"name\":\"Master Annuale 2018&#8230; La tua opportunit\u00e0\"}]},{\"@type\":\"WebSite\",\"@id\":\"https:\/\/www.neurolinguistic.com\/blog\/#website\",\"url\":\"https:\/\/www.neurolinguistic.com\/blog\/\",\"name\":\"Universit\u00e9 Europ\u00e9enne - ISI-CNV\",\"description\":\"Articoli, Lezioni Online, Omaggi, Video e molto altro\",\"potentialAction\":[{\"@type\":\"SearchAction\",\"target\":{\"@type\":\"EntryPoint\",\"urlTemplate\":\"https:\/\/www.neurolinguistic.com\/blog\/?s={search_term_string}\"},\"query-input\":{\"@type\":\"PropertyValueSpecification\",\"valueRequired\":true,\"valueName\":\"search_term_string\"}}],\"inLanguage\":\"it-IT\"}]}<\/script>\n<!-- \/ Yoast SEO plugin. -->","yoast_head_json":{"title":"Master Annuale 2018... La tua opportunit\u00e0 &#8211; Universit\u00e9 Europ\u00e9enne - ISI-CNV","robots":{"index":"index","follow":"follow","max-snippet":"max-snippet:-1","max-image-preview":"max-image-preview:large","max-video-preview":"max-video-preview:-1"},"canonical":"https:\/\/www.neurolinguistic.com\/blog\/master-annuale-2018-la-tua-opportunita\/","og_locale":"it_IT","og_type":"article","og_title":"Master Annuale 2018... La tua opportunit\u00e0 &#8211; Universit\u00e9 Europ\u00e9enne - ISI-CNV","og_description":"Facebook Twitter Google-plus Whatsapp Linkedin Master Annuale 2018&hellip; La tua opportunit&agrave; Il nostro percorso formativo dedicato al Master Annuale &egrave; disponibile:&nbsp;Roma&nbsp;22\/09\/2018 &ndash; 23\/09\/2018&nbsp;Milano&nbsp;29\/09\/2018 &ndash; 30\/09\/2018&nbsp;I Corsi sono frequentabili anche separatamente.&nbsp;Per te che da tempo cerchi una scuola di alta qualit&agrave; e prestigio il Dr. Paret ti sveler&agrave; tutti i segreti per un&rsquo;eccellente preparazione sull&rsquo;Ipnosi e [&hellip;]","og_url":"https:\/\/www.neurolinguistic.com\/blog\/master-annuale-2018-la-tua-opportunita\/","og_site_name":"Universit\u00e9 Europ\u00e9enne - ISI-CNV","article_publisher":"https:\/\/www.facebook.com\/ipnositecniche","article_modified_time":"2018-09-06T09:08:37+00:00","twitter_card":"summary_large_image","twitter_misc":{"Tempo di lettura stimato":"1 minuto"},"schema":{"@context":"https:\/\/schema.org","@graph":[{"@type":"WebPage","@id":"https:\/\/www.neurolinguistic.com\/blog\/master-annuale-2018-la-tua-opportunita\/","url":"https:\/\/www.neurolinguistic.com\/blog\/master-annuale-2018-la-tua-opportunita\/","name":"Master Annuale 2018... La tua opportunit\u00e0 &#8211; Universit\u00e9 Europ\u00e9enne - ISI-CNV","isPartOf":{"@id":"https:\/\/www.neurolinguistic.com\/blog\/#website"},"datePublished":"2018-09-06T07:28:07+00:00","dateModified":"2018-09-06T09:08:37+00:00","breadcrumb":{"@id":"https:\/\/www.neurolinguistic.com\/blog\/master-annuale-2018-la-tua-opportunita\/#breadcrumb"},"inLanguage":"it-IT","potentialAction":[{"@type":"ReadAction","target":["https:\/\/www.neurolinguistic.com\/blog\/master-annuale-2018-la-tua-opportunita\/"]}]},{"@type":"BreadcrumbList","@id":"https:\/\/www.neurolinguistic.com\/blog\/master-annuale-2018-la-tua-opportunita\/#breadcrumb","itemListElement":[{"@type":"ListItem","position":1,"name":"Home","item":"https:\/\/www.neurolinguistic.com\/blog\/"},{"@type":"ListItem","position":2,"name":"Master Annuale 2018&#8230; La tua opportunit\u00e0"}]},{"@type":"WebSite","@id":"https:\/\/www.neurolinguistic.com\/blog\/#website","url":"https:\/\/www.neurolinguistic.com\/blog\/","name":"Universit\u00e9 Europ\u00e9enne - ISI-CNV","description":"Articoli, Lezioni Online, Omaggi, Video e molto altro","potentialAction":[{"@type":"SearchAction","target":{"@type":"EntryPoint","urlTemplate":"https:\/\/www.neurolinguistic.com\/blog\/?s={search_term_string}"},"query-input":{"@type":"PropertyValueSpecification","valueRequired":true,"valueName":"search_term_string"}}],"inLanguage":"it-IT"}]}},"_links":{"self":[{"href":"https:\/\/www.neurolinguistic.com\/blog\/wp-json\/wp\/v2\/pages\/2358","targetHints":{"allow":["GET"]}}],"collection":[{"href":"https:\/\/www.neurolinguistic.com\/blog\/wp-json\/wp\/v2\/pages"}],"about":[{"href":"https:\/\/www.neurolinguistic.com\/blog\/wp-json\/wp\/v2\/types\/page"}],"author":[{"embeddable":true,"href":"https:\/\/www.neurolinguistic.com\/blog\/wp-json\/wp\/v2\/users\/1"}],"replies":[{"embeddable":true,"href":"https:\/\/www.neurolinguistic.com\/blog\/wp-json\/wp\/v2\/comments?post=2358"}],"version-history":[{"count":1,"href":"https:\/\/www.neurolinguistic.com\/blog\/wp-json\/wp\/v2\/pages\/2358\/revisions"}],"predecessor-version":[{"id":2362,"href":"https:\/\/www.neurolinguistic.com\/blog\/wp-json\/wp\/v2\/pages\/2358\/revisions\/2362"}],"wp:attachment":[{"href":"https:\/\/www.neurolinguistic.com\/blog\/wp-json\/wp\/v2\/media?parent=2358"}],"curies":[{"name":"wp","href":"https:\/\/api.w.org\/{rel}","templated":true}]}}