{"id":2341,"date":"2018-07-27T10:48:01","date_gmt":"2018-07-27T08:48:01","guid":{"rendered":"https:\/\/www.neurolinguistic.com\/blog\/?page_id=2341"},"modified":"2018-07-27T11:24:25","modified_gmt":"2018-07-27T09:24:25","slug":"cours-gratuit-mesmerisme","status":"publish","type":"page","link":"https:\/\/www.neurolinguistic.com\/blog\/cours-gratuit-mesmerisme\/","title":{"rendered":"Cours Gratuit Mesmerisme"},"content":{"rendered":"<p>Anciens manuscrits pens\u00e9e perdu r\u00e9v\u00e9lent la connaissance secr\u00e8te de Mesmerismus\u00a9 \u2122! Pour vivre au plus haut niveau, contr\u00f4ler l&#8217;esprit, influencer les gens et augmenter ton charisme.<\/p>\n<p>Demande maintenant notre incroyable COURS GRATUIT EN LIGNE pour un apprentissage facile de techniques puissantes et avoir un contr\u00f4le complet sur ta vie quotidienne!<\/p>\n<form id=\"flexoptin127\" style=\"max-width: 500px;\" action=\"https:\/\/app.getresponse.com\/add_subscriber.html\" method=\"post\"><input name=\"campaign_token\" type=\"hidden\" value=\"KA\" \/><input name=\"start_day\" type=\"hidden\" value=\"0\" \/><input name=\"name\" type=\"text\" value=\"Votre Nome\" onfocus=\"if (this.value == 'Votre Nome') {this.value = '';}\" onblur=\"if (this.value == '') {this.value = 'Votre Nome';}\" style=\"width: 100%; color: #4a4a4a; background: #FFFFFF; border: 1px solid #808080; margin: 0 auto 5px auto; display: block; text-align: center;\" \/><input name=\"email\" type=\"text\" value=\"Votre Email\" onfocus=\"if (this.value == 'Votre Email') {this.value = '';}\" onblur=\"if (this.value == '') {this.value = 'Votre Email';}\" style=\"width: 100%; color: #4a4a4a; background: #FFFFFF; border: 1px solid #808080; margin: 0 auto 5px auto; display: block; text-align: center;\" \/> <input name=\"submit\" type=\"submit\" value=\"T\u00e9l\u00e9charger Maintenant\" style=\"color: #ffffff; font: normal bold 1.3em Tahoma, Helvetica, Arial; background: #9ADB00 url('https:\/\/www.neurolinguistic.com\/blog\/wp-content\/themes\/flexsqueeze2\/images\/submit- btm-dark.png') repeat-x center;\" \/><\/p>\n<p style=\"font-size: 90%; line-height: normal;\">\u00a0Ce site est contre le spam et votre vie priv\u00e9e est s\u00e9curis\u00e9e. Vous pouvez vous d\u00e9sinscrire \u00e0 tout moment avec un clic.<\/p>\n<\/form>\n","protected":false},"excerpt":{"rendered":"<p>Anciens manuscrits pens&eacute;e perdu r&eacute;v&eacute;lent la connaissance secr&egrave;te de Mesmerismus&copy; &trade;! Pour vivre au plus haut niveau, contr&ocirc;ler l&rsquo;esprit, influencer les gens et augmenter ton charisme. Demande maintenant notre incroyable COURS GRATUIT EN LIGNE pour un apprentissage facile de techniques puissantes et avoir un contr&ocirc;le complet sur ta vie quotidienne! &nbsp;Ce site est contre le [&hellip;]<\/p>\n","protected":false},"author":1,"featured_media":0,"parent":0,"menu_order":0,"comment_status":"closed","ping_status":"closed","template":"elementor_canvas","meta":{"footnotes":""},"class_list":["post-2341","page","type-page","status-publish","hentry"],"yoast_head":"<!-- This site is optimized with the Yoast SEO plugin v27.2 - https:\/\/yoast.com\/product\/yoast-seo-wordpress\/ -->\n<title>Cours Gratuit Mesmerisme &#8211; Universit\u00e9 Europ\u00e9enne - ISI-CNV<\/title>\n<meta name=\"robots\" content=\"index, follow, max-snippet:-1, max-image-preview:large, max-video-preview:-1\" \/>\n<link rel=\"canonical\" href=\"https:\/\/www.neurolinguistic.com\/blog\/cours-gratuit-mesmerisme\/\" \/>\n<meta property=\"og:locale\" content=\"it_IT\" \/>\n<meta property=\"og:type\" content=\"article\" \/>\n<meta property=\"og:title\" content=\"Cours Gratuit Mesmerisme &#8211; Universit\u00e9 Europ\u00e9enne - ISI-CNV\" \/>\n<meta property=\"og:description\" content=\"Anciens manuscrits pens&eacute;e perdu r&eacute;v&eacute;lent la connaissance secr&egrave;te de Mesmerismus&copy; &trade;! Pour vivre au plus haut niveau, contr&ocirc;ler l&rsquo;esprit, influencer les gens et augmenter ton charisme. Demande maintenant notre incroyable COURS GRATUIT EN LIGNE pour un apprentissage facile de techniques puissantes et avoir un contr&ocirc;le complet sur ta vie quotidienne! &nbsp;Ce site est contre le [&hellip;]\" \/>\n<meta property=\"og:url\" content=\"https:\/\/www.neurolinguistic.com\/blog\/cours-gratuit-mesmerisme\/\" \/>\n<meta property=\"og:site_name\" content=\"Universit\u00e9 Europ\u00e9enne - ISI-CNV\" \/>\n<meta property=\"article:publisher\" content=\"https:\/\/www.facebook.com\/ipnositecniche\" \/>\n<meta property=\"article:modified_time\" content=\"2018-07-27T09:24:25+00:00\" \/>\n<meta name=\"twitter:card\" content=\"summary_large_image\" \/>\n<script type=\"application\/ld+json\" class=\"yoast-schema-graph\">{\"@context\":\"https:\/\/schema.org\",\"@graph\":[{\"@type\":\"WebPage\",\"@id\":\"https:\/\/www.neurolinguistic.com\/blog\/cours-gratuit-mesmerisme\/\",\"url\":\"https:\/\/www.neurolinguistic.com\/blog\/cours-gratuit-mesmerisme\/\",\"name\":\"Cours Gratuit Mesmerisme &#8211; Universit\u00e9 Europ\u00e9enne - ISI-CNV\",\"isPartOf\":{\"@id\":\"https:\/\/www.neurolinguistic.com\/blog\/#website\"},\"datePublished\":\"2018-07-27T08:48:01+00:00\",\"dateModified\":\"2018-07-27T09:24:25+00:00\",\"breadcrumb\":{\"@id\":\"https:\/\/www.neurolinguistic.com\/blog\/cours-gratuit-mesmerisme\/#breadcrumb\"},\"inLanguage\":\"it-IT\",\"potentialAction\":[{\"@type\":\"ReadAction\",\"target\":[\"https:\/\/www.neurolinguistic.com\/blog\/cours-gratuit-mesmerisme\/\"]}]},{\"@type\":\"BreadcrumbList\",\"@id\":\"https:\/\/www.neurolinguistic.com\/blog\/cours-gratuit-mesmerisme\/#breadcrumb\",\"itemListElement\":[{\"@type\":\"ListItem\",\"position\":1,\"name\":\"Home\",\"item\":\"https:\/\/www.neurolinguistic.com\/blog\/\"},{\"@type\":\"ListItem\",\"position\":2,\"name\":\"Cours Gratuit Mesmerisme\"}]},{\"@type\":\"WebSite\",\"@id\":\"https:\/\/www.neurolinguistic.com\/blog\/#website\",\"url\":\"https:\/\/www.neurolinguistic.com\/blog\/\",\"name\":\"Universit\u00e9 Europ\u00e9enne - ISI-CNV\",\"description\":\"Articoli, Lezioni Online, Omaggi, Video e molto altro\",\"potentialAction\":[{\"@type\":\"SearchAction\",\"target\":{\"@type\":\"EntryPoint\",\"urlTemplate\":\"https:\/\/www.neurolinguistic.com\/blog\/?s={search_term_string}\"},\"query-input\":{\"@type\":\"PropertyValueSpecification\",\"valueRequired\":true,\"valueName\":\"search_term_string\"}}],\"inLanguage\":\"it-IT\"}]}<\/script>\n<!-- \/ Yoast SEO plugin. -->","yoast_head_json":{"title":"Cours Gratuit Mesmerisme &#8211; Universit\u00e9 Europ\u00e9enne - ISI-CNV","robots":{"index":"index","follow":"follow","max-snippet":"max-snippet:-1","max-image-preview":"max-image-preview:large","max-video-preview":"max-video-preview:-1"},"canonical":"https:\/\/www.neurolinguistic.com\/blog\/cours-gratuit-mesmerisme\/","og_locale":"it_IT","og_type":"article","og_title":"Cours Gratuit Mesmerisme &#8211; Universit\u00e9 Europ\u00e9enne - ISI-CNV","og_description":"Anciens manuscrits pens&eacute;e perdu r&eacute;v&eacute;lent la connaissance secr&egrave;te de Mesmerismus&copy; &trade;! Pour vivre au plus haut niveau, contr&ocirc;ler l&rsquo;esprit, influencer les gens et augmenter ton charisme. Demande maintenant notre incroyable COURS GRATUIT EN LIGNE pour un apprentissage facile de techniques puissantes et avoir un contr&ocirc;le complet sur ta vie quotidienne! &nbsp;Ce site est contre le [&hellip;]","og_url":"https:\/\/www.neurolinguistic.com\/blog\/cours-gratuit-mesmerisme\/","og_site_name":"Universit\u00e9 Europ\u00e9enne - ISI-CNV","article_publisher":"https:\/\/www.facebook.com\/ipnositecniche","article_modified_time":"2018-07-27T09:24:25+00:00","twitter_card":"summary_large_image","schema":{"@context":"https:\/\/schema.org","@graph":[{"@type":"WebPage","@id":"https:\/\/www.neurolinguistic.com\/blog\/cours-gratuit-mesmerisme\/","url":"https:\/\/www.neurolinguistic.com\/blog\/cours-gratuit-mesmerisme\/","name":"Cours Gratuit Mesmerisme &#8211; Universit\u00e9 Europ\u00e9enne - ISI-CNV","isPartOf":{"@id":"https:\/\/www.neurolinguistic.com\/blog\/#website"},"datePublished":"2018-07-27T08:48:01+00:00","dateModified":"2018-07-27T09:24:25+00:00","breadcrumb":{"@id":"https:\/\/www.neurolinguistic.com\/blog\/cours-gratuit-mesmerisme\/#breadcrumb"},"inLanguage":"it-IT","potentialAction":[{"@type":"ReadAction","target":["https:\/\/www.neurolinguistic.com\/blog\/cours-gratuit-mesmerisme\/"]}]},{"@type":"BreadcrumbList","@id":"https:\/\/www.neurolinguistic.com\/blog\/cours-gratuit-mesmerisme\/#breadcrumb","itemListElement":[{"@type":"ListItem","position":1,"name":"Home","item":"https:\/\/www.neurolinguistic.com\/blog\/"},{"@type":"ListItem","position":2,"name":"Cours Gratuit Mesmerisme"}]},{"@type":"WebSite","@id":"https:\/\/www.neurolinguistic.com\/blog\/#website","url":"https:\/\/www.neurolinguistic.com\/blog\/","name":"Universit\u00e9 Europ\u00e9enne - ISI-CNV","description":"Articoli, Lezioni Online, Omaggi, Video e molto altro","potentialAction":[{"@type":"SearchAction","target":{"@type":"EntryPoint","urlTemplate":"https:\/\/www.neurolinguistic.com\/blog\/?s={search_term_string}"},"query-input":{"@type":"PropertyValueSpecification","valueRequired":true,"valueName":"search_term_string"}}],"inLanguage":"it-IT"}]}},"_links":{"self":[{"href":"https:\/\/www.neurolinguistic.com\/blog\/wp-json\/wp\/v2\/pages\/2341","targetHints":{"allow":["GET"]}}],"collection":[{"href":"https:\/\/www.neurolinguistic.com\/blog\/wp-json\/wp\/v2\/pages"}],"about":[{"href":"https:\/\/www.neurolinguistic.com\/blog\/wp-json\/wp\/v2\/types\/page"}],"author":[{"embeddable":true,"href":"https:\/\/www.neurolinguistic.com\/blog\/wp-json\/wp\/v2\/users\/1"}],"replies":[{"embeddable":true,"href":"https:\/\/www.neurolinguistic.com\/blog\/wp-json\/wp\/v2\/comments?post=2341"}],"version-history":[{"count":1,"href":"https:\/\/www.neurolinguistic.com\/blog\/wp-json\/wp\/v2\/pages\/2341\/revisions"}],"predecessor-version":[{"id":2344,"href":"https:\/\/www.neurolinguistic.com\/blog\/wp-json\/wp\/v2\/pages\/2341\/revisions\/2344"}],"wp:attachment":[{"href":"https:\/\/www.neurolinguistic.com\/blog\/wp-json\/wp\/v2\/media?parent=2341"}],"curies":[{"name":"wp","href":"https:\/\/api.w.org\/{rel}","templated":true}]}}