{"id":2252,"date":"2017-04-09T10:18:02","date_gmt":"2017-04-09T08:18:02","guid":{"rendered":"http:\/\/www.neurolinguistic.com\/blog\/?page_id=2252"},"modified":"2018-05-24T09:29:22","modified_gmt":"2018-05-24T07:29:22","slug":"congresso-mondiale-dipnosi-c","status":"publish","type":"page","link":"https:\/\/www.neurolinguistic.com\/blog\/congresso-mondiale-dipnosi-c\/","title":{"rendered":"Congresso Mondiale d&#8217;Ipnosi"},"content":{"rendered":"<p class=\" ffhead1\"><span style=\"color: #910000;\">Congresso Mondiale d&#8217;ipnosi Roma 15-16-17 Giugno 2018<\/span><\/p>\n<p class=\" ffhead3\" style=\"text-align: center;\">La Squadra Internazionale dei Trainer:<\/p>\n<p><!-- start image caption block --><\/p>\n<div class=\"section group\">\n<div class=\"col span_1_of_4 boxit\" style=\"min-height: 300px;\">\n<div><img decoding=\"async\" src=\"http:\/\/vitale6.simply-webspace.it\/wp-content\/uploads\/2016\/04\/000-paret-150x150.png\" \/><\/div>\n<p class=\"imagecaption\">Ipnosi Paretiana<\/p>\n<p style=\"text-align: center;\">Marco Paret<\/p>\n<\/div>\n<div class=\"col span_1_of_4 boxit\" style=\"min-height: 300px;\">\n<div><img decoding=\"async\" src=\"http:\/\/vitale6.simply-webspace.it\/wp-content\/uploads\/2017\/08\/shin_mads_aggerholm.jpg\" \/><\/div>\n<p class=\"imagecaption\">Come fare ipnosi<\/p>\n<p style=\"text-align: center;\">Shin Mads Aggerholm (Danimarca)<\/p>\n<\/div>\n<div class=\"col span_1_of_4 boxit\" style=\"min-height: 300px;\">\n<div><img decoding=\"async\" src=\"http:\/\/vitale6.simply-webspace.it\/wp-content\/uploads\/2017\/02\/giancarlo-russo.jpg\" \/><\/div>\n<p class=\"imagecaption\">Ipnosi fisica rapida<\/p>\n<p style=\"text-align: center;\">Giancarlo Russo<\/p>\n<\/div>\n<div class=\"col span_1_of_4 boxit\" style=\"min-height: 300px;\">\n<div><img decoding=\"async\" src=\"http:\/\/vitale6.simply-webspace.it\/wp-content\/uploads\/2016\/05\/igor-vitale-150x150.png\" \/><\/div>\n<p class=\"imagecaption\">Parole Terapeutiche in Ipnosi<\/p>\n<p style=\"text-align: center;\">Igor Vitale<\/p>\n<\/div>\n<\/div>\n<p><!-- end image caption block --><\/p>\n<p><!-- start image caption block --><\/p>\n<div class=\"section group\">\n<div class=\"col span_1_of_4 boxit\" style=\"min-height: 300px;\">\n<div><img decoding=\"async\" src=\"http:\/\/vitale6.simply-webspace.it\/wp-content\/uploads\/2017\/07\/daniela-lukic.jpg\" \/><\/div>\n<p class=\"imagecaption\">Energazing Hypnosis e Ipnoterapia<\/p>\n<p style=\"text-align: center;\">Daniela Lukic (Serbia)<\/p>\n<\/div>\n<div class=\"col span_1_of_4 boxit\" style=\"min-height: 300px;\">\n<div><img loading=\"lazy\" decoding=\"async\" class=\"\" src=\"http:\/\/vitale6.simply-webspace.it\/wp-content\/uploads\/2018\/03\/silvia-trucco.jpg\" width=\"160\" height=\"160\" \/><\/div>\n<p class=\"imagecaption\">Ipnotre: Tension And Trauma Release Exercise<\/p>\n<p style=\"text-align: center;\">Prof.ssa Silvia Trucco<\/p>\n<\/div>\n<div class=\"col span_1_of_4 boxit\" style=\"min-height: 300px;\">\n<div><img loading=\"lazy\" decoding=\"async\" class=\"aligncenter size-thumbnail wp-image-2253\" src=\"https:\/\/www.neurolinguistic.com\/blog\/wp-content\/uploads\/raichi-150x150.jpg\" alt=\"\" width=\"150\" height=\"150\" srcset=\"https:\/\/www.neurolinguistic.com\/blog\/wp-content\/uploads\/raichi-150x150.jpg 150w, https:\/\/www.neurolinguistic.com\/blog\/wp-content\/uploads\/raichi-300x300.jpg 300w, https:\/\/www.neurolinguistic.com\/blog\/wp-content\/uploads\/raichi-768x769.jpg 768w, https:\/\/www.neurolinguistic.com\/blog\/wp-content\/uploads\/raichi.jpg 959w\" sizes=\"auto, (max-width: 150px) 100vw, 150px\" \/><\/div>\n<p class=\"imagecaption\">La Scrittura come forma di meditazione ed ipnosi<\/p>\n<p style=\"text-align: center;\">Riccardo Raichi<\/p>\n<\/div>\n<div class=\"col span_1_of_4 boxit\" style=\"min-height: 300px;\">\n<div><img decoding=\"async\" src=\"http:\/\/vitale6.simply-webspace.it\/wp-content\/uploads\/2016\/05\/ester-150x150.jpg\" \/><\/div>\n<p class=\"imagecaption\">Ipnosi per Dimagrire<\/p>\n<p style=\"text-align: center;\">Ester Patricia Ceresa<\/p>\n<\/div>\n<\/div>\n<p><!-- end image caption block --><\/p>\n<p><!-- start image caption block --><\/p>\n<div class=\"section group\">\n<div class=\"col span_1_of_4 boxit\" style=\"min-height: 300px;\">\n<div><img decoding=\"async\" src=\"http:\/\/vitale6.simply-webspace.it\/wp-content\/uploads\/2016\/09\/fiammetta-bianchi.jpg\" \/><\/div>\n<p class=\"imagecaption\">Ipnosi, Time Line e Regressioni<\/p>\n<p style=\"text-align: center;\">Fiammetta Bianchi<\/p>\n<\/div>\n<div class=\"col span_1_of_4 boxit\" style=\"min-height: 300px;\">\n<div><img decoding=\"async\" src=\"http:\/\/vitale6.simply-webspace.it\/wp-content\/uploads\/2016\/09\/ippolito-lamedica-150x150.jpg\" \/><\/div>\n<p class=\"imagecaption\">Ipnosi per potenziare la memoria<\/p>\n<p style=\"text-align: center;\">Ippolito Lamedica<\/p>\n<\/div>\n<div class=\"col span_1_of_4 boxit\" style=\"min-height: 300px;\">\n<div><img decoding=\"async\" src=\"http:\/\/vitale6.simply-webspace.it\/wp-content\/uploads\/2017\/02\/domenico-lisi.jpg\" \/><\/div>\n<p class=\"imagecaption\">Costellazioni famigliari e Ipnosi<\/p>\n<p style=\"text-align: center;\">Domenico Lisi<\/p>\n<\/div>\n<div class=\"col span_1_of_4 boxit\" style=\"min-height: 300px;\">\n<div><img decoding=\"async\" src=\"http:\/\/vitale6.simply-webspace.it\/wp-content\/uploads\/2018\/03\/english-sisters-150x150.jpg\" \/><\/div>\n<p class=\"imagecaption\">PNL e Ipnoterapia<\/p>\n<p style=\"text-align: center;\">The English Sisters<\/p>\n<\/div>\n<\/div>\n<p>[su_button url=&#8221;https:\/\/docs.google.com\/spreadsheets\/d\/1bqh8lCsxlWiDqJaz5zZlN8zA_zz2PsjpjIIf_p4BkW4\/export?format=pdf&#8221; target=&#8221;blank&#8221; style=&#8221;soft&#8221; size=&#8221;13&#8243; wide=&#8221;yes&#8221; center=&#8221;yes&#8221; radius=&#8221;5&#8243; icon=&#8221;icon: hand-o-up&#8221; text_shadow=&#8221;0px 0px 0px #000000&#8243;]Scarica il programma e gli orari[\/su_button]<br \/>\n<!-- start image\/text block --><\/p>\n<div class=\"section group\">\n<div class=\"col span_2_of_5 boxit\"><img decoding=\"async\" src=\"http:\/\/vitale6.simply-webspace.it\/wp-content\/uploads\/2018\/01\/marco-paret.jpg\" alt=\"\" \/><\/div>\n<div class=\"col span_3_of_5\">\n<h4 class=\"flushtop\"><span style=\"font-family: arial, helvetica, sans-serif;\">Il pi\u00f9 grande evento di Ipnosi<\/span><\/h4>\n<p>Il Congresso Mondiale di Ipnosi \u00e8 considerato da molti il maggiore evento di questo settore con oltre 300 presenze nel 2017. Ogni anno almeno 30 relatori da ogni parte del mondo si incontrano a Roma per discutere i modelli pi\u00f9 avanzati di Ipnosi e Terapia: USA, Brasile, Italia, Regno Unito, Romania, Portogallo sono solo alcune delle nazioni coinvolte in questo evento.<\/p>\n<\/div>\n<\/div>\n<p><!-- end image\/text block --><\/p>\n<p><!-- start image\/text block --><\/p>\n<div class=\"section group\">\n<div class=\"col span_2_of_5 boxit\"><img decoding=\"async\" src=\"http:\/\/vitale6.simply-webspace.it\/wp-content\/uploads\/2018\/01\/19401952_10213352924048417_7968369793361850797_o-1.jpg\" alt=\"\" \/><\/div>\n<div class=\"col span_3_of_5\">\n<h4 class=\"flushtop\"><span style=\"font-family: arial, helvetica, sans-serif;\">Approccio Pratico<\/span><\/h4>\n<p>Privilegiamo la pratica del corso. Ogni relatore, infatti, oltre a spiegare i concetti alla base del proprio tipo di ipnosi, spiegher\u00e0 come mettere in pratica l&#8217;ipnosi mediante dimostrazioni, spiegazioni della tecnica, script, esercizi individuali e di gruppo e protocolli. I possessori del biglietto argento ed oro avranno a disposizione intere sessioni di sole esercitazioni dove consolidare l&#8217;apprendimento.<\/p>\n<\/div>\n<\/div>\n<p><!-- end image\/text block --><\/p>\n<p><!-- start image\/text block --><\/p>\n<div class=\"section group\">\n<div class=\"col span_2_of_5 boxit\"><img decoding=\"async\" src=\"http:\/\/vitale6.simply-webspace.it\/wp-content\/uploads\/2018\/01\/19264328_10213327363209412_6816292568296181920_o.jpg\" alt=\"\" \/><\/div>\n<div class=\"col span_3_of_5\">\n<h4 class=\"flushtop\"><span style=\"font-family: arial, helvetica, sans-serif;\">30+ Script di Ipnosi<\/span><\/h4>\n<p>Vogliamo lasciarti informazioni pratiche per condurre una sessione di ipnosi, allenandoti giorno dopo giorno. Tutti i partecipanti &#8211; oltre al materiale didattico proiettato in aula &#8211; riceveranno 10 Protocolli e Script di Ipnosi in formato pdf, i partecipanti con biglietto argento e oro ne riceveranno addirittura 30 in formato libro stampato. Potrai utilizzarli per te stesso o con i tuoi clienti per migliorare l&#8217;efficacia delle tue sessioni.<\/p>\n<\/div>\n<\/div>\n<p><!-- end image\/text block --><br \/>\n<!-- start image\/text block --><\/p>\n<div class=\"section group\">\n<div class=\"col span_2_of_5 boxit\"><img loading=\"lazy\" decoding=\"async\" class=\"alignnone size-large wp-image-2244\" src=\"https:\/\/www.neurolinguistic.com\/blog\/wp-content\/uploads\/mkuonga-1024x576.jpg\" alt=\"\" width=\"1024\" height=\"576\" srcset=\"https:\/\/www.neurolinguistic.com\/blog\/wp-content\/uploads\/mkuonga-1024x576.jpg 1024w, https:\/\/www.neurolinguistic.com\/blog\/wp-content\/uploads\/mkuonga-300x169.jpg 300w, https:\/\/www.neurolinguistic.com\/blog\/wp-content\/uploads\/mkuonga-768x432.jpg 768w, https:\/\/www.neurolinguistic.com\/blog\/wp-content\/uploads\/mkuonga.jpg 1280w\" sizes=\"auto, (max-width: 1024px) 100vw, 1024px\" \/><\/div>\n<div class=\"col span_3_of_5\">\n<h4 class=\"flushtop\"><span style=\"font-family: arial, helvetica, sans-serif;\">Ospite speciale<\/span><\/h4>\n<p><strong>Mkouonga Mathurin Wabo<\/strong>, antropologo, ha un Dottorato presso la prestigiosa universit\u00e0 UCLA negli Stati Uniti ed \u00e8 il massimo esperto di spiritualit\u00e0 e ritualit\u00e0 del Centro Africa. Durante il suo intervento nel Congresso Mondiale d&#8217;Ipnosi spiegher\u00e0 in dettaglio i segreti dei riti di guarigione applicati comunemente nel Centro Africa, territorio in cui questi riti vengono applicati ancora oggi e dove si mescolano nella matrice culturale del periodo e con la stregoneria.<\/p>\n<\/div>\n<\/div>\n<div class=\" ffhead3\">\n<p style=\"text-align: center;\"><span style=\"color: #0000ff;\">Roma, 15-16-17 Giugno 2018<\/span><\/p>\n<p style=\"text-align: center;\"><span style=\"color: #0000ff;\">Sede: Hotel Oly, via del Santuario Regina degli Apostoli, 36<\/span><\/p>\n<\/div>\n<p style=\"text-align: center;\"><span style=\"color: #ff0000;\"><strong>Inizio evento Venerd\u00ec 15 alle ore 14, chiusura evento Domenica 17 alle ore 18<\/strong><\/span><\/p>\n<p style=\"text-align: center;\"><img loading=\"lazy\" decoding=\"async\" class=\"aligncenter size-medium\" src=\"http:\/\/vitale6.simply-webspace.it\/wp-content\/uploads\/2018\/01\/roma.png\" alt=\"hotel oly\" width=\"1173\" height=\"550\" \/><\/p>\n<h3 style=\"text-align: center;\"><span style=\"font-family: arial, helvetica, sans-serif; color: #008000;\">Iscriviti al Corso ora!<\/span><\/h3>\n<p><!-- start image caption block --><\/p>\n<div class=\"section group\">\n<div class=\"col span_2_of_6\">\n<div><img decoding=\"async\" src=\"http:\/\/vitale6.simply-webspace.it\/wp-content\/uploads\/2017\/01\/biglietto-bronzo-300x156.jpg\" \/><\/div>\n<p class=\"imagecaption\">Biglietto Bronzo &#8211; \u20ac139<\/p>\n<p>Accesso alla Sala Congresso \u2013 20 ore di formazione<\/p>\n<\/div>\n<div class=\"col span_2_of_6\">\n<div><img decoding=\"async\" src=\"http:\/\/vitale6.simply-webspace.it\/wp-content\/uploads\/2017\/01\/biglietto-argento-300x156.png\" \/><\/div>\n<p class=\"imagecaption\">Biglietto Argento &#8211; \u20ac265<\/p>\n<p>accesso libero in sala Congresso e Sale Esercitazioni \u2013 scelta possibile tra 52 diverse ore di formazione<\/p>\n<\/div>\n<div class=\"col span_2_of_6\">\n<div><img decoding=\"async\" src=\"http:\/\/vitale6.simply-webspace.it\/wp-content\/uploads\/2017\/01\/biglietto-oro-300x156.jpg\" \/><\/div>\n<p class=\"imagecaption\">Biglietto Oro &#8211; \u20ac365<\/p>\n<p>accesso libero in sala Congresso e Sale Esercitazioni \u2013 scelta possibile tra 52 diverse ore di formazione \u2013 posto a sedere nelle prime due file garantito \u2013 video-registrazione della sala plenaria incluso<\/p>\n<\/div>\n<\/div>\n<p><!-- end image caption block --><\/p>\n<p class=\" ffhead4\" style=\"text-align: center;\">Biglietto Bronzo scontato del 20% per gruppi di almeno 3 persone<br \/>\nLa quota d&#8217;iscrizione include:<\/p>\n<div class=\"section group\">\n<div class=\"col span_4_of_12\">\n<p>[su_icon_panel shadow=&#8221;0px 0px 2px #eeeeee&#8221; icon=&#8221;icon: group&#8221; icon_color=&#8221;#d0b95f&#8221; icon_size=&#8221;122&#8243;]<span style=\"font-size: 12pt;\"><strong>3 giornate di formazione in Ipnosi<\/strong><\/span>[\/su_icon_panel]<\/p>\n<\/div>\n<div class=\"col span_4_of_12\">\n<p>[su_icon_panel shadow=&#8221;0px 0px 2px #eeeeee&#8221; icon=&#8221;icon: graduation-cap&#8221; icon_color=&#8221;#d0b95f&#8221; icon_size=&#8221;122&#8243;]<span style=\"font-size: 12pt;\"><strong>Certificato Internazionale di Partecipazione<\/strong><\/span>[\/su_icon_panel]<\/p>\n<\/div>\n<div class=\"col span_4_of_12\">\n<p>[su_icon_panel shadow=&#8221;0px 0px 2px #eeeeee&#8221; icon=&#8221;icon: book&#8221; icon_color=&#8221;#d0b95f&#8221; icon_size=&#8221;122&#8243;]<span style=\"font-size: 12pt;\"><strong>Materiale Didattico e Traduzione<\/strong><\/span>[\/su_icon_panel]<\/p>\n<\/div>\n<\/div>\n<p class=\" ffhead3\" style=\"text-align: center;\"><span style=\"color: #008000;\"><strong>Iscriviti adesso<\/strong><\/span><\/p>\n<div style=\"max-width: 450px; border: 3px dashed #006917; margin: auto; padding: 10px; text-align: center;\">\n<form action=\"https:\/\/www.paypal.com\/cgi-bin\/webscr\" method=\"post\" target=\"_top\">\n<input type=\"hidden\" name=\"cmd\" value=\"_s-xclick\"><br \/>\n<input type=\"hidden\" name=\"hosted_button_id\" value=\"JVVA26Z5FJGK6\"><\/p>\n<table>\n<tr>\n<td><input type=\"hidden\" name=\"on0\" value=\"Scegli il Biglietto\">Scegli il Biglietto<\/td>\n<\/tr>\n<tr>\n<td><select name=\"os0\"><option value=\"Biglietto Bronzo\">Biglietto Bronzo \u20ac139,00 EUR<\/option><option value=\"Biglietto Argento\">Biglietto Argento \u20ac265,00 EUR<\/option><option value=\"Biglietto Bronzo x 3\">Biglietto Bronzo x 3 \u20ac333,00 EUR<\/option><option value=\"Singola aggiunto al gruppo\">Singola aggiunto al gruppo \u20ac111,00 EUR<\/option><\/select> <\/td>\n<\/tr>\n<\/table>\n<p><input type=\"hidden\" name=\"currency_code\" value=\"EUR\"><br \/>\n<input type=\"image\" src=\"https:\/\/www.neurolinguistic.com\/blog\/wp-content\/uploads\/iscrivitiora.jpg\" border=\"0\" name=\"submit\" alt=\"PayPal \u00e8 il metodo rapido e sicuro per pagare e farsi pagare online.\"><br \/>\n<img loading=\"lazy\" decoding=\"async\" alt=\"\" border=\"0\" src=\"https:\/\/www.paypalobjects.com\/it_IT\/i\/scr\/pixel.gif\" width=\"1\" height=\"1\"><br \/>\n<\/form>\n<\/div>\n<p style=\"text-align: center;\"><span style=\"font-size: 18pt; color: #0000ff;\"><strong>Contatti: <\/strong><\/span><\/p>\n<p style=\"text-align: center;\">[su_button url=&#8221;mailto:europeenneuniversite@gmail.com&#8221; target=&#8221;blank&#8221; style=&#8221;soft&#8221; background=&#8221;#efa52d&#8221; size=&#8221;13&#8243; wide=&#8221;yes&#8221; center=&#8221;yes&#8221; radius=&#8221;5&#8243; icon=&#8221;icon: envelope-o&#8221; text_shadow=&#8221;0px 0px 0px #000000&#8243;]europeenneuniversite@gmail.com[\/su_button]<\/p>\n<p style=\"text-align: center;\">[su_button url=&#8221;tel:0694806601&#8243; target=&#8221;blank&#8221; style=&#8221;soft&#8221; size=&#8221;13&#8243; wide=&#8221;yes&#8221; center=&#8221;yes&#8221; radius=&#8221;5&#8243; icon=&#8221;icon: phone&#8221; text_shadow=&#8221;0px 0px 0px #000000&#8243;]Tel: 06 94806601[\/su_button]<\/p>\n","protected":false},"excerpt":{"rendered":"<p>Congresso Mondiale d&rsquo;ipnosi Roma 15-16-17 Giugno 2018 La Squadra Internazionale dei Trainer: Ipnosi Paretiana Marco Paret Come fare ipnosi Shin Mads Aggerholm (Danimarca) Ipnosi fisica rapida Giancarlo Russo Parole Terapeutiche in Ipnosi Igor Vitale Energazing Hypnosis e Ipnoterapia Daniela Lukic (Serbia) Ipnotre: Tension And Trauma Release Exercise Prof.ssa Silvia Trucco La Scrittura come forma di [&hellip;]<\/p>\n","protected":false},"author":1,"featured_media":0,"parent":0,"menu_order":0,"comment_status":"closed","ping_status":"closed","template":"sptemplate-13.php","meta":{"footnotes":""},"class_list":["post-2252","page","type-page","status-publish","hentry"],"yoast_head":"<!-- This site is optimized with the Yoast SEO plugin v27.2 - https:\/\/yoast.com\/product\/yoast-seo-wordpress\/ -->\n<title>Congresso Mondiale d&#039;Ipnosi &#8211; Universit\u00e9 Europ\u00e9enne - ISI-CNV<\/title>\n<meta name=\"robots\" content=\"index, follow, max-snippet:-1, max-image-preview:large, max-video-preview:-1\" \/>\n<link rel=\"canonical\" href=\"https:\/\/www.neurolinguistic.com\/blog\/congresso-mondiale-dipnosi-c\/\" \/>\n<meta property=\"og:locale\" content=\"it_IT\" \/>\n<meta property=\"og:type\" content=\"article\" \/>\n<meta property=\"og:title\" content=\"Congresso Mondiale d&#039;Ipnosi &#8211; Universit\u00e9 Europ\u00e9enne - ISI-CNV\" \/>\n<meta property=\"og:description\" content=\"Congresso Mondiale d&rsquo;ipnosi Roma 15-16-17 Giugno 2018 La Squadra Internazionale dei Trainer: Ipnosi Paretiana Marco Paret Come fare ipnosi Shin Mads Aggerholm (Danimarca) Ipnosi fisica rapida Giancarlo Russo Parole Terapeutiche in Ipnosi Igor Vitale Energazing Hypnosis e Ipnoterapia Daniela Lukic (Serbia) Ipnotre: Tension And Trauma Release Exercise Prof.ssa Silvia Trucco La Scrittura come forma di [&hellip;]\" \/>\n<meta property=\"og:url\" content=\"https:\/\/www.neurolinguistic.com\/blog\/congresso-mondiale-dipnosi-c\/\" \/>\n<meta property=\"og:site_name\" content=\"Universit\u00e9 Europ\u00e9enne - ISI-CNV\" \/>\n<meta property=\"article:publisher\" content=\"https:\/\/www.facebook.com\/ipnositecniche\" \/>\n<meta property=\"article:modified_time\" content=\"2018-05-24T07:29:22+00:00\" \/>\n<meta property=\"og:image\" content=\"http:\/\/vitale6.simply-webspace.it\/wp-content\/uploads\/2016\/04\/000-paret-150x150.png\" \/>\n<meta name=\"twitter:card\" content=\"summary_large_image\" \/>\n<meta name=\"twitter:label1\" content=\"Tempo di lettura stimato\" \/>\n\t<meta name=\"twitter:data1\" content=\"3 minuti\" \/>\n<script type=\"application\/ld+json\" class=\"yoast-schema-graph\">{\"@context\":\"https:\/\/schema.org\",\"@graph\":[{\"@type\":\"WebPage\",\"@id\":\"https:\/\/www.neurolinguistic.com\/blog\/congresso-mondiale-dipnosi-c\/\",\"url\":\"https:\/\/www.neurolinguistic.com\/blog\/congresso-mondiale-dipnosi-c\/\",\"name\":\"Congresso Mondiale d'Ipnosi &#8211; Universit\u00e9 Europ\u00e9enne - ISI-CNV\",\"isPartOf\":{\"@id\":\"https:\/\/www.neurolinguistic.com\/blog\/#website\"},\"primaryImageOfPage\":{\"@id\":\"https:\/\/www.neurolinguistic.com\/blog\/congresso-mondiale-dipnosi-c\/#primaryimage\"},\"image\":{\"@id\":\"https:\/\/www.neurolinguistic.com\/blog\/congresso-mondiale-dipnosi-c\/#primaryimage\"},\"thumbnailUrl\":\"http:\/\/vitale6.simply-webspace.it\/wp-content\/uploads\/2016\/04\/000-paret-150x150.png\",\"datePublished\":\"2017-04-09T08:18:02+00:00\",\"dateModified\":\"2018-05-24T07:29:22+00:00\",\"breadcrumb\":{\"@id\":\"https:\/\/www.neurolinguistic.com\/blog\/congresso-mondiale-dipnosi-c\/#breadcrumb\"},\"inLanguage\":\"it-IT\",\"potentialAction\":[{\"@type\":\"ReadAction\",\"target\":[\"https:\/\/www.neurolinguistic.com\/blog\/congresso-mondiale-dipnosi-c\/\"]}]},{\"@type\":\"ImageObject\",\"inLanguage\":\"it-IT\",\"@id\":\"https:\/\/www.neurolinguistic.com\/blog\/congresso-mondiale-dipnosi-c\/#primaryimage\",\"url\":\"http:\/\/vitale6.simply-webspace.it\/wp-content\/uploads\/2016\/04\/000-paret-150x150.png\",\"contentUrl\":\"http:\/\/vitale6.simply-webspace.it\/wp-content\/uploads\/2016\/04\/000-paret-150x150.png\"},{\"@type\":\"BreadcrumbList\",\"@id\":\"https:\/\/www.neurolinguistic.com\/blog\/congresso-mondiale-dipnosi-c\/#breadcrumb\",\"itemListElement\":[{\"@type\":\"ListItem\",\"position\":1,\"name\":\"Home\",\"item\":\"https:\/\/www.neurolinguistic.com\/blog\/\"},{\"@type\":\"ListItem\",\"position\":2,\"name\":\"Congresso Mondiale d&#8217;Ipnosi\"}]},{\"@type\":\"WebSite\",\"@id\":\"https:\/\/www.neurolinguistic.com\/blog\/#website\",\"url\":\"https:\/\/www.neurolinguistic.com\/blog\/\",\"name\":\"Universit\u00e9 Europ\u00e9enne - ISI-CNV\",\"description\":\"Articoli, Lezioni Online, Omaggi, Video e molto altro\",\"potentialAction\":[{\"@type\":\"SearchAction\",\"target\":{\"@type\":\"EntryPoint\",\"urlTemplate\":\"https:\/\/www.neurolinguistic.com\/blog\/?s={search_term_string}\"},\"query-input\":{\"@type\":\"PropertyValueSpecification\",\"valueRequired\":true,\"valueName\":\"search_term_string\"}}],\"inLanguage\":\"it-IT\"}]}<\/script>\n<!-- \/ Yoast SEO plugin. -->","yoast_head_json":{"title":"Congresso Mondiale d'Ipnosi &#8211; Universit\u00e9 Europ\u00e9enne - ISI-CNV","robots":{"index":"index","follow":"follow","max-snippet":"max-snippet:-1","max-image-preview":"max-image-preview:large","max-video-preview":"max-video-preview:-1"},"canonical":"https:\/\/www.neurolinguistic.com\/blog\/congresso-mondiale-dipnosi-c\/","og_locale":"it_IT","og_type":"article","og_title":"Congresso Mondiale d'Ipnosi &#8211; Universit\u00e9 Europ\u00e9enne - ISI-CNV","og_description":"Congresso Mondiale d&rsquo;ipnosi Roma 15-16-17 Giugno 2018 La Squadra Internazionale dei Trainer: Ipnosi Paretiana Marco Paret Come fare ipnosi Shin Mads Aggerholm (Danimarca) Ipnosi fisica rapida Giancarlo Russo Parole Terapeutiche in Ipnosi Igor Vitale Energazing Hypnosis e Ipnoterapia Daniela Lukic (Serbia) Ipnotre: Tension And Trauma Release Exercise Prof.ssa Silvia Trucco La Scrittura come forma di [&hellip;]","og_url":"https:\/\/www.neurolinguistic.com\/blog\/congresso-mondiale-dipnosi-c\/","og_site_name":"Universit\u00e9 Europ\u00e9enne - ISI-CNV","article_publisher":"https:\/\/www.facebook.com\/ipnositecniche","article_modified_time":"2018-05-24T07:29:22+00:00","og_image":[{"url":"http:\/\/vitale6.simply-webspace.it\/wp-content\/uploads\/2016\/04\/000-paret-150x150.png","type":"","width":"","height":""}],"twitter_card":"summary_large_image","twitter_misc":{"Tempo di lettura stimato":"3 minuti"},"schema":{"@context":"https:\/\/schema.org","@graph":[{"@type":"WebPage","@id":"https:\/\/www.neurolinguistic.com\/blog\/congresso-mondiale-dipnosi-c\/","url":"https:\/\/www.neurolinguistic.com\/blog\/congresso-mondiale-dipnosi-c\/","name":"Congresso Mondiale d'Ipnosi &#8211; Universit\u00e9 Europ\u00e9enne - ISI-CNV","isPartOf":{"@id":"https:\/\/www.neurolinguistic.com\/blog\/#website"},"primaryImageOfPage":{"@id":"https:\/\/www.neurolinguistic.com\/blog\/congresso-mondiale-dipnosi-c\/#primaryimage"},"image":{"@id":"https:\/\/www.neurolinguistic.com\/blog\/congresso-mondiale-dipnosi-c\/#primaryimage"},"thumbnailUrl":"http:\/\/vitale6.simply-webspace.it\/wp-content\/uploads\/2016\/04\/000-paret-150x150.png","datePublished":"2017-04-09T08:18:02+00:00","dateModified":"2018-05-24T07:29:22+00:00","breadcrumb":{"@id":"https:\/\/www.neurolinguistic.com\/blog\/congresso-mondiale-dipnosi-c\/#breadcrumb"},"inLanguage":"it-IT","potentialAction":[{"@type":"ReadAction","target":["https:\/\/www.neurolinguistic.com\/blog\/congresso-mondiale-dipnosi-c\/"]}]},{"@type":"ImageObject","inLanguage":"it-IT","@id":"https:\/\/www.neurolinguistic.com\/blog\/congresso-mondiale-dipnosi-c\/#primaryimage","url":"http:\/\/vitale6.simply-webspace.it\/wp-content\/uploads\/2016\/04\/000-paret-150x150.png","contentUrl":"http:\/\/vitale6.simply-webspace.it\/wp-content\/uploads\/2016\/04\/000-paret-150x150.png"},{"@type":"BreadcrumbList","@id":"https:\/\/www.neurolinguistic.com\/blog\/congresso-mondiale-dipnosi-c\/#breadcrumb","itemListElement":[{"@type":"ListItem","position":1,"name":"Home","item":"https:\/\/www.neurolinguistic.com\/blog\/"},{"@type":"ListItem","position":2,"name":"Congresso Mondiale d&#8217;Ipnosi"}]},{"@type":"WebSite","@id":"https:\/\/www.neurolinguistic.com\/blog\/#website","url":"https:\/\/www.neurolinguistic.com\/blog\/","name":"Universit\u00e9 Europ\u00e9enne - ISI-CNV","description":"Articoli, Lezioni Online, Omaggi, Video e molto altro","potentialAction":[{"@type":"SearchAction","target":{"@type":"EntryPoint","urlTemplate":"https:\/\/www.neurolinguistic.com\/blog\/?s={search_term_string}"},"query-input":{"@type":"PropertyValueSpecification","valueRequired":true,"valueName":"search_term_string"}}],"inLanguage":"it-IT"}]}},"_links":{"self":[{"href":"https:\/\/www.neurolinguistic.com\/blog\/wp-json\/wp\/v2\/pages\/2252","targetHints":{"allow":["GET"]}}],"collection":[{"href":"https:\/\/www.neurolinguistic.com\/blog\/wp-json\/wp\/v2\/pages"}],"about":[{"href":"https:\/\/www.neurolinguistic.com\/blog\/wp-json\/wp\/v2\/types\/page"}],"author":[{"embeddable":true,"href":"https:\/\/www.neurolinguistic.com\/blog\/wp-json\/wp\/v2\/users\/1"}],"replies":[{"embeddable":true,"href":"https:\/\/www.neurolinguistic.com\/blog\/wp-json\/wp\/v2\/comments?post=2252"}],"version-history":[{"count":0,"href":"https:\/\/www.neurolinguistic.com\/blog\/wp-json\/wp\/v2\/pages\/2252\/revisions"}],"wp:attachment":[{"href":"https:\/\/www.neurolinguistic.com\/blog\/wp-json\/wp\/v2\/media?parent=2252"}],"curies":[{"name":"wp","href":"https:\/\/api.w.org\/{rel}","templated":true}]}}