{"id":2071,"date":"2017-05-08T10:38:30","date_gmt":"2017-05-08T08:38:30","guid":{"rendered":"http:\/\/www.neurolinguistic.com\/blog\/?page_id=2071"},"modified":"2017-05-10T14:06:03","modified_gmt":"2017-05-10T12:06:03","slug":"novita-assoluta-italia","status":"publish","type":"page","link":"https:\/\/www.neurolinguistic.com\/blog\/novita-assoluta-italia\/","title":{"rendered":"Novita assoluta in Italia"},"content":{"rendered":"<p>[bodybg bodybgimage=&#8221;https:\/\/www.neurolinguistic.com\/blog\/wp-content\/themes\/flexsqueeze2\/images\/quicksets\/full-quickset-7.jpg&#8221;][\/bodybg]<\/p>\n<div style=\"max-width: 720px; margin: auto; background-color: #fff;\">\n<p>[flexblock width=fixed bgcolor=transparent padding=30]<\/p>\n<div class=\"flexbox\" style=\"background: #A30000 url('https:\/\/www.neurolinguistic.com\/blog\/wp-content\/plugins\/flex-boxes\/images\/gradients\/black-40-percent-btm.png') repeat-x left bottom; margin: 0px auto 20px auto; width: 100%; overflow: hidden; max-width: 1200px; border: 2px solid #FFFFFF; color: #ffffff; border-radius: 5px; -moz-border-radius: 5px; -webkit-border-radius: 5px; padding: 20px; box-shadow: 0 0 8px rgba(0,0,0,0.4), 0 0 30px rgba(0,0,0,0.61) inset; -moz-box-shadow: 0 0 8px rgba(0,0,0,0.4), 0 0 30px rgba(0,0,0,0.61) inset; -webkit-box-shadow: 0 0 8px rgba(0,0,0,0.4), 0 0 30px rgba(0,0,0,0.61) inset;\" data-fblinkcolor=\"0066FF\" data-fbhvrcolor=\"003399\">\n<p class=\" ffhead2\">Novit\u00e0 assoluta in Italia!<\/p>\n<\/div>\n<p class=\" ffhead4\"><span style=\"color: #960000;\">A Roma dal 15 al 18 Giugno 2017 i massimi esperti al mondo in ipnosi (tra cui il grande Tom Silver) saranno a tua disposizione con un costo a portata di qualsiasi budget!<\/span><\/p>\n<p style=\"text-align: center;\"><span style=\"color: #808080;\"><strong>(L&#8217;evento \u00e8 in Italiano o con traduzione simultanea ove occorre)<\/strong><\/span><\/p>\n<p style=\"text-align: center;\"><span style=\"font-family: 'Special Elite'; font-size: 14pt;\">Sei un appassionato d&#8217;ipnosi, un professionista o ambisci a diventarlo? Questa \u00e8 l&#8217;occasione pi\u00f9 unica che rara di <strong>apprendere direttamente dalle fonti pi\u00f9 autorevoli ad oggi disponibili!<\/strong><\/span><\/p>\n<p style=\"text-align: center;\"><span style=\"font-size: 14pt;\"><span style=\"color: #ff6600;\"><strong>E per te c&#8217;\u00e8 una Sorpresa BONUS in pi\u00f9:<\/strong><\/span> potrai conseguire anche un <span style=\"color: #ff0000;\"><strong>Certificato di valenza internazionale<\/strong><\/span> in &#8220;<span style=\"color: #3366ff;\"><em>Ipnosi Essenziale con approfondimento in Regressioni<\/em><\/span>&#8221; (15-16 Giugno), il tutto a <span style=\"color: #008000;\"><strong>un\u00a0rapporto qualit\u00e0\/prezzo introvabile da qualsiasi altra parte&#8230;<\/strong><\/span><\/span><\/p>\n<div class=\"flexbox\" style=\"background: #F7F1CB url('https:\/\/www.neurolinguistic.com\/blog\/wp-content\/plugins\/flex-boxes\/images\/gradients\/white-top-40.png') repeat-x left top; margin: 0px auto 20px auto; width: 100%; overflow: hidden; max-width: 1200px; border: 3px solid #E6CB83; color: #964600; border-radius: 8px; -moz-border-radius: 8px; -webkit-border-radius: 8px; padding: 10px;\" data-fblinkcolor=\"0066FF\" data-fbhvrcolor=\"003399\">\n<p><span style=\"font-family: arial, helvetica, sans-serif; font-size: 12pt;\"><strong>Sei SINCERAMENTE interessato\/a ad iniziare ora? Compila il seguente modulo e una nostra collaboratrice ti contatter\u00e0 per fornirti tutti i dettagli di questa e tantissime altre opportunit\u00e0 per diventare un vero asso in materia d&#8217;ipnosi, sia come appassionato che professionista, o per iniziare una nuova e remunerativa attivit\u00e0 in questo settore.\u00a0<\/strong><\/span><\/p>\n\n<div class=\"wpcf7 no-js\" id=\"wpcf7-f2073-o1\" lang=\"it-IT\" dir=\"ltr\" data-wpcf7-id=\"2073\">\n<div class=\"screen-reader-response\"><p role=\"status\" aria-live=\"polite\" aria-atomic=\"true\"><\/p> <ul><\/ul><\/div>\n<form action=\"\/blog\/wp-json\/wp\/v2\/pages\/2071#wpcf7-f2073-o1\" method=\"post\" class=\"wpcf7-form init\" aria-label=\"Modulo di contatto\" novalidate=\"novalidate\" data-status=\"init\">\n<fieldset class=\"hidden-fields-container\"><input type=\"hidden\" name=\"_wpcf7\" value=\"2073\" \/><input type=\"hidden\" name=\"_wpcf7_version\" value=\"6.1.5\" \/><input type=\"hidden\" name=\"_wpcf7_locale\" value=\"it_IT\" \/><input type=\"hidden\" name=\"_wpcf7_unit_tag\" value=\"wpcf7-f2073-o1\" \/><input type=\"hidden\" name=\"_wpcf7_container_post\" value=\"0\" \/><input type=\"hidden\" name=\"_wpcf7_posted_data_hash\" value=\"\" \/><input type=\"hidden\" name=\"_wpcf7dtx_version\" value=\"5.0.5\" \/>\n<\/fieldset>\n<p>Il Tuo Nome (richiesto)\n<\/p>\n<p><span class=\"wpcf7-form-control-wrap\" data-name=\"your-name\"><input size=\"40\" maxlength=\"400\" class=\"wpcf7-form-control wpcf7-text wpcf7-validates-as-required\" aria-required=\"true\" aria-invalid=\"false\" value=\"\" type=\"text\" name=\"your-name\" \/><\/span>\n<\/p>\n<p>La Tua Email (richiesto)\n<\/p>\n<p><span class=\"wpcf7-form-control-wrap\" data-name=\"your-email\"><input size=\"40\" maxlength=\"400\" class=\"wpcf7-form-control wpcf7-email wpcf7-validates-as-required wpcf7-text wpcf7-validates-as-email\" aria-required=\"true\" aria-invalid=\"false\" value=\"\" type=\"email\" name=\"your-email\" \/><\/span>\n<\/p>\n<p>Telefono (richiesto)\n<\/p>\n<p><span class=\"wpcf7-form-control-wrap\" data-name=\"telefono\"><input size=\"40\" maxlength=\"400\" class=\"wpcf7-form-control wpcf7-text wpcf7-validates-as-required\" aria-required=\"true\" aria-invalid=\"false\" value=\"\" type=\"text\" name=\"telefono\" \/><\/span>\n<\/p>\n<p>Citt\u00e0\n<\/p>\n<p><span class=\"wpcf7-form-control-wrap\" data-name=\"cit\"><input size=\"40\" maxlength=\"400\" class=\"wpcf7-form-control wpcf7-text\" aria-invalid=\"false\" value=\"\" type=\"text\" name=\"cit\" \/><\/span>\n<\/p>\n<p>Professione (richiesto)\n<\/p>\n<p><span class=\"wpcf7-form-control-wrap\" data-name=\"professione\"><input size=\"40\" maxlength=\"400\" class=\"wpcf7-form-control wpcf7-text wpcf7-validates-as-required\" aria-required=\"true\" aria-invalid=\"false\" value=\"\" type=\"text\" name=\"professione\" \/><\/span>\n<\/p>\n<p>Data di nascita\n<\/p>\n<p><span class=\"wpcf7-form-control-wrap\" data-name=\"nascita\"><input size=\"40\" maxlength=\"400\" class=\"wpcf7-form-control wpcf7-text\" aria-invalid=\"false\" value=\"\" type=\"text\" name=\"nascita\" \/><\/span>\n<\/p>\n<div style=\"width:345px;\">\n\t<div style=\"float:left; width:193px; padding-right:7px; font-size:13px;\">\n\t\t<p>Hai gi\u00e0 partecipato a corsi di formazione in questo settore?\n\t\t<\/p>\n\t\t<p><span class=\"wpcf7-form-control-wrap\" data-name=\"esperienze\"><span class=\"wpcf7-form-control wpcf7-radio\"><span class=\"wpcf7-list-item first\"><input type=\"radio\" name=\"esperienze\" value=\"S\u00ec\" \/><span class=\"wpcf7-list-item-label\">S\u00ec<\/span><\/span><span class=\"wpcf7-list-item last\"><input type=\"radio\" name=\"esperienze\" value=\"No\" \/><span class=\"wpcf7-list-item-label\">No<\/span><\/span><\/span><\/span>\n\t\t<\/p>\n\t<\/div>\n<\/div>\n<div style=\"clear:both;\">\n<\/div>\n<p>Desidero ricevere informazioni per:\n<\/p>\n<p><span class=\"wpcf7-form-control-wrap\" data-name=\"interesse\"><select class=\"wpcf7-form-control wpcf7-select wpcf7-validates-as-required\" aria-required=\"true\" aria-invalid=\"false\" name=\"interesse\"><option value=\"\">&#8212;Seleziona un&#039;opzione&#8212;<\/option><option value=\"Evento a Roma 15-18 Giugno\">Evento a Roma 15-18 Giugno<\/option><option value=\"Tutti i vostri corsi e master di formazione\">Tutti i vostri corsi e master di formazione<\/option><\/select><\/span>\n<\/p>\n<p>Motivazioni per cui vuoi partecipare alle nostre iniziative (richiesto):\n<\/p>\n<p><span class=\"wpcf7-form-control-wrap\" data-name=\"motivazioni\"><select class=\"wpcf7-form-control wpcf7-select wpcf7-validates-as-required\" aria-required=\"true\" aria-invalid=\"false\" name=\"motivazioni\"><option value=\"\">&#8212;Seleziona un&#039;opzione&#8212;<\/option><option value=\"Riconversione completa della propria attivit\u00e0 lavorativa\">Riconversione completa della propria attivit\u00e0 lavorativa<\/option><option value=\"Nuovo lavoro\">Nuovo lavoro<\/option><option value=\"Aggiunta di nuove abilit\u00e0\">Aggiunta di nuove abilit\u00e0<\/option><option value=\"Approfondimento professionale\">Approfondimento professionale<\/option><option value=\"Approfondimento personale \/ crescita interiore\">Approfondimento personale \/ crescita interiore<\/option><option value=\"Cultore della materia\">Cultore della materia<\/option><option value=\"Curiosit\u00e0\">Curiosit\u00e0<\/option><option value=\"Altro (specifica nel campo sottostante)\">Altro (specifica nel campo sottostante)<\/option><\/select><\/span>\n<\/p>\n<p>Esperienze precedenti \/ ulteriori motivazioni:\n<\/p>\n<p><span class=\"wpcf7-form-control-wrap\" data-name=\"your-message\"><textarea cols=\"40\" rows=\"10\" maxlength=\"2000\" class=\"wpcf7-form-control wpcf7-textarea\" aria-invalid=\"false\" name=\"your-message\"><\/textarea><\/span>\n<\/p>\n<p>Note: (compila questo campo e sarai contattato in maniera PRIORITARIA)<br \/>\n<span class=\"wpcf7-form-control-wrap\" data-name=\"note\"><textarea cols=\"40\" rows=\"10\" maxlength=\"2000\" class=\"wpcf7-form-control wpcf7-textarea\" aria-invalid=\"false\" name=\"note\"><\/textarea><\/span>\n<\/p>\n<div style=\"display:none; margin-bottom:0px;\">\n\t<p>[AFCF_BB getvar=\"q\"]<span class=\"wpcf7-form-control-wrap\" data-name=\"referer\"><input size=\"40\" maxlength=\"400\" class=\"wpcf7-form-control wpcf7-text\" aria-invalid=\"false\" value=\"\" type=\"text\" name=\"referer\" \/><\/span>[\/AFCF_BB]<br \/>\n<span class=\"wpcf7-form-control-wrap\" data-name=\"referer-page\"><input size=\"40\" maxlength=\"400\" class=\"wpcf7-form-control wpcf7-text referer-page\" aria-invalid=\"false\" value=\"\" type=\"text\" name=\"referer-page\" \/><\/span><br \/>\n\t<span class=\"wpcf7-form-control-wrap geoloc\" data-name=\"geoloc\"><input type=\"hidden\" name=\"geoloc\" class=\"wpcf7-form-control wpcf7-hidden wpcf7dtx wpcf7dtx-hidden\" aria-invalid=\"false\" value=\"geoloc\"><\/span>\n\t<\/p>\n<\/div>\n<p><input class=\"wpcf7-form-control wpcf7-submit has-spinner\" type=\"submit\" value=\"Invia richiesta!\" \/>\n<\/p><div class=\"wpcf7-response-output\" aria-hidden=\"true\"><\/div>\n<\/form>\n<\/div>\n\n<\/div>\n<p><img decoding=\"async\" class=\"aligncenter\" style=\"width: 100%;\" src=\"https:\/\/www.neurolinguistic.com\/blog\/wp-content\/themes\/flexsqueeze2\/images\/dividers\/clear-bubble.png\" \/><\/p>\n<p style=\"text-align: center;\">IHI in partnership with Universit\u00e9 Europ\u00e9enne 788-790 FINCHLEY ROAD London<\/p>\n<p>[\/flexblock]<\/p>\n<\/div>\n","protected":false},"excerpt":{"rendered":"<p>[bodybg bodybgimage=&rdquo;https:\/\/www.neurolinguistic.com\/blog\/wp-content\/themes\/flexsqueeze2\/images\/quicksets\/full-quickset-7.jpg&rdquo;][\/bodybg] [flexblock width=fixed bgcolor=transparent padding=30] Novit&agrave; assoluta in Italia! A Roma dal 15 al 18 Giugno 2017 i massimi esperti al mondo in ipnosi (tra cui il grande Tom Silver) saranno a tua disposizione con un costo a portata di qualsiasi budget! (L&rsquo;evento &egrave; in Italiano o con traduzione simultanea ove occorre) Sei un [&hellip;]<\/p>\n","protected":false},"author":1,"featured_media":0,"parent":0,"menu_order":0,"comment_status":"closed","ping_status":"closed","template":"sptemplate-18.php","meta":{"footnotes":""},"class_list":["post-2071","page","type-page","status-publish","hentry"],"yoast_head":"<!-- This site is optimized with the Yoast SEO plugin v27.2 - https:\/\/yoast.com\/product\/yoast-seo-wordpress\/ -->\n<title>Novita assoluta in Italia &#8211; Universit\u00e9 Europ\u00e9enne - ISI-CNV<\/title>\n<meta name=\"robots\" content=\"index, follow, max-snippet:-1, max-image-preview:large, max-video-preview:-1\" \/>\n<link rel=\"canonical\" href=\"https:\/\/www.neurolinguistic.com\/blog\/novita-assoluta-italia\/\" \/>\n<meta property=\"og:locale\" content=\"it_IT\" \/>\n<meta property=\"og:type\" content=\"article\" \/>\n<meta property=\"og:title\" content=\"Novita assoluta in Italia &#8211; Universit\u00e9 Europ\u00e9enne - ISI-CNV\" \/>\n<meta property=\"og:description\" content=\"[bodybg bodybgimage=&rdquo;https:\/\/www.neurolinguistic.com\/blog\/wp-content\/themes\/flexsqueeze2\/images\/quicksets\/full-quickset-7.jpg&rdquo;][\/bodybg] [flexblock width=fixed bgcolor=transparent padding=30] Novit&agrave; assoluta in Italia! A Roma dal 15 al 18 Giugno 2017 i massimi esperti al mondo in ipnosi (tra cui il grande Tom Silver) saranno a tua disposizione con un costo a portata di qualsiasi budget! (L&rsquo;evento &egrave; in Italiano o con traduzione simultanea ove occorre) Sei un [&hellip;]\" \/>\n<meta property=\"og:url\" content=\"https:\/\/www.neurolinguistic.com\/blog\/novita-assoluta-italia\/\" \/>\n<meta property=\"og:site_name\" content=\"Universit\u00e9 Europ\u00e9enne - ISI-CNV\" \/>\n<meta property=\"article:publisher\" content=\"https:\/\/www.facebook.com\/ipnositecniche\" \/>\n<meta property=\"article:modified_time\" content=\"2017-05-10T12:06:03+00:00\" \/>\n<meta property=\"og:image\" content=\"https:\/\/www.neurolinguistic.com\/blog\/wp-content\/themes\/flexsqueeze2\/images\/dividers\/clear-bubble.png\" \/>\n<meta name=\"twitter:card\" content=\"summary_large_image\" \/>\n<meta name=\"twitter:label1\" content=\"Tempo di lettura stimato\" \/>\n\t<meta name=\"twitter:data1\" content=\"1 minuto\" \/>\n<script type=\"application\/ld+json\" class=\"yoast-schema-graph\">{\"@context\":\"https:\/\/schema.org\",\"@graph\":[{\"@type\":\"WebPage\",\"@id\":\"https:\/\/www.neurolinguistic.com\/blog\/novita-assoluta-italia\/\",\"url\":\"https:\/\/www.neurolinguistic.com\/blog\/novita-assoluta-italia\/\",\"name\":\"Novita assoluta in Italia &#8211; Universit\u00e9 Europ\u00e9enne - ISI-CNV\",\"isPartOf\":{\"@id\":\"https:\/\/www.neurolinguistic.com\/blog\/#website\"},\"primaryImageOfPage\":{\"@id\":\"https:\/\/www.neurolinguistic.com\/blog\/novita-assoluta-italia\/#primaryimage\"},\"image\":{\"@id\":\"https:\/\/www.neurolinguistic.com\/blog\/novita-assoluta-italia\/#primaryimage\"},\"thumbnailUrl\":\"https:\/\/www.neurolinguistic.com\/blog\/wp-content\/themes\/flexsqueeze2\/images\/dividers\/clear-bubble.png\",\"datePublished\":\"2017-05-08T08:38:30+00:00\",\"dateModified\":\"2017-05-10T12:06:03+00:00\",\"breadcrumb\":{\"@id\":\"https:\/\/www.neurolinguistic.com\/blog\/novita-assoluta-italia\/#breadcrumb\"},\"inLanguage\":\"it-IT\",\"potentialAction\":[{\"@type\":\"ReadAction\",\"target\":[\"https:\/\/www.neurolinguistic.com\/blog\/novita-assoluta-italia\/\"]}]},{\"@type\":\"ImageObject\",\"inLanguage\":\"it-IT\",\"@id\":\"https:\/\/www.neurolinguistic.com\/blog\/novita-assoluta-italia\/#primaryimage\",\"url\":\"https:\/\/www.neurolinguistic.com\/blog\/wp-content\/themes\/flexsqueeze2\/images\/dividers\/clear-bubble.png\",\"contentUrl\":\"https:\/\/www.neurolinguistic.com\/blog\/wp-content\/themes\/flexsqueeze2\/images\/dividers\/clear-bubble.png\"},{\"@type\":\"BreadcrumbList\",\"@id\":\"https:\/\/www.neurolinguistic.com\/blog\/novita-assoluta-italia\/#breadcrumb\",\"itemListElement\":[{\"@type\":\"ListItem\",\"position\":1,\"name\":\"Home\",\"item\":\"https:\/\/www.neurolinguistic.com\/blog\/\"},{\"@type\":\"ListItem\",\"position\":2,\"name\":\"Novita assoluta in Italia\"}]},{\"@type\":\"WebSite\",\"@id\":\"https:\/\/www.neurolinguistic.com\/blog\/#website\",\"url\":\"https:\/\/www.neurolinguistic.com\/blog\/\",\"name\":\"Universit\u00e9 Europ\u00e9enne - ISI-CNV\",\"description\":\"Articoli, Lezioni Online, Omaggi, Video e molto altro\",\"potentialAction\":[{\"@type\":\"SearchAction\",\"target\":{\"@type\":\"EntryPoint\",\"urlTemplate\":\"https:\/\/www.neurolinguistic.com\/blog\/?s={search_term_string}\"},\"query-input\":{\"@type\":\"PropertyValueSpecification\",\"valueRequired\":true,\"valueName\":\"search_term_string\"}}],\"inLanguage\":\"it-IT\"}]}<\/script>\n<!-- \/ Yoast SEO plugin. -->","yoast_head_json":{"title":"Novita assoluta in Italia &#8211; Universit\u00e9 Europ\u00e9enne - ISI-CNV","robots":{"index":"index","follow":"follow","max-snippet":"max-snippet:-1","max-image-preview":"max-image-preview:large","max-video-preview":"max-video-preview:-1"},"canonical":"https:\/\/www.neurolinguistic.com\/blog\/novita-assoluta-italia\/","og_locale":"it_IT","og_type":"article","og_title":"Novita assoluta in Italia &#8211; Universit\u00e9 Europ\u00e9enne - ISI-CNV","og_description":"[bodybg bodybgimage=&rdquo;https:\/\/www.neurolinguistic.com\/blog\/wp-content\/themes\/flexsqueeze2\/images\/quicksets\/full-quickset-7.jpg&rdquo;][\/bodybg] [flexblock width=fixed bgcolor=transparent padding=30] Novit&agrave; assoluta in Italia! A Roma dal 15 al 18 Giugno 2017 i massimi esperti al mondo in ipnosi (tra cui il grande Tom Silver) saranno a tua disposizione con un costo a portata di qualsiasi budget! (L&rsquo;evento &egrave; in Italiano o con traduzione simultanea ove occorre) Sei un [&hellip;]","og_url":"https:\/\/www.neurolinguistic.com\/blog\/novita-assoluta-italia\/","og_site_name":"Universit\u00e9 Europ\u00e9enne - ISI-CNV","article_publisher":"https:\/\/www.facebook.com\/ipnositecniche","article_modified_time":"2017-05-10T12:06:03+00:00","og_image":[{"url":"https:\/\/www.neurolinguistic.com\/blog\/wp-content\/themes\/flexsqueeze2\/images\/dividers\/clear-bubble.png","type":"","width":"","height":""}],"twitter_card":"summary_large_image","twitter_misc":{"Tempo di lettura stimato":"1 minuto"},"schema":{"@context":"https:\/\/schema.org","@graph":[{"@type":"WebPage","@id":"https:\/\/www.neurolinguistic.com\/blog\/novita-assoluta-italia\/","url":"https:\/\/www.neurolinguistic.com\/blog\/novita-assoluta-italia\/","name":"Novita assoluta in Italia &#8211; Universit\u00e9 Europ\u00e9enne - ISI-CNV","isPartOf":{"@id":"https:\/\/www.neurolinguistic.com\/blog\/#website"},"primaryImageOfPage":{"@id":"https:\/\/www.neurolinguistic.com\/blog\/novita-assoluta-italia\/#primaryimage"},"image":{"@id":"https:\/\/www.neurolinguistic.com\/blog\/novita-assoluta-italia\/#primaryimage"},"thumbnailUrl":"https:\/\/www.neurolinguistic.com\/blog\/wp-content\/themes\/flexsqueeze2\/images\/dividers\/clear-bubble.png","datePublished":"2017-05-08T08:38:30+00:00","dateModified":"2017-05-10T12:06:03+00:00","breadcrumb":{"@id":"https:\/\/www.neurolinguistic.com\/blog\/novita-assoluta-italia\/#breadcrumb"},"inLanguage":"it-IT","potentialAction":[{"@type":"ReadAction","target":["https:\/\/www.neurolinguistic.com\/blog\/novita-assoluta-italia\/"]}]},{"@type":"ImageObject","inLanguage":"it-IT","@id":"https:\/\/www.neurolinguistic.com\/blog\/novita-assoluta-italia\/#primaryimage","url":"https:\/\/www.neurolinguistic.com\/blog\/wp-content\/themes\/flexsqueeze2\/images\/dividers\/clear-bubble.png","contentUrl":"https:\/\/www.neurolinguistic.com\/blog\/wp-content\/themes\/flexsqueeze2\/images\/dividers\/clear-bubble.png"},{"@type":"BreadcrumbList","@id":"https:\/\/www.neurolinguistic.com\/blog\/novita-assoluta-italia\/#breadcrumb","itemListElement":[{"@type":"ListItem","position":1,"name":"Home","item":"https:\/\/www.neurolinguistic.com\/blog\/"},{"@type":"ListItem","position":2,"name":"Novita assoluta in Italia"}]},{"@type":"WebSite","@id":"https:\/\/www.neurolinguistic.com\/blog\/#website","url":"https:\/\/www.neurolinguistic.com\/blog\/","name":"Universit\u00e9 Europ\u00e9enne - ISI-CNV","description":"Articoli, Lezioni Online, Omaggi, Video e molto altro","potentialAction":[{"@type":"SearchAction","target":{"@type":"EntryPoint","urlTemplate":"https:\/\/www.neurolinguistic.com\/blog\/?s={search_term_string}"},"query-input":{"@type":"PropertyValueSpecification","valueRequired":true,"valueName":"search_term_string"}}],"inLanguage":"it-IT"}]}},"_links":{"self":[{"href":"https:\/\/www.neurolinguistic.com\/blog\/wp-json\/wp\/v2\/pages\/2071","targetHints":{"allow":["GET"]}}],"collection":[{"href":"https:\/\/www.neurolinguistic.com\/blog\/wp-json\/wp\/v2\/pages"}],"about":[{"href":"https:\/\/www.neurolinguistic.com\/blog\/wp-json\/wp\/v2\/types\/page"}],"author":[{"embeddable":true,"href":"https:\/\/www.neurolinguistic.com\/blog\/wp-json\/wp\/v2\/users\/1"}],"replies":[{"embeddable":true,"href":"https:\/\/www.neurolinguistic.com\/blog\/wp-json\/wp\/v2\/comments?post=2071"}],"version-history":[{"count":1,"href":"https:\/\/www.neurolinguistic.com\/blog\/wp-json\/wp\/v2\/pages\/2071\/revisions"}],"predecessor-version":[{"id":2072,"href":"https:\/\/www.neurolinguistic.com\/blog\/wp-json\/wp\/v2\/pages\/2071\/revisions\/2072"}],"wp:attachment":[{"href":"https:\/\/www.neurolinguistic.com\/blog\/wp-json\/wp\/v2\/media?parent=2071"}],"curies":[{"name":"wp","href":"https:\/\/api.w.org\/{rel}","templated":true}]}}