{"id":1940,"date":"2017-02-02T14:43:27","date_gmt":"2017-02-02T13:43:27","guid":{"rendered":"http:\/\/www.neurolinguistic.com\/blog\/?page_id=1940"},"modified":"2017-02-02T14:43:27","modified_gmt":"2017-02-02T13:43:27","slug":"regression-espana","status":"publish","type":"page","link":"https:\/\/www.neurolinguistic.com\/blog\/regression-espana\/","title":{"rendered":"Regression Espana"},"content":{"rendered":"<h2 style=\"text-align: center;\"><span style=\"color: #a10000;\">El Misterio de la vida y del tiempo. El completo E-book libre de Hipnosis Regresiva<\/span><\/h2>\n<h4 style=\"text-align: center;\">Matric\u00falese ahora para recibir inmediatamente el e-book\u2026<\/h4>\n<p style=\"text-align: center;\">Introduzca su nombre, su correo electr\u00f3nico y haga clic en el bot\u00f3n verde.<\/p>\n<div class=\"optinWrap\">\n<form id=\"flexoptin127\" class=\"flexoptinform optinvert\" style=\"max-width: 500px;\" accept-charset=\"utf-8\" action=\"https:\/\/app.getresponse.com\/add_subscriber.html\" method=\"post\"><input name=\"campaign_token\" type=\"hidden\" value=\"TVYNO\" \/><input name=\"start_day\" type=\"hidden\" value=\"0\" \/><input name=\"name\" type=\"text\" value=\"Su nombre:\" onfocus=\"if (this.value == 'Su nombre:') {this.value = '';}\" onblur=\"if (this.value == '') {this.value = 'Su nombre:';}\" style=\"width: 100%; color: #4a4a4a; background: #FFFFFF; border: 1px solid #808080; margin: 0 auto 5px auto; display: block; text-align: center;\" class=\"namefield1\" \/><input name=\"email\" type=\"text\" value=\"Su correo electr\u00f3nico:\" onfocus=\"if (this.value == 'Su correo electr\u00f3nico:') {this.value = '';}\" onblur=\"if (this.value == '') {this.value = 'Su correo electr\u00f3nico:';}\" style=\"width: 100%; color: #4a4a4a; background: #FFFFFF; border: 1px solid #808080; margin: 0 auto 5px auto; display: block; text-align: center;\" class=\"emailfield1\" \/> <input name=\"submit\" type=\"submit\" value=\"Suscr\u00edbase ahora\" style=\"color: #ffffff; font: normal bold 1.3em Tahoma, Helvetica, Arial; background: #9ADB00 url('https:\/\/www.neurolinguistic.com\/blog\/wp-content\/themes\/flexsqueeze2\/images\/submit-btm-dark.png') repeat-x center;\" class=\"foptinSubmit\" \/><\/p>\n<p class=\"foptinprivacy\" style=\"font-size: 90%; line-height: normal;\">Su privacidad est\u00e1 a salvo. Puede darse de baja en cualquier momento con un clic.<\/p>\n<\/form>\n<\/div>\n<p>La hipnosis regresiva permite revivir episodios, sean positivos o negativos, vividos en el pasado. Puede, por lo tanto, servir para alcanzar el coraz\u00f3n de muchos problemas ps\u00edquicos y resolverlos, con efectos positivos tambi\u00e9n sobre el bienestar.<\/p>\n<p><img loading=\"lazy\" decoding=\"async\" class=\"aligncenter size-full wp-image-1932\" src=\"https:\/\/www.neurolinguistic.com\/blog\/wp-content\/uploads\/past-life-regression-therapy.jpg\" alt=\"\" width=\"750\" height=\"427\" srcset=\"https:\/\/www.neurolinguistic.com\/blog\/wp-content\/uploads\/past-life-regression-therapy.jpg 750w, https:\/\/www.neurolinguistic.com\/blog\/wp-content\/uploads\/past-life-regression-therapy-300x171.jpg 300w\" sizes=\"auto, (max-width: 750px) 100vw, 750px\" \/><\/p>\n<p><strong><span style=\"font-family: arial, helvetica, sans-serif; font-size: 18pt; color: #3366ff;\">Indice de los temas del e-book:<\/span><\/strong><\/p>\n<div class=\"section group\">\n<div class=\"col span_6_of_12\">\n<ul class=\"flexlist greencheck2\">\n<li>El Misterio de la vida y del tiempo<\/li>\n<li>Primeros Pasos<\/li>\n<li>Salir de las jaulas de los pensamientos<\/li>\n<li>\u00bfQu\u00e9 es el Sonambulismo hipn\u00f2tico?<\/li>\n<li>M\u00e9todos de Regresi\u00f3n<\/li>\n<li>La t\u00e9cnica circulare y el tiempo \u201cesf\u00e9rico\u201d<\/li>\n<li>El tiempo no dual<\/li>\n<\/ul>\n<\/div>\n<div class=\"col span_6_of_12\">\n<ul class=\"flexlist greencheck2\">\n<li>Tipos de Regresiones<\/li>\n<li>Gu\u00eda para efectuar una Regresi\u00f3n<\/li>\n<li>Sonambulismo hipn\u00f3tico y magn\u00e9tico<\/li>\n<li>\u00bfC\u00f3mo desarrollar sonambulismo magn\u00e9tico con otra persona?<\/li>\n<li>Procedimiento para la regresi\u00f3n de vidas pasadas<\/li>\n<li>Ejercicios \u00fatiles<\/li>\n<\/ul>\n<\/div>\n<\/div>\n<h4 style=\"text-align: center;\"><img decoding=\"async\" class=\"aligncenter\" src=\"https:\/\/www.neurolinguistic.com\/blog\/wp-content\/themes\/flexsqueeze2\/images\/da_blue2.png\" alt=\"\" \/><\/h4>\n<h4 style=\"text-align: center;\">Matric\u00f9lese\u00a0ahora para recibir inmediatamente\u00a0el e-book&#8230;<\/h4>\n<p style=\"text-align: center;\">Introduzca su nombre, su correo electr\u00f3nico y haga clic en el bot\u00f3n verde.<\/p>\n<div class=\"optinWrap\">\n<form id=\"flexoptin127\" class=\"flexoptinform optinvert\" style=\"max-width: 500px;\" accept-charset=\"utf-8\" action=\"https:\/\/app.getresponse.com\/add_subscriber.html\" method=\"post\"><input name=\"campaign_token\" type=\"hidden\" value=\"TVYNO\" \/><input name=\"start_day\" type=\"hidden\" value=\"0\" \/><input name=\"name\" type=\"text\" value=\"Su nombre:\" onfocus=\"if (this.value == 'Su nombre:') {this.value = '';}\" onblur=\"if (this.value == '') {this.value = 'Su nombre:';}\" style=\"width: 100%; color: #4a4a4a; background: #FFFFFF; border: 1px solid #808080; margin: 0 auto 5px auto; display: block; text-align: center;\" class=\"namefield1\" \/><input name=\"email\" type=\"text\" value=\"Su correo electr\u00f3nico:\" onfocus=\"if (this.value == 'Su correo electr\u00f3nico:') {this.value = '';}\" onblur=\"if (this.value == '') {this.value = 'Su correo electr\u00f3nico:';}\" style=\"width: 100%; color: #4a4a4a; background: #FFFFFF; border: 1px solid #808080; margin: 0 auto 5px auto; display: block; text-align: center;\" class=\"emailfield1\" \/> <input name=\"submit\" type=\"submit\" value=\"Suscr\u00edbase ahora\" style=\"color: #ffffff; font: normal bold 1.3em Tahoma, Helvetica, Arial; background: #9ADB00 url('https:\/\/www.neurolinguistic.com\/blog\/wp-content\/themes\/flexsqueeze2\/images\/submit-btm-dark.png') repeat-x center;\" class=\"foptinSubmit\" \/><\/p>\n<p class=\"foptinprivacy\" style=\"font-size: 90%; line-height: normal;\">\u00a0Su privacidad est\u00e1 a salvo. Puede darse de baja en cualquier momento con un clic.<\/p>\n<\/form>\n<\/div>\n<div class=\"section group\"><img decoding=\"async\" class=\"aligncenter\" style=\"width: 100%;\" src=\"https:\/\/www.neurolinguistic.com\/blog\/wp-content\/themes\/flexsqueeze2\/images\/dividers\/clear-bubble.png\" alt=\"\" \/><\/div>\n<p style=\"text-align: center; font-size: 10pt;\">Universit\u00e9Europ\u00e9enne \u2013 Todos los derechos reservados<\/p>\n","protected":false},"excerpt":{"rendered":"<p>El Misterio de la vida y del tiempo. El completo E-book libre de Hipnosis Regresiva Matric&uacute;lese ahora para recibir inmediatamente el e-book&hellip; Introduzca su nombre, su correo electr&oacute;nico y haga clic en el bot&oacute;n verde. Su privacidad est&aacute; a salvo. Puede darse de baja en cualquier momento con un clic. La hipnosis regresiva permite revivir [&hellip;]<\/p>\n","protected":false},"author":1,"featured_media":0,"parent":0,"menu_order":0,"comment_status":"closed","ping_status":"closed","template":"sptemplate-13.php","meta":{"footnotes":""},"class_list":["post-1940","page","type-page","status-publish","hentry"],"yoast_head":"<!-- This site is optimized with the Yoast SEO plugin v27.2 - https:\/\/yoast.com\/product\/yoast-seo-wordpress\/ -->\n<title>Regression Espana &#8211; Universit\u00e9 Europ\u00e9enne - ISI-CNV<\/title>\n<meta name=\"robots\" content=\"index, follow, max-snippet:-1, max-image-preview:large, max-video-preview:-1\" \/>\n<link rel=\"canonical\" href=\"https:\/\/www.neurolinguistic.com\/blog\/regression-espana\/\" \/>\n<meta property=\"og:locale\" content=\"it_IT\" \/>\n<meta property=\"og:type\" content=\"article\" \/>\n<meta property=\"og:title\" content=\"Regression Espana &#8211; Universit\u00e9 Europ\u00e9enne - ISI-CNV\" \/>\n<meta property=\"og:description\" content=\"El Misterio de la vida y del tiempo. El completo E-book libre de Hipnosis Regresiva Matric&uacute;lese ahora para recibir inmediatamente el e-book&hellip; Introduzca su nombre, su correo electr&oacute;nico y haga clic en el bot&oacute;n verde. Su privacidad est&aacute; a salvo. Puede darse de baja en cualquier momento con un clic. La hipnosis regresiva permite revivir [&hellip;]\" \/>\n<meta property=\"og:url\" content=\"https:\/\/www.neurolinguistic.com\/blog\/regression-espana\/\" \/>\n<meta property=\"og:site_name\" content=\"Universit\u00e9 Europ\u00e9enne - ISI-CNV\" \/>\n<meta property=\"article:publisher\" content=\"https:\/\/www.facebook.com\/ipnositecniche\" \/>\n<meta property=\"og:image\" content=\"https:\/\/www.neurolinguistic.com\/blog\/wp-content\/uploads\/past-life-regression-therapy.jpg\" \/>\n<meta name=\"twitter:card\" content=\"summary_large_image\" \/>\n<meta name=\"twitter:label1\" content=\"Tempo di lettura stimato\" \/>\n\t<meta name=\"twitter:data1\" content=\"1 minuto\" \/>\n<script type=\"application\/ld+json\" class=\"yoast-schema-graph\">{\"@context\":\"https:\/\/schema.org\",\"@graph\":[{\"@type\":\"WebPage\",\"@id\":\"https:\/\/www.neurolinguistic.com\/blog\/regression-espana\/\",\"url\":\"https:\/\/www.neurolinguistic.com\/blog\/regression-espana\/\",\"name\":\"Regression Espana &#8211; Universit\u00e9 Europ\u00e9enne - ISI-CNV\",\"isPartOf\":{\"@id\":\"https:\/\/www.neurolinguistic.com\/blog\/#website\"},\"primaryImageOfPage\":{\"@id\":\"https:\/\/www.neurolinguistic.com\/blog\/regression-espana\/#primaryimage\"},\"image\":{\"@id\":\"https:\/\/www.neurolinguistic.com\/blog\/regression-espana\/#primaryimage\"},\"thumbnailUrl\":\"https:\/\/www.neurolinguistic.com\/blog\/wp-content\/uploads\/past-life-regression-therapy.jpg\",\"datePublished\":\"2017-02-02T13:43:27+00:00\",\"breadcrumb\":{\"@id\":\"https:\/\/www.neurolinguistic.com\/blog\/regression-espana\/#breadcrumb\"},\"inLanguage\":\"it-IT\",\"potentialAction\":[{\"@type\":\"ReadAction\",\"target\":[\"https:\/\/www.neurolinguistic.com\/blog\/regression-espana\/\"]}]},{\"@type\":\"ImageObject\",\"inLanguage\":\"it-IT\",\"@id\":\"https:\/\/www.neurolinguistic.com\/blog\/regression-espana\/#primaryimage\",\"url\":\"https:\/\/www.neurolinguistic.com\/blog\/wp-content\/uploads\/past-life-regression-therapy.jpg\",\"contentUrl\":\"https:\/\/www.neurolinguistic.com\/blog\/wp-content\/uploads\/past-life-regression-therapy.jpg\",\"width\":750,\"height\":427},{\"@type\":\"BreadcrumbList\",\"@id\":\"https:\/\/www.neurolinguistic.com\/blog\/regression-espana\/#breadcrumb\",\"itemListElement\":[{\"@type\":\"ListItem\",\"position\":1,\"name\":\"Home\",\"item\":\"https:\/\/www.neurolinguistic.com\/blog\/\"},{\"@type\":\"ListItem\",\"position\":2,\"name\":\"Regression Espana\"}]},{\"@type\":\"WebSite\",\"@id\":\"https:\/\/www.neurolinguistic.com\/blog\/#website\",\"url\":\"https:\/\/www.neurolinguistic.com\/blog\/\",\"name\":\"Universit\u00e9 Europ\u00e9enne - ISI-CNV\",\"description\":\"Articoli, Lezioni Online, Omaggi, Video e molto altro\",\"potentialAction\":[{\"@type\":\"SearchAction\",\"target\":{\"@type\":\"EntryPoint\",\"urlTemplate\":\"https:\/\/www.neurolinguistic.com\/blog\/?s={search_term_string}\"},\"query-input\":{\"@type\":\"PropertyValueSpecification\",\"valueRequired\":true,\"valueName\":\"search_term_string\"}}],\"inLanguage\":\"it-IT\"}]}<\/script>\n<!-- \/ Yoast SEO plugin. -->","yoast_head_json":{"title":"Regression Espana &#8211; Universit\u00e9 Europ\u00e9enne - ISI-CNV","robots":{"index":"index","follow":"follow","max-snippet":"max-snippet:-1","max-image-preview":"max-image-preview:large","max-video-preview":"max-video-preview:-1"},"canonical":"https:\/\/www.neurolinguistic.com\/blog\/regression-espana\/","og_locale":"it_IT","og_type":"article","og_title":"Regression Espana &#8211; Universit\u00e9 Europ\u00e9enne - ISI-CNV","og_description":"El Misterio de la vida y del tiempo. El completo E-book libre de Hipnosis Regresiva Matric&uacute;lese ahora para recibir inmediatamente el e-book&hellip; Introduzca su nombre, su correo electr&oacute;nico y haga clic en el bot&oacute;n verde. Su privacidad est&aacute; a salvo. Puede darse de baja en cualquier momento con un clic. La hipnosis regresiva permite revivir [&hellip;]","og_url":"https:\/\/www.neurolinguistic.com\/blog\/regression-espana\/","og_site_name":"Universit\u00e9 Europ\u00e9enne - ISI-CNV","article_publisher":"https:\/\/www.facebook.com\/ipnositecniche","og_image":[{"url":"https:\/\/www.neurolinguistic.com\/blog\/wp-content\/uploads\/past-life-regression-therapy.jpg","type":"","width":"","height":""}],"twitter_card":"summary_large_image","twitter_misc":{"Tempo di lettura stimato":"1 minuto"},"schema":{"@context":"https:\/\/schema.org","@graph":[{"@type":"WebPage","@id":"https:\/\/www.neurolinguistic.com\/blog\/regression-espana\/","url":"https:\/\/www.neurolinguistic.com\/blog\/regression-espana\/","name":"Regression Espana &#8211; Universit\u00e9 Europ\u00e9enne - ISI-CNV","isPartOf":{"@id":"https:\/\/www.neurolinguistic.com\/blog\/#website"},"primaryImageOfPage":{"@id":"https:\/\/www.neurolinguistic.com\/blog\/regression-espana\/#primaryimage"},"image":{"@id":"https:\/\/www.neurolinguistic.com\/blog\/regression-espana\/#primaryimage"},"thumbnailUrl":"https:\/\/www.neurolinguistic.com\/blog\/wp-content\/uploads\/past-life-regression-therapy.jpg","datePublished":"2017-02-02T13:43:27+00:00","breadcrumb":{"@id":"https:\/\/www.neurolinguistic.com\/blog\/regression-espana\/#breadcrumb"},"inLanguage":"it-IT","potentialAction":[{"@type":"ReadAction","target":["https:\/\/www.neurolinguistic.com\/blog\/regression-espana\/"]}]},{"@type":"ImageObject","inLanguage":"it-IT","@id":"https:\/\/www.neurolinguistic.com\/blog\/regression-espana\/#primaryimage","url":"https:\/\/www.neurolinguistic.com\/blog\/wp-content\/uploads\/past-life-regression-therapy.jpg","contentUrl":"https:\/\/www.neurolinguistic.com\/blog\/wp-content\/uploads\/past-life-regression-therapy.jpg","width":750,"height":427},{"@type":"BreadcrumbList","@id":"https:\/\/www.neurolinguistic.com\/blog\/regression-espana\/#breadcrumb","itemListElement":[{"@type":"ListItem","position":1,"name":"Home","item":"https:\/\/www.neurolinguistic.com\/blog\/"},{"@type":"ListItem","position":2,"name":"Regression Espana"}]},{"@type":"WebSite","@id":"https:\/\/www.neurolinguistic.com\/blog\/#website","url":"https:\/\/www.neurolinguistic.com\/blog\/","name":"Universit\u00e9 Europ\u00e9enne - ISI-CNV","description":"Articoli, Lezioni Online, Omaggi, Video e molto altro","potentialAction":[{"@type":"SearchAction","target":{"@type":"EntryPoint","urlTemplate":"https:\/\/www.neurolinguistic.com\/blog\/?s={search_term_string}"},"query-input":{"@type":"PropertyValueSpecification","valueRequired":true,"valueName":"search_term_string"}}],"inLanguage":"it-IT"}]}},"_links":{"self":[{"href":"https:\/\/www.neurolinguistic.com\/blog\/wp-json\/wp\/v2\/pages\/1940","targetHints":{"allow":["GET"]}}],"collection":[{"href":"https:\/\/www.neurolinguistic.com\/blog\/wp-json\/wp\/v2\/pages"}],"about":[{"href":"https:\/\/www.neurolinguistic.com\/blog\/wp-json\/wp\/v2\/types\/page"}],"author":[{"embeddable":true,"href":"https:\/\/www.neurolinguistic.com\/blog\/wp-json\/wp\/v2\/users\/1"}],"replies":[{"embeddable":true,"href":"https:\/\/www.neurolinguistic.com\/blog\/wp-json\/wp\/v2\/comments?post=1940"}],"version-history":[{"count":0,"href":"https:\/\/www.neurolinguistic.com\/blog\/wp-json\/wp\/v2\/pages\/1940\/revisions"}],"wp:attachment":[{"href":"https:\/\/www.neurolinguistic.com\/blog\/wp-json\/wp\/v2\/media?parent=1940"}],"curies":[{"name":"wp","href":"https:\/\/api.w.org\/{rel}","templated":true}]}}