{"id":1783,"date":"2016-08-26T13:35:03","date_gmt":"2016-08-26T13:35:03","guid":{"rendered":"http:\/\/www.neurolinguistic.com\/blog\/?page_id=1783"},"modified":"2016-08-27T13:07:31","modified_gmt":"2016-08-27T13:07:31","slug":"el-magnetismo-personal-ebook","status":"publish","type":"page","link":"https:\/\/www.neurolinguistic.com\/blog\/el-magnetismo-personal-ebook\/","title":{"rendered":"El Magnetismo Personal y como desarrollarlo"},"content":{"rendered":"<p class=\"ffhead1\"><span style=\"color: #bd0000; font-family: 'Eagle Lake';\"><strong>El Magnetismo Personal y como desarrollarlo<\/strong><\/span><\/p>\n<p class=\" ffhead4\">Lecciones practicas de experimentacion. Con llaves a los tesoros escondidos del Magnetismo antig\u00fco y moderno.<\/p>\n<p><img loading=\"lazy\" decoding=\"async\" class=\"aligncenter size-full wp-image-1787\" src=\"https:\/\/www.neurolinguistic.com\/blog\/wp-content\/uploads\/magnetism-1.jpg\" alt=\"magnetism\" width=\"864\" height=\"486\" srcset=\"https:\/\/www.neurolinguistic.com\/blog\/wp-content\/uploads\/magnetism-1.jpg 864w, https:\/\/www.neurolinguistic.com\/blog\/wp-content\/uploads\/magnetism-1-300x169.jpg 300w, https:\/\/www.neurolinguistic.com\/blog\/wp-content\/uploads\/magnetism-1-768x432.jpg 768w\" sizes=\"auto, (max-width: 864px) 100vw, 864px\" \/><\/p>\n<p style=\"text-align: center;\"><span style=\"font-family: tahoma, arial, helvetica, sans-serif; font-size: 14pt;\">Este libro tiene como finalidad transmitir conocimientos sobre hechos importantes y poco conocidos que nosotros hemos descubierto. Nosotros somos expertos en hipnosis, NLP y otras neurociencias psicol\u00f3gicas modernas, y hemos llevado a cabo muchas hipnoterapias y psicoterapias con \u00e9xito.<\/span><\/p>\n<p><img loading=\"lazy\" decoding=\"async\" class=\"aligncenter size-full wp-image-1784\" src=\"https:\/\/www.neurolinguistic.com\/blog\/wp-content\/uploads\/magnetism.jpg\" alt=\"magnetism\" width=\"640\" height=\"480\" srcset=\"https:\/\/www.neurolinguistic.com\/blog\/wp-content\/uploads\/magnetism.jpg 640w, https:\/\/www.neurolinguistic.com\/blog\/wp-content\/uploads\/magnetism-300x225.jpg 300w\" sizes=\"auto, (max-width: 640px) 100vw, 640px\" \/><\/p>\n<p style=\"text-align: center;\"><span style=\"font-size: 14pt;\">88\u00a0p\u00e1ginas &#8211; Espa\u00f1ol<\/span><\/p>\n<p style=\"text-align: left;\"><strong>Estimados investigadores<\/strong><\/p>\n<p>En nuestros centros, ubicados en Francia e Italia, no\u00a0s\u00f3lo atendemos pacientes sino tambi\u00e9n ense\u00f1amos t\u00e9cnicas\u00a0con el fin de compartir los conocimientos que hemos\u00a0adquirido a lo largo de a\u00f1os de aprendizaje y experiencia.<\/p>\n<p>Aunque en el pasado nos bas\u00e1bamos \u00fanicamente en\u00a0puntos de vista puramente cient\u00edficos, hemos descubierto\u00a0hechos innegables que nos han llevado a ampliar nuestro\u00a0punto de vista. De esta forma, hemos tenido que aceptar\u00a0que hay hechos relacionados con la mente humana que si\u00a0bien no pueden ser explicados a trav\u00e9s de una visi\u00f3n\u00a0estrictamente cient\u00edfica son una realidad.<\/p>\n<p>Comenzamos a darnos cuenta de esto cuando\u00a0muchas veces fuimos testigos de curaciones que se dieron\u00a0de forma peculiar y que no pod\u00edan ser totalmente\u00a0explicadas a trav\u00e9s de la ciencia.<\/p>\n<p>Tambi\u00e9n, durante nuestras ense\u00f1anzas vimos\u00a0reacciones y hechos que tampoco pod\u00edan ser explicadas a\u00a0trav\u00e9s de nuestros conocimientos cient\u00edficos. Fue as\u00ed que la\u00a0pr\u00e1ctica y la experiencia nos fue ense\u00f1ando que existen\u00a0cosas que no se ense\u00f1an en centros de educaci\u00f3n formal\u00a0pero sin embargo son parte de la realidad.<\/p>\n<p>Conocimos a un hombre sencillo que viv\u00eda en un\u00a0peque\u00f1o pueblo y que ten\u00eda una capacidad incre\u00edble: pod\u00eda\u00a0hipnotizar a una persona con solo mirarla y en pocos\u00a0segundos. Esto iba m\u00e1s all\u00e1 de nuestras capacidades y nos\u00a0llev\u00f3 a comenzar un largo camino de b\u00fasqueda de nuevos\u00a0conocimientos, ya que quer\u00edamos conocer el secreto de este\u00a0hombre y lograr entender c\u00f3mo ten\u00eda tal capacidad.<\/p>\n<p>El primer contacto que tuvimos con este hombre,\u00a0Virgilio, fue a trav\u00e9s de un amigo quien lo encontr\u00f3 en un\u00a0comercio. Nuestro amigo y Virgilio comenzaron a hablar y\u00a0luego de un rato llegaron al tema del hipnotismo. Luego de\u00a0hablar un rato sobre el tema, Virgilio le ofreci\u00f3 a nuestro\u00a0amigo mostrarle su capacidad.<\/p>\n<p>Le pregunt\u00f3 a o un hombre,\u00a0de entre varias personas que se encontraban en el comercio,\u00a0si le gustar\u00eda ser hipnotizado, a lo que el hombre le contest\u00f3 con cierto tono de desaf\u00edo que si pod\u00eda hacerlo lo hiciera.\u00a0Virgilio le pidi\u00f3 \u201cmire aqu\u00ed\u201d y luego de unos tres segundos\u00a0el rostro del hombre pedi\u00f3 toda expresi\u00f3n aunque\u00a0manten\u00eda los ojos abiertos. Virgilio le hizo algunas\u00a0sugestiones y el hombre hizo autom\u00e1ticamente lo que le\u00a0ped\u00eda.<\/p>\n<p>Luego, Virgilio hizo exactamente lo mismo con otro\u00a0hombre que tambi\u00e9n se encontraba en ese comercio.\u00a0Nuevamente este segundo hombre entr\u00f3 en un estado\u00a0hipn\u00f3tico en pocos segundos y sigui\u00f3 las sugestiones\u00a0mentales de Virgilio de forma autom\u00e1tica. No s\u00f3lo la\u00a0rapidez del proceso fue asombrosa, sino tambi\u00e9n que\u00a0algunas de las sugestiones de Virgilio fueron hechas\u00a0mentalmente, sin palabras.<\/p>\n<p>Aunque nos llev\u00f3 tiempo, \u00e9ste hombre nos ense\u00f1\u00f3\u00a0su inusual e incre\u00edble m\u00e9todo de hipnotismo. No nos fue\u00a0f\u00e1cil aprenderlo ya que est\u00e1 basado en presuposiciones\u00a0mentales diferentes a las usadas por el hipnotismo\u00a0moderno.<\/p>\n<p class=\" ffhead3\"><span style=\"color: #808080;\">Qui\u00e9n es el Dr. Marco Paret<\/span><\/p>\n<p style=\"text-align: left; line-height: 151%;\"><img decoding=\"async\" style=\"float: left; margin-right: 10px;\" src=\"https:\/\/www.neurolinguistic.com\/blog\/wp-content\/uploads\/member_7793157-199x300.jpeg\" alt=\"Marco Paret\" \/>Con m\u00e1s de 25 a\u00f1os de experiencia e investigaci\u00f3n en el campo, el Dr. Marco Paret es actualmente uno de los principales expertos de la hipnosis (v\u00e9ase su p\u00e1gina de inicio en Ingl\u00e9s www.marcoparet.com). Su formaci\u00f3n tiene amos de indiscutible linaje como Prof. Erminio di Pisa, Gil Boyne (llamado el &#8220;padrino&#8221; de los hipnotizadores de Am\u00e9rica), Ormond McGill (llamado el decano de los hipnotizadores de Am\u00e9rica), Tad James, y tambi\u00e9n personajes conocidos \u00fanicamente por los especialistas como Virgilio T. tambi\u00e9n dijo &#8220;el \u00faltimo de los fascinadores&#8221;.\u00a0<span style=\"background-color: transparent;\">Fundador y director del instituto &#8220;ISI-CNV&#8221;, que desde hace 20 a\u00f1os tiene como misi\u00f3n la difusi\u00f3n de las m\u00e1s poderosas t\u00e9cnicas de comunicaci\u00f3n, hipnosis y auto-mejora. Tambi\u00e9n lleva a cabo investigaciones independientes.\u00a0<\/span><strong style=\"background-color: transparent;\">Gracias a su trabajo ha descubierto secretos que hasta ahora se han mantenido muy bien guardado. \u00c9l ha hecho estos tesoros accesibles a cualquier persona que quiera dar un impacto decisivo en sus vidas y \/ o profesi\u00f3n. <\/strong>Es invitado constantemente a diversas partes del mundo, incluso tan distantes como Australia para transmitir este conocimiento. Adem\u00e1s de la hipnosis es experto en coaching empresarial, que utiliza muchos de sus principios, y tambi\u00e9n ha trabajado para marcas de prestigio como Ferrari, Vodafone, L&#8217;Oreal, Marzotto, Telecom y muchos otros.<\/p>\n<p style=\"text-align: left; line-height: 151%;\"><img decoding=\"async\" style=\"width: 100%;\" src=\"https:\/\/www.neurolinguistic.com\/blog\/wp-content\/themes\/flexsqueeze2\/images\/dividers\/clear-bubble.png\" alt=\"\" \/><\/p>\n<p class=\" ffhead4\">Descarga el libro electr\u00f3nico ahora e inmediatamente tendr\u00e1 acceso a muchos consejos y t\u00e9cnicas pr\u00e1cticas.<\/p>\n<p style=\"text-align: center;\"><span style=\"font-family: georgia, palatino; font-size: 24pt; letter-spacing: -2px; line-height: 115%;\">S\u00ed. Quiero descargar directamente el libro electr\u00f3nico al precio especial de \u20ac\u00a0<span style=\"color: #008000; font-size: 36pt;\"><strong>19.90<\/strong><\/span><br \/>\n<\/span><\/p>\n<p style=\"text-align: center;\">[wp_eStore_buy_now_button id=12]<\/p>\n<p style=\"font-family: 'trebuchet ms', geneva; font-size: 22px; letter-spacing: -1px; line-height: 115%; text-align: center; margin-top: 125px;\">Promoci\u00f3n v\u00e1lida s\u00f3lo para pocas horas m\u00e1s.<\/p>\n<p style=\"text-align: left;\"><span style=\"color: #008000; font-size: 14pt; font-family: arial, helvetica, sans-serif;\">Haciendo clic en el &#8220;Comprar Ahora&#8221; se puede pagar con PayPal o tarjeta de cr\u00e9dito con total seguridad. Despu\u00e9s de que el pago podr\u00e1 descargar directamente el libro electr\u00f2nico.<\/span><\/p>\n<p style=\"text-align: left;\"><span style=\"font-family: trebuchet ms,geneva; font-size: 22px; letter-spacing: -1px; line-height: 115%;\">Recordamos que en nuestra escuela tambi\u00e9n se puede seguir en directo una formaci\u00f3n b\u00e1sica (un curso pr\u00e1ctico), y tambi\u00e9n una formaci\u00f3n completa (un curso de varias reuniones con expertos).<\/span><\/p>\n<p style=\"text-align: justify;\"><img decoding=\"async\" style=\"width: 100%;\" src=\"https:\/\/www.neurolinguistic.com\/blog\/wp-content\/themes\/flexsqueeze2\/images\/dividers\/clear-bubble.png\" alt=\"\" \/><\/p>\n<p style=\"text-align: center;\"><span style=\"font-size: 11px; line-height: 120%; color: #333333; font-family: helvetica;\">IHI in partnership with Universit\u00e9 Europ\u00e9enne 788-790 FINCHLEY ROAD London<\/span><\/p>\n","protected":false},"excerpt":{"rendered":"<p>El Magnetismo Personal y como desarrollarlo Lecciones practicas de experimentacion. Con llaves a los tesoros escondidos del Magnetismo antig&uuml;o y moderno. Este libro tiene como finalidad transmitir conocimientos sobre hechos importantes y poco conocidos que nosotros hemos descubierto. Nosotros somos expertos en hipnosis, NLP y otras neurociencias psicol&oacute;gicas modernas, y hemos llevado a cabo muchas [&hellip;]<\/p>\n","protected":false},"author":1,"featured_media":0,"parent":0,"menu_order":0,"comment_status":"closed","ping_status":"closed","template":"sptemplate-13.php","meta":{"footnotes":""},"class_list":["post-1783","page","type-page","status-publish","hentry"],"yoast_head":"<!-- This site is optimized with the Yoast SEO plugin v27.2 - https:\/\/yoast.com\/product\/yoast-seo-wordpress\/ -->\n<title>El Magnetismo Personal y como desarrollarlo &#8211; Universit\u00e9 Europ\u00e9enne - ISI-CNV<\/title>\n<meta name=\"robots\" content=\"index, follow, max-snippet:-1, max-image-preview:large, max-video-preview:-1\" \/>\n<link rel=\"canonical\" href=\"https:\/\/www.neurolinguistic.com\/blog\/el-magnetismo-personal-ebook\/\" \/>\n<meta property=\"og:locale\" content=\"it_IT\" \/>\n<meta property=\"og:type\" content=\"article\" \/>\n<meta property=\"og:title\" content=\"El Magnetismo Personal y como desarrollarlo &#8211; Universit\u00e9 Europ\u00e9enne - ISI-CNV\" \/>\n<meta property=\"og:description\" content=\"El Magnetismo Personal y como desarrollarlo Lecciones practicas de experimentacion. Con llaves a los tesoros escondidos del Magnetismo antig&uuml;o y moderno. Este libro tiene como finalidad transmitir conocimientos sobre hechos importantes y poco conocidos que nosotros hemos descubierto. Nosotros somos expertos en hipnosis, NLP y otras neurociencias psicol&oacute;gicas modernas, y hemos llevado a cabo muchas [&hellip;]\" \/>\n<meta property=\"og:url\" content=\"https:\/\/www.neurolinguistic.com\/blog\/el-magnetismo-personal-ebook\/\" \/>\n<meta property=\"og:site_name\" content=\"Universit\u00e9 Europ\u00e9enne - ISI-CNV\" \/>\n<meta property=\"article:publisher\" content=\"https:\/\/www.facebook.com\/ipnositecniche\" \/>\n<meta property=\"article:modified_time\" content=\"2016-08-27T13:07:31+00:00\" \/>\n<meta property=\"og:image\" content=\"https:\/\/www.neurolinguistic.com\/blog\/wp-content\/uploads\/magnetism-1.jpg\" \/>\n<meta name=\"twitter:card\" content=\"summary_large_image\" \/>\n<meta name=\"twitter:label1\" content=\"Tempo di lettura stimato\" \/>\n\t<meta name=\"twitter:data1\" content=\"5 minuti\" \/>\n<script type=\"application\/ld+json\" class=\"yoast-schema-graph\">{\"@context\":\"https:\/\/schema.org\",\"@graph\":[{\"@type\":\"WebPage\",\"@id\":\"https:\/\/www.neurolinguistic.com\/blog\/el-magnetismo-personal-ebook\/\",\"url\":\"https:\/\/www.neurolinguistic.com\/blog\/el-magnetismo-personal-ebook\/\",\"name\":\"El Magnetismo Personal y como desarrollarlo &#8211; Universit\u00e9 Europ\u00e9enne - ISI-CNV\",\"isPartOf\":{\"@id\":\"https:\/\/www.neurolinguistic.com\/blog\/#website\"},\"primaryImageOfPage\":{\"@id\":\"https:\/\/www.neurolinguistic.com\/blog\/el-magnetismo-personal-ebook\/#primaryimage\"},\"image\":{\"@id\":\"https:\/\/www.neurolinguistic.com\/blog\/el-magnetismo-personal-ebook\/#primaryimage\"},\"thumbnailUrl\":\"https:\/\/www.neurolinguistic.com\/blog\/wp-content\/uploads\/magnetism-1.jpg\",\"datePublished\":\"2016-08-26T13:35:03+00:00\",\"dateModified\":\"2016-08-27T13:07:31+00:00\",\"breadcrumb\":{\"@id\":\"https:\/\/www.neurolinguistic.com\/blog\/el-magnetismo-personal-ebook\/#breadcrumb\"},\"inLanguage\":\"it-IT\",\"potentialAction\":[{\"@type\":\"ReadAction\",\"target\":[\"https:\/\/www.neurolinguistic.com\/blog\/el-magnetismo-personal-ebook\/\"]}]},{\"@type\":\"ImageObject\",\"inLanguage\":\"it-IT\",\"@id\":\"https:\/\/www.neurolinguistic.com\/blog\/el-magnetismo-personal-ebook\/#primaryimage\",\"url\":\"https:\/\/www.neurolinguistic.com\/blog\/wp-content\/uploads\/magnetism-1.jpg\",\"contentUrl\":\"https:\/\/www.neurolinguistic.com\/blog\/wp-content\/uploads\/magnetism-1.jpg\",\"width\":864,\"height\":486},{\"@type\":\"BreadcrumbList\",\"@id\":\"https:\/\/www.neurolinguistic.com\/blog\/el-magnetismo-personal-ebook\/#breadcrumb\",\"itemListElement\":[{\"@type\":\"ListItem\",\"position\":1,\"name\":\"Home\",\"item\":\"https:\/\/www.neurolinguistic.com\/blog\/\"},{\"@type\":\"ListItem\",\"position\":2,\"name\":\"El Magnetismo Personal y como desarrollarlo\"}]},{\"@type\":\"WebSite\",\"@id\":\"https:\/\/www.neurolinguistic.com\/blog\/#website\",\"url\":\"https:\/\/www.neurolinguistic.com\/blog\/\",\"name\":\"Universit\u00e9 Europ\u00e9enne - ISI-CNV\",\"description\":\"Articoli, Lezioni Online, Omaggi, Video e molto altro\",\"potentialAction\":[{\"@type\":\"SearchAction\",\"target\":{\"@type\":\"EntryPoint\",\"urlTemplate\":\"https:\/\/www.neurolinguistic.com\/blog\/?s={search_term_string}\"},\"query-input\":{\"@type\":\"PropertyValueSpecification\",\"valueRequired\":true,\"valueName\":\"search_term_string\"}}],\"inLanguage\":\"it-IT\"}]}<\/script>\n<!-- \/ Yoast SEO plugin. -->","yoast_head_json":{"title":"El Magnetismo Personal y como desarrollarlo &#8211; Universit\u00e9 Europ\u00e9enne - ISI-CNV","robots":{"index":"index","follow":"follow","max-snippet":"max-snippet:-1","max-image-preview":"max-image-preview:large","max-video-preview":"max-video-preview:-1"},"canonical":"https:\/\/www.neurolinguistic.com\/blog\/el-magnetismo-personal-ebook\/","og_locale":"it_IT","og_type":"article","og_title":"El Magnetismo Personal y como desarrollarlo &#8211; Universit\u00e9 Europ\u00e9enne - ISI-CNV","og_description":"El Magnetismo Personal y como desarrollarlo Lecciones practicas de experimentacion. Con llaves a los tesoros escondidos del Magnetismo antig&uuml;o y moderno. Este libro tiene como finalidad transmitir conocimientos sobre hechos importantes y poco conocidos que nosotros hemos descubierto. Nosotros somos expertos en hipnosis, NLP y otras neurociencias psicol&oacute;gicas modernas, y hemos llevado a cabo muchas [&hellip;]","og_url":"https:\/\/www.neurolinguistic.com\/blog\/el-magnetismo-personal-ebook\/","og_site_name":"Universit\u00e9 Europ\u00e9enne - ISI-CNV","article_publisher":"https:\/\/www.facebook.com\/ipnositecniche","article_modified_time":"2016-08-27T13:07:31+00:00","og_image":[{"url":"https:\/\/www.neurolinguistic.com\/blog\/wp-content\/uploads\/magnetism-1.jpg","type":"","width":"","height":""}],"twitter_card":"summary_large_image","twitter_misc":{"Tempo di lettura stimato":"5 minuti"},"schema":{"@context":"https:\/\/schema.org","@graph":[{"@type":"WebPage","@id":"https:\/\/www.neurolinguistic.com\/blog\/el-magnetismo-personal-ebook\/","url":"https:\/\/www.neurolinguistic.com\/blog\/el-magnetismo-personal-ebook\/","name":"El Magnetismo Personal y como desarrollarlo &#8211; Universit\u00e9 Europ\u00e9enne - ISI-CNV","isPartOf":{"@id":"https:\/\/www.neurolinguistic.com\/blog\/#website"},"primaryImageOfPage":{"@id":"https:\/\/www.neurolinguistic.com\/blog\/el-magnetismo-personal-ebook\/#primaryimage"},"image":{"@id":"https:\/\/www.neurolinguistic.com\/blog\/el-magnetismo-personal-ebook\/#primaryimage"},"thumbnailUrl":"https:\/\/www.neurolinguistic.com\/blog\/wp-content\/uploads\/magnetism-1.jpg","datePublished":"2016-08-26T13:35:03+00:00","dateModified":"2016-08-27T13:07:31+00:00","breadcrumb":{"@id":"https:\/\/www.neurolinguistic.com\/blog\/el-magnetismo-personal-ebook\/#breadcrumb"},"inLanguage":"it-IT","potentialAction":[{"@type":"ReadAction","target":["https:\/\/www.neurolinguistic.com\/blog\/el-magnetismo-personal-ebook\/"]}]},{"@type":"ImageObject","inLanguage":"it-IT","@id":"https:\/\/www.neurolinguistic.com\/blog\/el-magnetismo-personal-ebook\/#primaryimage","url":"https:\/\/www.neurolinguistic.com\/blog\/wp-content\/uploads\/magnetism-1.jpg","contentUrl":"https:\/\/www.neurolinguistic.com\/blog\/wp-content\/uploads\/magnetism-1.jpg","width":864,"height":486},{"@type":"BreadcrumbList","@id":"https:\/\/www.neurolinguistic.com\/blog\/el-magnetismo-personal-ebook\/#breadcrumb","itemListElement":[{"@type":"ListItem","position":1,"name":"Home","item":"https:\/\/www.neurolinguistic.com\/blog\/"},{"@type":"ListItem","position":2,"name":"El Magnetismo Personal y como desarrollarlo"}]},{"@type":"WebSite","@id":"https:\/\/www.neurolinguistic.com\/blog\/#website","url":"https:\/\/www.neurolinguistic.com\/blog\/","name":"Universit\u00e9 Europ\u00e9enne - ISI-CNV","description":"Articoli, Lezioni Online, Omaggi, Video e molto altro","potentialAction":[{"@type":"SearchAction","target":{"@type":"EntryPoint","urlTemplate":"https:\/\/www.neurolinguistic.com\/blog\/?s={search_term_string}"},"query-input":{"@type":"PropertyValueSpecification","valueRequired":true,"valueName":"search_term_string"}}],"inLanguage":"it-IT"}]}},"_links":{"self":[{"href":"https:\/\/www.neurolinguistic.com\/blog\/wp-json\/wp\/v2\/pages\/1783","targetHints":{"allow":["GET"]}}],"collection":[{"href":"https:\/\/www.neurolinguistic.com\/blog\/wp-json\/wp\/v2\/pages"}],"about":[{"href":"https:\/\/www.neurolinguistic.com\/blog\/wp-json\/wp\/v2\/types\/page"}],"author":[{"embeddable":true,"href":"https:\/\/www.neurolinguistic.com\/blog\/wp-json\/wp\/v2\/users\/1"}],"replies":[{"embeddable":true,"href":"https:\/\/www.neurolinguistic.com\/blog\/wp-json\/wp\/v2\/comments?post=1783"}],"version-history":[{"count":1,"href":"https:\/\/www.neurolinguistic.com\/blog\/wp-json\/wp\/v2\/pages\/1783\/revisions"}],"predecessor-version":[{"id":1786,"href":"https:\/\/www.neurolinguistic.com\/blog\/wp-json\/wp\/v2\/pages\/1783\/revisions\/1786"}],"wp:attachment":[{"href":"https:\/\/www.neurolinguistic.com\/blog\/wp-json\/wp\/v2\/media?parent=1783"}],"curies":[{"name":"wp","href":"https:\/\/api.w.org\/{rel}","templated":true}]}}