{"id":1765,"date":"2016-08-01T18:45:54","date_gmt":"2016-08-01T18:45:54","guid":{"rendered":"http:\/\/www.neurolinguistic.com\/blog\/?page_id=1765"},"modified":"2016-08-01T18:46:38","modified_gmt":"2016-08-01T18:46:38","slug":"report-gratuito-peso-forma","status":"publish","type":"page","link":"https:\/\/www.neurolinguistic.com\/blog\/report-gratuito-peso-forma\/","title":{"rendered":"Report gratuito peso forma"},"content":{"rendered":"<p>[bodybg bodybgimage=&#8221;https:\/\/www.neurolinguistic.com\/blog\/wp-content\/themes\/flexsqueeze2\/images\/quicksets\/full-quickset-7.jpg&#8221;][\/bodybg]<\/p>\n<p class=\" ffhead3\"><span style=\"color: #b30000;\">Se i vari programmi per dimagrire sono cos\u00ec efficaci come dicono, allora perch\u00e8 c&#8217;\u00e8 ancora cos\u00ec tanta gente sovrappeso in circolazione?\u00a0\u00a0<\/span><\/p>\n<h4 style=\"text-align: center;\"><span style=\"font-family: 'Special Elite';\">Scopri ora qual \u00e8 l&#8217;UNICO vero elemento chiave senza il quale qualsiasi tipo di dieta diventa\u00a0totalmente inefficace.<\/span><\/h4>\n<p style=\"text-align: center;\">Inserisci il tuo nome, la tua email e clicca il pulsante verde.<\/p>\n<div class=\"optinWrap\">\n<form id=\"flexoptin127\" class=\"flexoptinform optinvert\" style=\"max-width: 500px;\" accept-charset=\"utf-8\" action=\"https:\/\/app.getresponse.com\/add_subscriber.html\" method=\"post\"><input name=\"campaign_token\" type=\"hidden\" value=\"nrkxO\" \/><input name=\"start_day\" type=\"hidden\" value=\"0\" \/><input name=\"name\" type=\"text\" value=\"Il Tuo Nome\" onfocus=\"if (this.value == 'Il Tuo Nome') {this.value = '';}\" onblur=\"if (this.value == '') {this.value = 'Il Tuo Nome';}\" style=\"width: 100%; color: #4a4a4a; background: #FFFFFF; border: 1px solid #808080; margin: 0 auto 5px auto; display: block; text-align: center;\" class=\"namefield1\" \/><input name=\"email\" type=\"text\" value=\"La Tua Email\" onfocus=\"if (this.value == 'La Tua Email') {this.value = '';}\" onblur=\"if (this.value == '') {this.value = 'La Tua Email';}\" style=\"width: 100%; color: #4a4a4a; background: #FFFFFF; border: 1px solid #808080; margin: 0 auto 5px auto; display: block; text-align: center;\" class=\"emailfield1\" \/> <input name=\"submit\" type=\"submit\" value=\"Accedi Gratuitamente\" style=\"color: #ffffff; font: normal bold 1.3em Tahoma, Helvetica, Arial; background: #9ADB00 url('https:\/\/www.neurolinguistic.com\/blog\/wp-content\/themes\/flexsqueeze2\/images\/submit-btm-dark.png') repeat-x center;\" class=\"foptinSubmit\" \/><\/p>\n<p class=\"foptinprivacy\" style=\"font-size: 90%; line-height: normal;\">\u00a0La tua privacy \u00e8 al sicuro! Il simbolo del lucchetto e l\u2019https:\/\/, situati nella barra degli indirizzi, garantiscono l\u2019elaborazione dei dati nel rispetto dei pi\u00f9 elevati standard di sicurezza. <strong>Potrai cancellarti in qualsiasi momento con un click.<\/strong><\/p>\n<\/form>\n<\/div>\n<div class=\"section group\"><img decoding=\"async\" class=\"aligncenter\" style=\"width: 100%;\" src=\"https:\/\/www.neurolinguistic.com\/blog\/wp-content\/themes\/flexsqueeze2\/images\/dividers\/clear-bubble.png\" alt=\"\" \/><\/div>\n<p style=\"text-align: center; font-size: 10pt;\">Universit\u00e9 Europ\u00e9enne &#8211; Tutti i diritti riservati<\/p>\n","protected":false},"excerpt":{"rendered":"<p>[bodybg bodybgimage=&rdquo;https:\/\/www.neurolinguistic.com\/blog\/wp-content\/themes\/flexsqueeze2\/images\/quicksets\/full-quickset-7.jpg&rdquo;][\/bodybg] Se i vari programmi per dimagrire sono cos&igrave; efficaci come dicono, allora perch&egrave; c&rsquo;&egrave; ancora cos&igrave; tanta gente sovrappeso in circolazione?&nbsp;&nbsp; Scopri ora qual &egrave; l&rsquo;UNICO vero elemento chiave senza il quale qualsiasi tipo di dieta diventa&nbsp;totalmente inefficace. Inserisci il tuo nome, la tua email e clicca il pulsante verde. &nbsp;La tua privacy [&hellip;]<\/p>\n","protected":false},"author":1,"featured_media":0,"parent":0,"menu_order":0,"comment_status":"closed","ping_status":"closed","template":"sptemplate-13.php","meta":{"footnotes":""},"class_list":["post-1765","page","type-page","status-publish","hentry"],"yoast_head":"<!-- This site is optimized with the Yoast SEO plugin v27.2 - https:\/\/yoast.com\/product\/yoast-seo-wordpress\/ -->\n<title>Report gratuito peso forma &#8211; Universit\u00e9 Europ\u00e9enne - ISI-CNV<\/title>\n<meta name=\"robots\" content=\"index, follow, max-snippet:-1, max-image-preview:large, max-video-preview:-1\" \/>\n<link rel=\"canonical\" href=\"https:\/\/www.neurolinguistic.com\/blog\/report-gratuito-peso-forma\/\" \/>\n<meta property=\"og:locale\" content=\"it_IT\" \/>\n<meta property=\"og:type\" content=\"article\" \/>\n<meta property=\"og:title\" content=\"Report gratuito peso forma &#8211; Universit\u00e9 Europ\u00e9enne - ISI-CNV\" \/>\n<meta property=\"og:description\" content=\"[bodybg bodybgimage=&rdquo;https:\/\/www.neurolinguistic.com\/blog\/wp-content\/themes\/flexsqueeze2\/images\/quicksets\/full-quickset-7.jpg&rdquo;][\/bodybg] Se i vari programmi per dimagrire sono cos&igrave; efficaci come dicono, allora perch&egrave; c&rsquo;&egrave; ancora cos&igrave; tanta gente sovrappeso in circolazione?&nbsp;&nbsp; Scopri ora qual &egrave; l&rsquo;UNICO vero elemento chiave senza il quale qualsiasi tipo di dieta diventa&nbsp;totalmente inefficace. Inserisci il tuo nome, la tua email e clicca il pulsante verde. &nbsp;La tua privacy [&hellip;]\" \/>\n<meta property=\"og:url\" content=\"https:\/\/www.neurolinguistic.com\/blog\/report-gratuito-peso-forma\/\" \/>\n<meta property=\"og:site_name\" content=\"Universit\u00e9 Europ\u00e9enne - ISI-CNV\" \/>\n<meta property=\"article:publisher\" content=\"https:\/\/www.facebook.com\/ipnositecniche\" \/>\n<meta property=\"article:modified_time\" content=\"2016-08-01T18:46:38+00:00\" \/>\n<meta property=\"og:image\" content=\"https:\/\/www.neurolinguistic.com\/blog\/wp-content\/themes\/flexsqueeze2\/images\/dividers\/clear-bubble.png\" \/>\n<meta name=\"twitter:card\" content=\"summary_large_image\" \/>\n<meta name=\"twitter:label1\" content=\"Tempo di lettura stimato\" \/>\n\t<meta name=\"twitter:data1\" content=\"1 minuto\" \/>\n<script type=\"application\/ld+json\" class=\"yoast-schema-graph\">{\"@context\":\"https:\/\/schema.org\",\"@graph\":[{\"@type\":\"WebPage\",\"@id\":\"https:\/\/www.neurolinguistic.com\/blog\/report-gratuito-peso-forma\/\",\"url\":\"https:\/\/www.neurolinguistic.com\/blog\/report-gratuito-peso-forma\/\",\"name\":\"Report gratuito peso forma &#8211; Universit\u00e9 Europ\u00e9enne - ISI-CNV\",\"isPartOf\":{\"@id\":\"https:\/\/www.neurolinguistic.com\/blog\/#website\"},\"primaryImageOfPage\":{\"@id\":\"https:\/\/www.neurolinguistic.com\/blog\/report-gratuito-peso-forma\/#primaryimage\"},\"image\":{\"@id\":\"https:\/\/www.neurolinguistic.com\/blog\/report-gratuito-peso-forma\/#primaryimage\"},\"thumbnailUrl\":\"https:\/\/www.neurolinguistic.com\/blog\/wp-content\/themes\/flexsqueeze2\/images\/dividers\/clear-bubble.png\",\"datePublished\":\"2016-08-01T18:45:54+00:00\",\"dateModified\":\"2016-08-01T18:46:38+00:00\",\"breadcrumb\":{\"@id\":\"https:\/\/www.neurolinguistic.com\/blog\/report-gratuito-peso-forma\/#breadcrumb\"},\"inLanguage\":\"it-IT\",\"potentialAction\":[{\"@type\":\"ReadAction\",\"target\":[\"https:\/\/www.neurolinguistic.com\/blog\/report-gratuito-peso-forma\/\"]}]},{\"@type\":\"ImageObject\",\"inLanguage\":\"it-IT\",\"@id\":\"https:\/\/www.neurolinguistic.com\/blog\/report-gratuito-peso-forma\/#primaryimage\",\"url\":\"https:\/\/www.neurolinguistic.com\/blog\/wp-content\/themes\/flexsqueeze2\/images\/dividers\/clear-bubble.png\",\"contentUrl\":\"https:\/\/www.neurolinguistic.com\/blog\/wp-content\/themes\/flexsqueeze2\/images\/dividers\/clear-bubble.png\"},{\"@type\":\"BreadcrumbList\",\"@id\":\"https:\/\/www.neurolinguistic.com\/blog\/report-gratuito-peso-forma\/#breadcrumb\",\"itemListElement\":[{\"@type\":\"ListItem\",\"position\":1,\"name\":\"Home\",\"item\":\"https:\/\/www.neurolinguistic.com\/blog\/\"},{\"@type\":\"ListItem\",\"position\":2,\"name\":\"Report gratuito peso forma\"}]},{\"@type\":\"WebSite\",\"@id\":\"https:\/\/www.neurolinguistic.com\/blog\/#website\",\"url\":\"https:\/\/www.neurolinguistic.com\/blog\/\",\"name\":\"Universit\u00e9 Europ\u00e9enne - ISI-CNV\",\"description\":\"Articoli, Lezioni Online, Omaggi, Video e molto altro\",\"potentialAction\":[{\"@type\":\"SearchAction\",\"target\":{\"@type\":\"EntryPoint\",\"urlTemplate\":\"https:\/\/www.neurolinguistic.com\/blog\/?s={search_term_string}\"},\"query-input\":{\"@type\":\"PropertyValueSpecification\",\"valueRequired\":true,\"valueName\":\"search_term_string\"}}],\"inLanguage\":\"it-IT\"}]}<\/script>\n<!-- \/ Yoast SEO plugin. -->","yoast_head_json":{"title":"Report gratuito peso forma &#8211; Universit\u00e9 Europ\u00e9enne - ISI-CNV","robots":{"index":"index","follow":"follow","max-snippet":"max-snippet:-1","max-image-preview":"max-image-preview:large","max-video-preview":"max-video-preview:-1"},"canonical":"https:\/\/www.neurolinguistic.com\/blog\/report-gratuito-peso-forma\/","og_locale":"it_IT","og_type":"article","og_title":"Report gratuito peso forma &#8211; Universit\u00e9 Europ\u00e9enne - ISI-CNV","og_description":"[bodybg bodybgimage=&rdquo;https:\/\/www.neurolinguistic.com\/blog\/wp-content\/themes\/flexsqueeze2\/images\/quicksets\/full-quickset-7.jpg&rdquo;][\/bodybg] Se i vari programmi per dimagrire sono cos&igrave; efficaci come dicono, allora perch&egrave; c&rsquo;&egrave; ancora cos&igrave; tanta gente sovrappeso in circolazione?&nbsp;&nbsp; Scopri ora qual &egrave; l&rsquo;UNICO vero elemento chiave senza il quale qualsiasi tipo di dieta diventa&nbsp;totalmente inefficace. Inserisci il tuo nome, la tua email e clicca il pulsante verde. &nbsp;La tua privacy [&hellip;]","og_url":"https:\/\/www.neurolinguistic.com\/blog\/report-gratuito-peso-forma\/","og_site_name":"Universit\u00e9 Europ\u00e9enne - ISI-CNV","article_publisher":"https:\/\/www.facebook.com\/ipnositecniche","article_modified_time":"2016-08-01T18:46:38+00:00","og_image":[{"url":"https:\/\/www.neurolinguistic.com\/blog\/wp-content\/themes\/flexsqueeze2\/images\/dividers\/clear-bubble.png","type":"","width":"","height":""}],"twitter_card":"summary_large_image","twitter_misc":{"Tempo di lettura stimato":"1 minuto"},"schema":{"@context":"https:\/\/schema.org","@graph":[{"@type":"WebPage","@id":"https:\/\/www.neurolinguistic.com\/blog\/report-gratuito-peso-forma\/","url":"https:\/\/www.neurolinguistic.com\/blog\/report-gratuito-peso-forma\/","name":"Report gratuito peso forma &#8211; Universit\u00e9 Europ\u00e9enne - ISI-CNV","isPartOf":{"@id":"https:\/\/www.neurolinguistic.com\/blog\/#website"},"primaryImageOfPage":{"@id":"https:\/\/www.neurolinguistic.com\/blog\/report-gratuito-peso-forma\/#primaryimage"},"image":{"@id":"https:\/\/www.neurolinguistic.com\/blog\/report-gratuito-peso-forma\/#primaryimage"},"thumbnailUrl":"https:\/\/www.neurolinguistic.com\/blog\/wp-content\/themes\/flexsqueeze2\/images\/dividers\/clear-bubble.png","datePublished":"2016-08-01T18:45:54+00:00","dateModified":"2016-08-01T18:46:38+00:00","breadcrumb":{"@id":"https:\/\/www.neurolinguistic.com\/blog\/report-gratuito-peso-forma\/#breadcrumb"},"inLanguage":"it-IT","potentialAction":[{"@type":"ReadAction","target":["https:\/\/www.neurolinguistic.com\/blog\/report-gratuito-peso-forma\/"]}]},{"@type":"ImageObject","inLanguage":"it-IT","@id":"https:\/\/www.neurolinguistic.com\/blog\/report-gratuito-peso-forma\/#primaryimage","url":"https:\/\/www.neurolinguistic.com\/blog\/wp-content\/themes\/flexsqueeze2\/images\/dividers\/clear-bubble.png","contentUrl":"https:\/\/www.neurolinguistic.com\/blog\/wp-content\/themes\/flexsqueeze2\/images\/dividers\/clear-bubble.png"},{"@type":"BreadcrumbList","@id":"https:\/\/www.neurolinguistic.com\/blog\/report-gratuito-peso-forma\/#breadcrumb","itemListElement":[{"@type":"ListItem","position":1,"name":"Home","item":"https:\/\/www.neurolinguistic.com\/blog\/"},{"@type":"ListItem","position":2,"name":"Report gratuito peso forma"}]},{"@type":"WebSite","@id":"https:\/\/www.neurolinguistic.com\/blog\/#website","url":"https:\/\/www.neurolinguistic.com\/blog\/","name":"Universit\u00e9 Europ\u00e9enne - ISI-CNV","description":"Articoli, Lezioni Online, Omaggi, Video e molto altro","potentialAction":[{"@type":"SearchAction","target":{"@type":"EntryPoint","urlTemplate":"https:\/\/www.neurolinguistic.com\/blog\/?s={search_term_string}"},"query-input":{"@type":"PropertyValueSpecification","valueRequired":true,"valueName":"search_term_string"}}],"inLanguage":"it-IT"}]}},"_links":{"self":[{"href":"https:\/\/www.neurolinguistic.com\/blog\/wp-json\/wp\/v2\/pages\/1765","targetHints":{"allow":["GET"]}}],"collection":[{"href":"https:\/\/www.neurolinguistic.com\/blog\/wp-json\/wp\/v2\/pages"}],"about":[{"href":"https:\/\/www.neurolinguistic.com\/blog\/wp-json\/wp\/v2\/types\/page"}],"author":[{"embeddable":true,"href":"https:\/\/www.neurolinguistic.com\/blog\/wp-json\/wp\/v2\/users\/1"}],"replies":[{"embeddable":true,"href":"https:\/\/www.neurolinguistic.com\/blog\/wp-json\/wp\/v2\/comments?post=1765"}],"version-history":[{"count":0,"href":"https:\/\/www.neurolinguistic.com\/blog\/wp-json\/wp\/v2\/pages\/1765\/revisions"}],"wp:attachment":[{"href":"https:\/\/www.neurolinguistic.com\/blog\/wp-json\/wp\/v2\/media?parent=1765"}],"curies":[{"name":"wp","href":"https:\/\/api.w.org\/{rel}","templated":true}]}}