{"id":1723,"date":"2016-07-04T20:50:31","date_gmt":"2016-07-04T20:50:31","guid":{"rendered":"http:\/\/www.neurolinguistic.com\/blog\/?page_id=1723"},"modified":"2016-07-06T08:22:17","modified_gmt":"2016-07-06T08:22:17","slug":"e-book-fascinacion-es","status":"publish","type":"page","link":"https:\/\/www.neurolinguistic.com\/blog\/e-book-fascinacion-es\/","title":{"rendered":"E-book Fascinacion es"},"content":{"rendered":"<p class=\" ffhead4\" style=\"text-align: left;\"><span style=\"font-size: 14pt;\">Este libro electr\u00f3nico te har\u00e1 trascender los l\u00edmites de la mente.<\/span><\/p>\n<p style=\"text-align: center;\"><span style=\"color: #cc0000; font-family: impact,chicago; font-size: 40px; line-height: 110%;\">&#8220;MESMERISMUS\u00ae: el poder del Magnetismo Personal<\/span><\/p>\n<p class=\" ffhead4\" style=\"text-align: center;\">MESMERISMUS\u00ae es el M\u00e9todo que hace reviv\u00ecr un conocimiento antiguo que se cre\u00eda perdido,\u00a0revisado a la luz de la ciencia cu\u00e1ntica moderna. Da la fascinaci\u00f3n magn\u00e9tica a la meditaci\u00f3n, dal simbolismo alqu\u00edmico a las tradiciones de Egipto y Persia. Un viaje de aventuras a trav\u00e9s del misterio hacia la trascendencia total&#8230;<\/p>\n<p>\u00a0<img decoding=\"async\" class=\"aligncenter\" src=\"https:\/\/www.neurolinguistic.com\/blog\/wp-content\/themes\/flexsqueeze2\/images\/da_orange2.png\" alt=\"\" \/><\/p>\n<p><center><iframe loading=\"lazy\" src=\"https:\/\/www.youtube.com\/embed\/cOVulB3N4zk?rel=0&amp;showinfo=0\" width=\"640\" height=\"480\" frameborder=\"0\" allowfullscreen=\"allowfullscreen\"><\/iframe><\/center><\/p>\n<div class=\"greybox aligncenter\" style=\"width: 556px; border-width: 3px; border-style: solid;\">\n<p>&#8220;<em>Nuestra mente es el lugar donde se encuentra el mayor poder. La verdadera magia es esta. Ah\u00ed es donde podemos multiplicar nuestro potencial, a medida que trabajamos a la fuente. Uno que sabe c\u00f3mo utilizar su mente se desarrolla y tambi\u00e9n puede impresionar a cualquier persona en cualquier lugar y condici\u00f3n.<\/em>&#8220;.<\/p>\n<\/div>\n<div class=\"fspbanner fspred\">\n<h3 class=\"softshadow\"><span style=\"color: #ffffff;\">MESMERISMUS\u00ae\u00a0(E-book)<\/span><\/h3>\n<\/div>\n<div class=\"fspfooter\"><span style=\"display: none;\">.<\/span><\/div>\n<p><img loading=\"lazy\" decoding=\"async\" class=\"size-full wp-image-1653\" src=\"https:\/\/www.neurolinguistic.com\/blog\/wp-content\/uploads\/Mesmerismus\u00a9-cover.jpg\" alt=\"Mesmerismus\u00a9-cover\" width=\"640\" height=\"480\" \/><\/p>\n<p class=\" ffhead4\"><strong>203 p\u00e1ginas &#8211;\u00a0Espa\u00f1ol<\/strong><\/p>\n<p><strong>Estimados investigadores<\/strong><\/p>\n<p>En nuestro tiempo el hombre, en su fren\u00e9tica b\u00fasqueda de objetos y posibilidades materiales, olvida que la verdadera clave del poder est\u00e1 en \u00e9l.<\/p>\n<p>El t\u00e9rmino \u201cmagnetismo personal\u201d se utiliza en el lenguaje corriente para designar ese tipo de fascinaci\u00f3n poderosa que algunos individuos producen en los dem\u00e1s. Sin que ellos hagan aparentemente nada de especial, estos individuos inspiran simpat\u00eda, el inter\u00e9s, la consideraci\u00f3n. Su presencia se aprecia, se siente como una necesidad de hacerlos amigos, para ganar su estima.<\/p>\n<p>Ni la belleza, ni la riqueza, ni el \u00e9xito, ni las cualidades morales pueden identificar con el resplandor indefinible y sutil que emana el individuo magn\u00e9tico que tiene algo m\u00e1s y diferente. Existe la impresi\u00f3n de un dep\u00f3sito de fuerzas que se atraen, tal como un campo magn\u00e9tico atrae todo lo que est\u00e1 cerca.<\/p>\n<p>No s\u00f3lo eso, sino que tambi\u00e9n se siente una sutil influencia beneficiosa en el nivel f\u00edsico. Se siente aliviado en su presencia, si alguien era f\u00edsicamente d\u00e9bil se siente con m\u00e1s energ\u00eda despu\u00e9s. \u00bfCu\u00e1l es esta misteriosa energ\u00eda que emana de nosotros mismos y sin embargo es real y tangible?<\/p>\n<p>\u00bfPor qu\u00e9 uno tiene \u00e9l y otro no? Porque una persona tenes unos pocos de el, y otra aparentemente mucho? Y de d\u00f3nde viene? \u00bfQu\u00e9 fuentes podemos sacar de \u00e9l? C\u00f3mo utilizarlo para su propia evoluci\u00f3n? \u00bfPor qu\u00e9 asimilar este conocimiento es crucial en un mundo en transici\u00f3n?<\/p>\n<p><strong>MESMERISMUS\u00ae es el libro que responde a estas y otras innumerables preguntas, aparentemente sin respuesta, que todos estamos poniendonos en este delicado per\u00edodo de la historia de la humanidad.<\/strong><\/p>\n<div class=\"greybox aligncenter\" style=\"width: 500px; border-width: 3px; border-style: solid;\">\n<p style=\"text-align: left;\"><span style=\"font-family: trebuchet ms,geneva; font-size: 22px; letter-spacing: -1px; line-height: 115%;\">En el libro tambi\u00e9n tiene una secci\u00f3n dedicada al simbolismo alqu\u00edmico y las meditaciones correspondientes, explicadas en su sentido original.<\/span><\/p>\n<\/div>\n<p style=\"text-align: left;\"><span style=\"font-family: trebuchet ms,geneva; font-size: 22px; letter-spacing: -1px; line-height: 115%;\">Ahora aqu\u00ed es una lista de los principales contenidos del libro electr\u00f3nico:<\/span><\/p>\n<ul class=\"greencheck3\">\n<li>Principios y postulados de MESMERISMUS\u00ae.<\/li>\n<li>Una breve historia del magnetismo y el mesmerismo.<\/li>\n<li>Teclas de s\u00edmbolos visuales y estados de \u00e1nimo.<\/li>\n<li>Formas de operar de acuerdo a los niveles de conciencia.<\/li>\n<li>La fascinaci\u00f3n magn\u00e9tica.<\/li>\n<li>La condici\u00f3n de &#8220;Encanto&#8221;<\/li>\n<li>Los niveles del Ser y el crecimiento de la Presencia.<\/li>\n<li>La fisiolog\u00eda natural y secreta del magnetismo.<\/li>\n<li>El Caduceo y el &#8220;Mercurio Igneo&#8221;.<\/li>\n<li>Las tradiciones de Egipto y Persia.<\/li>\n<li>El magnetismo y el desarrollo humano.<\/li>\n<li>La clave del carisma y liderazgo.<\/li>\n<li>Coincidencias y sincronicidades.<\/li>\n<li>Los puntos clave del magnetismo personal.<\/li>\n<li>Desarrollo del magnetismo y la gesti\u00f3n de la energ\u00eda personal.<\/li>\n<li>C\u00f3mo acumular y multiplicar la fuerza magn\u00e9tica.<\/li>\n<li>Los elementos f\u00edsicos del encanto personal.<\/li>\n<li>El Camino del Aire.<\/li>\n<li>La sexualidad y el magnetismo.<\/li>\n<li>El misterio de las Siete Habitaciones.<\/li>\n<li>M\u00e9todo de pases magn\u00e9ticos.<\/li>\n<li>El uso de la fascinaci\u00f3n en la terapia.<\/li>\n<li>Los elementos que se oponen al magnetismo personal.<\/li>\n<li>Facultades humanas y fisiognom\u00eda.<\/li>\n<li>Desarrollar la radiaci\u00f3n magn\u00e9tica diaria.<\/li>\n<li>La proyecci\u00f3n ps\u00edquica.<\/li>\n<li>M\u00e9todos de influencia magn\u00e9tica distancia.<\/li>\n<li>Los s\u00edmbolos alqu\u00edmicos y meditaciones correspondientes.<\/li>\n<li>Los &#8220;floreros alqu\u00edmicos&#8221;<\/li>\n<li>Ejercicios pr\u00e1cticos.<\/li>\n<\/ul>\n<p>&nbsp;<\/p>\n<div style=\"margin-top: -30px;\">\n<div class=\"fspbanner fspred\">\n<h3 class=\"softshadow\"><span style=\"color: #ffffff;\">Qui\u00e9n es el Dr. Marco Paret<\/span><\/h3>\n<\/div>\n<div class=\"fspfooter\"><span style=\"display: none;\">.<\/span><\/div>\n<p style=\"text-align: left;\"><img loading=\"lazy\" decoding=\"async\" class=\"alignleft wp-image-897 size-medium\" src=\"https:\/\/www.neurolinguistic.com\/blog\/wp-content\/uploads\/member_7793157-199x300.jpeg\" alt=\"member_7793157\" width=\"199\" height=\"300\" srcset=\"https:\/\/www.neurolinguistic.com\/blog\/wp-content\/uploads\/member_7793157-199x300.jpeg 199w, https:\/\/www.neurolinguistic.com\/blog\/wp-content\/uploads\/member_7793157.jpeg 239w\" sizes=\"auto, (max-width: 199px) 100vw, 199px\" \/>Con m\u00e1s de 25 a\u00f1os de experiencia e investigaci\u00f3n en el campo, el Dr. Marco Paret es actualmente uno de los principales expertos de la hipnosis (v\u00e9ase su p\u00e1gina de inicio en Ingl\u00e9s www.marcoparet.com). Su formaci\u00f3n tiene amos de indiscutible linaje como Prof. Erminio di Pisa, Gil Boyne (llamado el &#8220;padrino&#8221; de los hipnotizadores de Am\u00e9rica), Ormond McGill (llamado el decano de los hipnotizadores de Am\u00e9rica), Tad James, y tambi\u00e9n personajes conocidos \u00fanicamente por los especialistas como Virgilio T. tambi\u00e9n dijo &#8220;el \u00faltimo de los fascinadores&#8221;.\u00a0<span style=\"background-color: transparent;\">Fundador y director del instituto &#8220;ISI-CNV&#8221;, que desde hace 20 a\u00f1os tiene como misi\u00f3n la difusi\u00f3n de las m\u00e1s poderosas t\u00e9cnicas de comunicaci\u00f3n, hipnosis y auto-mejora. Tambi\u00e9n lleva a cabo investigaciones independientes.\u00a0<\/span><strong style=\"background-color: transparent;\">Gracias a su trabajo ha descubierto secretos que hasta ahora se han mantenido muy bien guardado. \u00c9l ha hecho estos tesoros accesibles a cualquier persona que quiera dar un impacto decisivo en sus vidas y \/ o profesi\u00f3n. <\/strong>Es invitado constantemente a diversas partes del mundo, incluso tan distantes como Australia para transmitir este conocimiento. Adem\u00e1s de la hipnosis es experto en coaching empresarial, que utiliza muchos de sus principios, y tambi\u00e9n ha trabajado para marcas de prestigio como Ferrari, Vodafone, L&#8217;Oreal, Marzotto, Telecom y muchos otros.<\/p>\n<p style=\"text-align: justify;\"><img decoding=\"async\" class=\"aligncenter\" src=\"https:\/\/www.neurolinguistic.com\/blog\/wp-content\/themes\/flexsqueeze150\/images\/dividers\/clear-bubble.png\" alt=\"\" width=\"100%\" \/><\/p>\n<\/div>\n<div class=\"arroworangeleft\" style=\"min-height: 230px; margin-left: -95px; margin-right: -95px; width: 840px;\">\n<div class=\"arroworangeright\" style=\"min-height: 230px;\">\n<div style=\"width: 500px; margin: 0pt auto;\">\n<p style=\"text-align: justify;\"><span style=\"font-family: georgia,palatino; font-size: 20px; letter-spacing: -1px; line-height: 115%;\">Descarga el libro electr\u00f3nico ahora e inmediatamente tendr\u00e1 acceso a muchos consejos y t\u00e9cnicas pr\u00e1cticas para comenzar una carrera como Magnetizador.<\/span><\/p>\n<div style=\"clear: both; height: 30px;\"><span style=\"display: none;\">.<\/span><\/div>\n<div class=\"yellowbox aligncenter light40\" style=\"width: 450px; border-width: 3px; border-style: dashed;\">\n<p style=\"text-align: center;\"><span style=\"font-family: georgia,palatino; font-size: 36px; letter-spacing: -2px; line-height: 115%;\">S\u00ed! Quiero descargar directamente el libro electr\u00f3nico!<\/span><\/p>\n<p><a href=\"https:\/\/www.neurolinguistic.com\/blog\/?wp_eStore_buy_now=10\"><img loading=\"lazy\" decoding=\"async\" class=\"aligncenter size-full wp-image-1414\" src=\"https:\/\/www.neurolinguistic.com\/blog\/wp-content\/uploads\/Add-to-Cart-with-CC-and-Paypal.png\" alt=\"Add-to-Cart-with-CC-and-Paypal\" width=\"362\" height=\"167\" srcset=\"https:\/\/www.neurolinguistic.com\/blog\/wp-content\/uploads\/Add-to-Cart-with-CC-and-Paypal.png 362w, https:\/\/www.neurolinguistic.com\/blog\/wp-content\/uploads\/Add-to-Cart-with-CC-and-Paypal-300x138.png 300w\" sizes=\"auto, (max-width: 362px) 100vw, 362px\" \/><\/a><\/p>\n<p style=\"text-align: center;\"><span style=\"font-family: trebuchet ms,geneva; font-size: 22px; letter-spacing: -1px; line-height: 115%;\">Promoci\u00f3n v\u00e1lida s\u00f3lo para pocas horas m\u00e1s!<\/span><\/p>\n<\/div>\n<\/div>\n<\/div>\n<\/div>\n<p style=\"text-align: justify;\">Haciendo clic en el &#8220;Compre ahora&#8221; se puede pagar con tarjeta de cr\u00e9dito con total seguridad. Despu\u00e9s de que el pago podr\u00e1 descargar directamente el libro electr\u00f2nico.<\/p>\n<p style=\"text-align: justify;\"><span style=\"font-family: trebuchet ms,geneva; font-size: 22px; letter-spacing: -1px; line-height: 115%;\">Recordamos que en nuestra escuela tambi\u00e9n se puede seguir en directo una formaci\u00f3n b\u00e1sica (un curso pr\u00e1ctico), y tambi\u00e9n una formaci\u00f3n completa (un curso de varias reuniones con expertos) de MESMERISMUS\u00ae.\u00a0Pr\u00f3ximamente en M\u00e9xico.<\/span><\/p>\n<p style=\"text-align: center;\"><span style=\"font-size: 11px; line-height: 120%; color: #333333; font-family: helvetica;\">IHI in partnership with Universit\u00e9 Europ\u00e9enne 788-790 FINCHLEY ROAD London<br \/>\n<\/span><\/p>\n","protected":false},"excerpt":{"rendered":"<p>Este libro electr&oacute;nico te har&aacute; trascender los l&iacute;mites de la mente. &ldquo;MESMERISMUS&reg;: el poder del Magnetismo Personal MESMERISMUS&reg; es el M&eacute;todo que hace reviv&igrave;r un conocimiento antiguo que se cre&iacute;a perdido,&nbsp;revisado a la luz de la ciencia cu&aacute;ntica moderna. Da la fascinaci&oacute;n magn&eacute;tica a la meditaci&oacute;n, dal simbolismo alqu&iacute;mico a las tradiciones de Egipto y [&hellip;]<\/p>\n","protected":false},"author":1,"featured_media":0,"parent":0,"menu_order":0,"comment_status":"closed","ping_status":"closed","template":"sptemplate-13.php","meta":{"footnotes":""},"class_list":["post-1723","page","type-page","status-publish","hentry"],"yoast_head":"<!-- This site is optimized with the Yoast SEO plugin v27.2 - https:\/\/yoast.com\/product\/yoast-seo-wordpress\/ -->\n<title>E-book Fascinacion es &#8211; Universit\u00e9 Europ\u00e9enne - ISI-CNV<\/title>\n<meta name=\"robots\" content=\"index, follow, max-snippet:-1, max-image-preview:large, max-video-preview:-1\" \/>\n<link rel=\"canonical\" href=\"https:\/\/www.neurolinguistic.com\/blog\/e-book-fascinacion-es\/\" \/>\n<meta property=\"og:locale\" content=\"it_IT\" \/>\n<meta property=\"og:type\" content=\"article\" \/>\n<meta property=\"og:title\" content=\"E-book Fascinacion es &#8211; Universit\u00e9 Europ\u00e9enne - ISI-CNV\" \/>\n<meta property=\"og:description\" content=\"Este libro electr&oacute;nico te har&aacute; trascender los l&iacute;mites de la mente. &ldquo;MESMERISMUS&reg;: el poder del Magnetismo Personal MESMERISMUS&reg; es el M&eacute;todo que hace reviv&igrave;r un conocimiento antiguo que se cre&iacute;a perdido,&nbsp;revisado a la luz de la ciencia cu&aacute;ntica moderna. Da la fascinaci&oacute;n magn&eacute;tica a la meditaci&oacute;n, dal simbolismo alqu&iacute;mico a las tradiciones de Egipto y [&hellip;]\" \/>\n<meta property=\"og:url\" content=\"https:\/\/www.neurolinguistic.com\/blog\/e-book-fascinacion-es\/\" \/>\n<meta property=\"og:site_name\" content=\"Universit\u00e9 Europ\u00e9enne - ISI-CNV\" \/>\n<meta property=\"article:publisher\" content=\"https:\/\/www.facebook.com\/ipnositecniche\" \/>\n<meta property=\"article:modified_time\" content=\"2016-07-06T08:22:17+00:00\" \/>\n<meta property=\"og:image\" content=\"https:\/\/www.neurolinguistic.com\/blog\/wp-content\/themes\/flexsqueeze2\/images\/da_orange2.png\" \/>\n<meta name=\"twitter:card\" content=\"summary_large_image\" \/>\n<meta name=\"twitter:label1\" content=\"Tempo di lettura stimato\" \/>\n\t<meta name=\"twitter:data1\" content=\"5 minuti\" \/>\n<script type=\"application\/ld+json\" class=\"yoast-schema-graph\">{\"@context\":\"https:\/\/schema.org\",\"@graph\":[{\"@type\":\"WebPage\",\"@id\":\"https:\/\/www.neurolinguistic.com\/blog\/e-book-fascinacion-es\/\",\"url\":\"https:\/\/www.neurolinguistic.com\/blog\/e-book-fascinacion-es\/\",\"name\":\"E-book Fascinacion es &#8211; Universit\u00e9 Europ\u00e9enne - ISI-CNV\",\"isPartOf\":{\"@id\":\"https:\/\/www.neurolinguistic.com\/blog\/#website\"},\"primaryImageOfPage\":{\"@id\":\"https:\/\/www.neurolinguistic.com\/blog\/e-book-fascinacion-es\/#primaryimage\"},\"image\":{\"@id\":\"https:\/\/www.neurolinguistic.com\/blog\/e-book-fascinacion-es\/#primaryimage\"},\"thumbnailUrl\":\"https:\/\/www.neurolinguistic.com\/blog\/wp-content\/themes\/flexsqueeze2\/images\/da_orange2.png\",\"datePublished\":\"2016-07-04T20:50:31+00:00\",\"dateModified\":\"2016-07-06T08:22:17+00:00\",\"breadcrumb\":{\"@id\":\"https:\/\/www.neurolinguistic.com\/blog\/e-book-fascinacion-es\/#breadcrumb\"},\"inLanguage\":\"it-IT\",\"potentialAction\":[{\"@type\":\"ReadAction\",\"target\":[\"https:\/\/www.neurolinguistic.com\/blog\/e-book-fascinacion-es\/\"]}]},{\"@type\":\"ImageObject\",\"inLanguage\":\"it-IT\",\"@id\":\"https:\/\/www.neurolinguistic.com\/blog\/e-book-fascinacion-es\/#primaryimage\",\"url\":\"https:\/\/www.neurolinguistic.com\/blog\/wp-content\/themes\/flexsqueeze2\/images\/da_orange2.png\",\"contentUrl\":\"https:\/\/www.neurolinguistic.com\/blog\/wp-content\/themes\/flexsqueeze2\/images\/da_orange2.png\"},{\"@type\":\"BreadcrumbList\",\"@id\":\"https:\/\/www.neurolinguistic.com\/blog\/e-book-fascinacion-es\/#breadcrumb\",\"itemListElement\":[{\"@type\":\"ListItem\",\"position\":1,\"name\":\"Home\",\"item\":\"https:\/\/www.neurolinguistic.com\/blog\/\"},{\"@type\":\"ListItem\",\"position\":2,\"name\":\"E-book Fascinacion es\"}]},{\"@type\":\"WebSite\",\"@id\":\"https:\/\/www.neurolinguistic.com\/blog\/#website\",\"url\":\"https:\/\/www.neurolinguistic.com\/blog\/\",\"name\":\"Universit\u00e9 Europ\u00e9enne - ISI-CNV\",\"description\":\"Articoli, Lezioni Online, Omaggi, Video e molto altro\",\"potentialAction\":[{\"@type\":\"SearchAction\",\"target\":{\"@type\":\"EntryPoint\",\"urlTemplate\":\"https:\/\/www.neurolinguistic.com\/blog\/?s={search_term_string}\"},\"query-input\":{\"@type\":\"PropertyValueSpecification\",\"valueRequired\":true,\"valueName\":\"search_term_string\"}}],\"inLanguage\":\"it-IT\"}]}<\/script>\n<!-- \/ Yoast SEO plugin. -->","yoast_head_json":{"title":"E-book Fascinacion es &#8211; Universit\u00e9 Europ\u00e9enne - ISI-CNV","robots":{"index":"index","follow":"follow","max-snippet":"max-snippet:-1","max-image-preview":"max-image-preview:large","max-video-preview":"max-video-preview:-1"},"canonical":"https:\/\/www.neurolinguistic.com\/blog\/e-book-fascinacion-es\/","og_locale":"it_IT","og_type":"article","og_title":"E-book Fascinacion es &#8211; Universit\u00e9 Europ\u00e9enne - ISI-CNV","og_description":"Este libro electr&oacute;nico te har&aacute; trascender los l&iacute;mites de la mente. &ldquo;MESMERISMUS&reg;: el poder del Magnetismo Personal MESMERISMUS&reg; es el M&eacute;todo que hace reviv&igrave;r un conocimiento antiguo que se cre&iacute;a perdido,&nbsp;revisado a la luz de la ciencia cu&aacute;ntica moderna. Da la fascinaci&oacute;n magn&eacute;tica a la meditaci&oacute;n, dal simbolismo alqu&iacute;mico a las tradiciones de Egipto y [&hellip;]","og_url":"https:\/\/www.neurolinguistic.com\/blog\/e-book-fascinacion-es\/","og_site_name":"Universit\u00e9 Europ\u00e9enne - ISI-CNV","article_publisher":"https:\/\/www.facebook.com\/ipnositecniche","article_modified_time":"2016-07-06T08:22:17+00:00","og_image":[{"url":"https:\/\/www.neurolinguistic.com\/blog\/wp-content\/themes\/flexsqueeze2\/images\/da_orange2.png","type":"","width":"","height":""}],"twitter_card":"summary_large_image","twitter_misc":{"Tempo di lettura stimato":"5 minuti"},"schema":{"@context":"https:\/\/schema.org","@graph":[{"@type":"WebPage","@id":"https:\/\/www.neurolinguistic.com\/blog\/e-book-fascinacion-es\/","url":"https:\/\/www.neurolinguistic.com\/blog\/e-book-fascinacion-es\/","name":"E-book Fascinacion es &#8211; Universit\u00e9 Europ\u00e9enne - ISI-CNV","isPartOf":{"@id":"https:\/\/www.neurolinguistic.com\/blog\/#website"},"primaryImageOfPage":{"@id":"https:\/\/www.neurolinguistic.com\/blog\/e-book-fascinacion-es\/#primaryimage"},"image":{"@id":"https:\/\/www.neurolinguistic.com\/blog\/e-book-fascinacion-es\/#primaryimage"},"thumbnailUrl":"https:\/\/www.neurolinguistic.com\/blog\/wp-content\/themes\/flexsqueeze2\/images\/da_orange2.png","datePublished":"2016-07-04T20:50:31+00:00","dateModified":"2016-07-06T08:22:17+00:00","breadcrumb":{"@id":"https:\/\/www.neurolinguistic.com\/blog\/e-book-fascinacion-es\/#breadcrumb"},"inLanguage":"it-IT","potentialAction":[{"@type":"ReadAction","target":["https:\/\/www.neurolinguistic.com\/blog\/e-book-fascinacion-es\/"]}]},{"@type":"ImageObject","inLanguage":"it-IT","@id":"https:\/\/www.neurolinguistic.com\/blog\/e-book-fascinacion-es\/#primaryimage","url":"https:\/\/www.neurolinguistic.com\/blog\/wp-content\/themes\/flexsqueeze2\/images\/da_orange2.png","contentUrl":"https:\/\/www.neurolinguistic.com\/blog\/wp-content\/themes\/flexsqueeze2\/images\/da_orange2.png"},{"@type":"BreadcrumbList","@id":"https:\/\/www.neurolinguistic.com\/blog\/e-book-fascinacion-es\/#breadcrumb","itemListElement":[{"@type":"ListItem","position":1,"name":"Home","item":"https:\/\/www.neurolinguistic.com\/blog\/"},{"@type":"ListItem","position":2,"name":"E-book Fascinacion es"}]},{"@type":"WebSite","@id":"https:\/\/www.neurolinguistic.com\/blog\/#website","url":"https:\/\/www.neurolinguistic.com\/blog\/","name":"Universit\u00e9 Europ\u00e9enne - ISI-CNV","description":"Articoli, Lezioni Online, Omaggi, Video e molto altro","potentialAction":[{"@type":"SearchAction","target":{"@type":"EntryPoint","urlTemplate":"https:\/\/www.neurolinguistic.com\/blog\/?s={search_term_string}"},"query-input":{"@type":"PropertyValueSpecification","valueRequired":true,"valueName":"search_term_string"}}],"inLanguage":"it-IT"}]}},"_links":{"self":[{"href":"https:\/\/www.neurolinguistic.com\/blog\/wp-json\/wp\/v2\/pages\/1723","targetHints":{"allow":["GET"]}}],"collection":[{"href":"https:\/\/www.neurolinguistic.com\/blog\/wp-json\/wp\/v2\/pages"}],"about":[{"href":"https:\/\/www.neurolinguistic.com\/blog\/wp-json\/wp\/v2\/types\/page"}],"author":[{"embeddable":true,"href":"https:\/\/www.neurolinguistic.com\/blog\/wp-json\/wp\/v2\/users\/1"}],"replies":[{"embeddable":true,"href":"https:\/\/www.neurolinguistic.com\/blog\/wp-json\/wp\/v2\/comments?post=1723"}],"version-history":[{"count":1,"href":"https:\/\/www.neurolinguistic.com\/blog\/wp-json\/wp\/v2\/pages\/1723\/revisions"}],"predecessor-version":[{"id":1724,"href":"https:\/\/www.neurolinguistic.com\/blog\/wp-json\/wp\/v2\/pages\/1723\/revisions\/1724"}],"wp:attachment":[{"href":"https:\/\/www.neurolinguistic.com\/blog\/wp-json\/wp\/v2\/media?parent=1723"}],"curies":[{"name":"wp","href":"https:\/\/api.w.org\/{rel}","templated":true}]}}