{"id":1721,"date":"2016-06-29T07:13:30","date_gmt":"2016-06-29T07:13:30","guid":{"rendered":"http:\/\/www.neurolinguistic.com\/blog\/?page_id=1721"},"modified":"2018-07-30T11:50:11","modified_gmt":"2018-07-30T09:50:11","slug":"curso-gratuito-brasil","status":"publish","type":"page","link":"https:\/\/www.neurolinguistic.com\/blog\/curso-gratuito-brasil\/","title":{"rendered":"Curso gratuito Brasil"},"content":{"rendered":"<p>[bodybg bodybgimage=&#8221;https:\/\/www.neurolinguistic.com\/blog\/wp-content\/themes\/flexsqueeze2\/images\/quicksets\/full-quickset-7.jpg&#8221;][\/bodybg]<\/p>\n<p class=\" ffhead2\"><span style=\"color: #b30000;\">A misteriosa arte de fascina\u00e7\u00e3o e hipnose instant\u00e2nea n\u00e3o verbal&#8230;<\/span><\/p>\n<p style=\"text-align: center;\"><span style=\"font-family: arial, helvetica, sans-serif; font-size: 14pt;\">Cadastre-se agora para receber no nosso curso gratuito por e-mail&#8230;<\/span><\/p>\n<p style=\"text-align: center;\">Digite seu nome, seu e-mail e clique no bot\u00e3o verde:<\/p>\n<div class=\"optinWrap\">\n<form id=\"flexoptin127\" class=\"flexoptinform optinvert\" style=\"max-width: 500px;\" accept-charset=\"utf-8\" action=\"https:\/\/app.getresponse.com\/add_subscriber.html\" method=\"post\"><input name=\"campaign_token\" type=\"hidden\" value=\"VQVN9\" \/><input name=\"start_day\" type=\"hidden\" value=\"0\" \/><input type=\"hidden\" name=\"thankyou_url\" value=\"https:\/\/www.neurolinguistic.com\/blog\/obrigado.php\"\/><input type=\"hidden\" name=\"forward_data\" value=\"\" \/><input name=\"name\" type=\"text\" value=\"Seu Nome:\" onfocus=\"if (this.value == 'Seu Nome:') {this.value = '';}\" onblur=\"if (this.value == '') {this.value = 'Seu Nome:';}\" style=\"width: 100%; color: #4a4a4a; background: #FFFFFF; border: 1px solid #808080; margin: 0 auto 5px auto; display: block; text-align: center;\" class=\"namefield1\" \/><input name=\"email\" type=\"text\" value=\"Seu e-mail:\" onfocus=\"if (this.value == 'Seu e-mail:') {this.value = '';}\" onblur=\"if (this.value == '') {this.value = 'Seu e-mail:';}\" style=\"width: 100%; color: #4a4a4a; background: #FFFFFF; border: 1px solid #808080; margin: 0 auto 5px auto; display: block; text-align: center;\" class=\"emailfield1\" \/> <input name=\"submit\" type=\"submit\" value=\"FINALIZAR CADASTRO!\" style=\"color: #ffffff; font: normal bold 1.3em Tahoma, Helvetica, Arial; background: #9ADB00 url('https:\/\/www.neurolinguistic.com\/blog\/wp-content\/themes\/flexsqueeze2\/images\/submit-btm-dark.png') repeat-x center;\" class=\"foptinSubmit\" \/><\/p>\n<p class=\"foptinprivacy\" style=\"font-size: 90%; line-height: normal;\">\u00a0A sua privacidade \u00e9 garantida! Voc\u00ea pode cancelar a qualquer momento com um clique.<\/p>\n<\/form>\n<\/div>\n<p><img decoding=\"async\" class=\"aligncenter\" style=\"width: 100%;\" src=\"https:\/\/www.neurolinguistic.com\/blog\/wp-content\/themes\/flexsqueeze2\/images\/dividers\/clear-bubble.png\" alt=\"\" \/><\/p>\n<p style=\"text-align: center; font-size: 10pt;\">Hipnose N\u00e3o Verbal &#8211; Todos os direitos reservados<\/p>\n","protected":false},"excerpt":{"rendered":"<p>[bodybg bodybgimage=&rdquo;https:\/\/www.neurolinguistic.com\/blog\/wp-content\/themes\/flexsqueeze2\/images\/quicksets\/full-quickset-7.jpg&rdquo;][\/bodybg] A misteriosa arte de fascina&ccedil;&atilde;o e hipnose instant&acirc;nea n&atilde;o verbal&hellip; Cadastre-se agora para receber no nosso curso gratuito por e-mail&hellip; Digite seu nome, seu e-mail e clique no bot&atilde;o verde: &nbsp;A sua privacidade &eacute; garantida! Voc&ecirc; pode cancelar a qualquer momento com um clique. Hipnose N&atilde;o Verbal &ndash; Todos os direitos reservados<\/p>\n","protected":false},"author":1,"featured_media":0,"parent":0,"menu_order":0,"comment_status":"closed","ping_status":"closed","template":"sptemplate-13.php","meta":{"footnotes":""},"class_list":["post-1721","page","type-page","status-publish","hentry"],"yoast_head":"<!-- This site is optimized with the Yoast SEO plugin v27.2 - https:\/\/yoast.com\/product\/yoast-seo-wordpress\/ -->\n<title>Curso gratuito Brasil &#8211; Universit\u00e9 Europ\u00e9enne - ISI-CNV<\/title>\n<meta name=\"robots\" content=\"index, follow, max-snippet:-1, max-image-preview:large, max-video-preview:-1\" \/>\n<link rel=\"canonical\" href=\"https:\/\/www.neurolinguistic.com\/blog\/curso-gratuito-brasil\/\" \/>\n<meta property=\"og:locale\" content=\"it_IT\" \/>\n<meta property=\"og:type\" content=\"article\" \/>\n<meta property=\"og:title\" content=\"Curso gratuito Brasil &#8211; Universit\u00e9 Europ\u00e9enne - ISI-CNV\" \/>\n<meta property=\"og:description\" content=\"[bodybg bodybgimage=&rdquo;https:\/\/www.neurolinguistic.com\/blog\/wp-content\/themes\/flexsqueeze2\/images\/quicksets\/full-quickset-7.jpg&rdquo;][\/bodybg] A misteriosa arte de fascina&ccedil;&atilde;o e hipnose instant&acirc;nea n&atilde;o verbal&hellip; Cadastre-se agora para receber no nosso curso gratuito por e-mail&hellip; Digite seu nome, seu e-mail e clique no bot&atilde;o verde: &nbsp;A sua privacidade &eacute; garantida! Voc&ecirc; pode cancelar a qualquer momento com um clique. Hipnose N&atilde;o Verbal &ndash; Todos os direitos reservados\" \/>\n<meta property=\"og:url\" content=\"https:\/\/www.neurolinguistic.com\/blog\/curso-gratuito-brasil\/\" \/>\n<meta property=\"og:site_name\" content=\"Universit\u00e9 Europ\u00e9enne - ISI-CNV\" \/>\n<meta property=\"article:publisher\" content=\"https:\/\/www.facebook.com\/ipnositecniche\" \/>\n<meta property=\"article:modified_time\" content=\"2018-07-30T09:50:11+00:00\" \/>\n<meta property=\"og:image\" content=\"https:\/\/www.neurolinguistic.com\/blog\/wp-content\/themes\/flexsqueeze2\/images\/dividers\/clear-bubble.png\" \/>\n<meta name=\"twitter:card\" content=\"summary_large_image\" \/>\n<script type=\"application\/ld+json\" class=\"yoast-schema-graph\">{\"@context\":\"https:\/\/schema.org\",\"@graph\":[{\"@type\":\"WebPage\",\"@id\":\"https:\/\/www.neurolinguistic.com\/blog\/curso-gratuito-brasil\/\",\"url\":\"https:\/\/www.neurolinguistic.com\/blog\/curso-gratuito-brasil\/\",\"name\":\"Curso gratuito Brasil &#8211; Universit\u00e9 Europ\u00e9enne - ISI-CNV\",\"isPartOf\":{\"@id\":\"https:\/\/www.neurolinguistic.com\/blog\/#website\"},\"primaryImageOfPage\":{\"@id\":\"https:\/\/www.neurolinguistic.com\/blog\/curso-gratuito-brasil\/#primaryimage\"},\"image\":{\"@id\":\"https:\/\/www.neurolinguistic.com\/blog\/curso-gratuito-brasil\/#primaryimage\"},\"thumbnailUrl\":\"https:\/\/www.neurolinguistic.com\/blog\/wp-content\/themes\/flexsqueeze2\/images\/dividers\/clear-bubble.png\",\"datePublished\":\"2016-06-29T07:13:30+00:00\",\"dateModified\":\"2018-07-30T09:50:11+00:00\",\"breadcrumb\":{\"@id\":\"https:\/\/www.neurolinguistic.com\/blog\/curso-gratuito-brasil\/#breadcrumb\"},\"inLanguage\":\"it-IT\",\"potentialAction\":[{\"@type\":\"ReadAction\",\"target\":[\"https:\/\/www.neurolinguistic.com\/blog\/curso-gratuito-brasil\/\"]}]},{\"@type\":\"ImageObject\",\"inLanguage\":\"it-IT\",\"@id\":\"https:\/\/www.neurolinguistic.com\/blog\/curso-gratuito-brasil\/#primaryimage\",\"url\":\"https:\/\/www.neurolinguistic.com\/blog\/wp-content\/themes\/flexsqueeze2\/images\/dividers\/clear-bubble.png\",\"contentUrl\":\"https:\/\/www.neurolinguistic.com\/blog\/wp-content\/themes\/flexsqueeze2\/images\/dividers\/clear-bubble.png\"},{\"@type\":\"BreadcrumbList\",\"@id\":\"https:\/\/www.neurolinguistic.com\/blog\/curso-gratuito-brasil\/#breadcrumb\",\"itemListElement\":[{\"@type\":\"ListItem\",\"position\":1,\"name\":\"Home\",\"item\":\"https:\/\/www.neurolinguistic.com\/blog\/\"},{\"@type\":\"ListItem\",\"position\":2,\"name\":\"Curso gratuito Brasil\"}]},{\"@type\":\"WebSite\",\"@id\":\"https:\/\/www.neurolinguistic.com\/blog\/#website\",\"url\":\"https:\/\/www.neurolinguistic.com\/blog\/\",\"name\":\"Universit\u00e9 Europ\u00e9enne - ISI-CNV\",\"description\":\"Articoli, Lezioni Online, Omaggi, Video e molto altro\",\"potentialAction\":[{\"@type\":\"SearchAction\",\"target\":{\"@type\":\"EntryPoint\",\"urlTemplate\":\"https:\/\/www.neurolinguistic.com\/blog\/?s={search_term_string}\"},\"query-input\":{\"@type\":\"PropertyValueSpecification\",\"valueRequired\":true,\"valueName\":\"search_term_string\"}}],\"inLanguage\":\"it-IT\"}]}<\/script>\n<!-- \/ Yoast SEO plugin. -->","yoast_head_json":{"title":"Curso gratuito Brasil &#8211; Universit\u00e9 Europ\u00e9enne - ISI-CNV","robots":{"index":"index","follow":"follow","max-snippet":"max-snippet:-1","max-image-preview":"max-image-preview:large","max-video-preview":"max-video-preview:-1"},"canonical":"https:\/\/www.neurolinguistic.com\/blog\/curso-gratuito-brasil\/","og_locale":"it_IT","og_type":"article","og_title":"Curso gratuito Brasil &#8211; Universit\u00e9 Europ\u00e9enne - ISI-CNV","og_description":"[bodybg bodybgimage=&rdquo;https:\/\/www.neurolinguistic.com\/blog\/wp-content\/themes\/flexsqueeze2\/images\/quicksets\/full-quickset-7.jpg&rdquo;][\/bodybg] A misteriosa arte de fascina&ccedil;&atilde;o e hipnose instant&acirc;nea n&atilde;o verbal&hellip; Cadastre-se agora para receber no nosso curso gratuito por e-mail&hellip; Digite seu nome, seu e-mail e clique no bot&atilde;o verde: &nbsp;A sua privacidade &eacute; garantida! Voc&ecirc; pode cancelar a qualquer momento com um clique. Hipnose N&atilde;o Verbal &ndash; Todos os direitos reservados","og_url":"https:\/\/www.neurolinguistic.com\/blog\/curso-gratuito-brasil\/","og_site_name":"Universit\u00e9 Europ\u00e9enne - ISI-CNV","article_publisher":"https:\/\/www.facebook.com\/ipnositecniche","article_modified_time":"2018-07-30T09:50:11+00:00","og_image":[{"url":"https:\/\/www.neurolinguistic.com\/blog\/wp-content\/themes\/flexsqueeze2\/images\/dividers\/clear-bubble.png","type":"","width":"","height":""}],"twitter_card":"summary_large_image","schema":{"@context":"https:\/\/schema.org","@graph":[{"@type":"WebPage","@id":"https:\/\/www.neurolinguistic.com\/blog\/curso-gratuito-brasil\/","url":"https:\/\/www.neurolinguistic.com\/blog\/curso-gratuito-brasil\/","name":"Curso gratuito Brasil &#8211; Universit\u00e9 Europ\u00e9enne - ISI-CNV","isPartOf":{"@id":"https:\/\/www.neurolinguistic.com\/blog\/#website"},"primaryImageOfPage":{"@id":"https:\/\/www.neurolinguistic.com\/blog\/curso-gratuito-brasil\/#primaryimage"},"image":{"@id":"https:\/\/www.neurolinguistic.com\/blog\/curso-gratuito-brasil\/#primaryimage"},"thumbnailUrl":"https:\/\/www.neurolinguistic.com\/blog\/wp-content\/themes\/flexsqueeze2\/images\/dividers\/clear-bubble.png","datePublished":"2016-06-29T07:13:30+00:00","dateModified":"2018-07-30T09:50:11+00:00","breadcrumb":{"@id":"https:\/\/www.neurolinguistic.com\/blog\/curso-gratuito-brasil\/#breadcrumb"},"inLanguage":"it-IT","potentialAction":[{"@type":"ReadAction","target":["https:\/\/www.neurolinguistic.com\/blog\/curso-gratuito-brasil\/"]}]},{"@type":"ImageObject","inLanguage":"it-IT","@id":"https:\/\/www.neurolinguistic.com\/blog\/curso-gratuito-brasil\/#primaryimage","url":"https:\/\/www.neurolinguistic.com\/blog\/wp-content\/themes\/flexsqueeze2\/images\/dividers\/clear-bubble.png","contentUrl":"https:\/\/www.neurolinguistic.com\/blog\/wp-content\/themes\/flexsqueeze2\/images\/dividers\/clear-bubble.png"},{"@type":"BreadcrumbList","@id":"https:\/\/www.neurolinguistic.com\/blog\/curso-gratuito-brasil\/#breadcrumb","itemListElement":[{"@type":"ListItem","position":1,"name":"Home","item":"https:\/\/www.neurolinguistic.com\/blog\/"},{"@type":"ListItem","position":2,"name":"Curso gratuito Brasil"}]},{"@type":"WebSite","@id":"https:\/\/www.neurolinguistic.com\/blog\/#website","url":"https:\/\/www.neurolinguistic.com\/blog\/","name":"Universit\u00e9 Europ\u00e9enne - ISI-CNV","description":"Articoli, Lezioni Online, Omaggi, Video e molto altro","potentialAction":[{"@type":"SearchAction","target":{"@type":"EntryPoint","urlTemplate":"https:\/\/www.neurolinguistic.com\/blog\/?s={search_term_string}"},"query-input":{"@type":"PropertyValueSpecification","valueRequired":true,"valueName":"search_term_string"}}],"inLanguage":"it-IT"}]}},"_links":{"self":[{"href":"https:\/\/www.neurolinguistic.com\/blog\/wp-json\/wp\/v2\/pages\/1721","targetHints":{"allow":["GET"]}}],"collection":[{"href":"https:\/\/www.neurolinguistic.com\/blog\/wp-json\/wp\/v2\/pages"}],"about":[{"href":"https:\/\/www.neurolinguistic.com\/blog\/wp-json\/wp\/v2\/types\/page"}],"author":[{"embeddable":true,"href":"https:\/\/www.neurolinguistic.com\/blog\/wp-json\/wp\/v2\/users\/1"}],"replies":[{"embeddable":true,"href":"https:\/\/www.neurolinguistic.com\/blog\/wp-json\/wp\/v2\/comments?post=1721"}],"version-history":[{"count":1,"href":"https:\/\/www.neurolinguistic.com\/blog\/wp-json\/wp\/v2\/pages\/1721\/revisions"}],"predecessor-version":[{"id":1722,"href":"https:\/\/www.neurolinguistic.com\/blog\/wp-json\/wp\/v2\/pages\/1721\/revisions\/1722"}],"wp:attachment":[{"href":"https:\/\/www.neurolinguistic.com\/blog\/wp-json\/wp\/v2\/media?parent=1721"}],"curies":[{"name":"wp","href":"https:\/\/api.w.org\/{rel}","templated":true}]}}