{"id":1615,"date":"2016-03-14T16:50:55","date_gmt":"2016-03-14T16:50:55","guid":{"rendered":"http:\/\/www.neurolinguistic.com\/blog\/?page_id=1615"},"modified":"2016-03-15T16:17:37","modified_gmt":"2016-03-15T16:17:37","slug":"cours-on-line-de-fascination","status":"publish","type":"page","link":"https:\/\/www.neurolinguistic.com\/blog\/cours-on-line-de-fascination\/","title":{"rendered":"Cours on line de fascination"},"content":{"rendered":"<p style=\"text-align: center;\"><span style=\"font-family: 'times new roman', times;\"><strong><span style=\"color: #a10000; font-size: 21pt;\">L&#8217;art de la FASCINATION HYPNOTIQUE et de l&#8217;hypnose instantan\u00e9e non verbale<br \/>\n<span style=\"font-size: 14pt;\">(m\u00e8thode dr. Paret)<\/span><\/span><\/strong><\/span><\/p>\n<p style=\"text-align: center;\"><span style=\"font-family: 'times new roman', times;\"><strong><span style=\"font-size: 18pt;\">Formation\/Cours en ligne GRATUIT!<\/span><\/strong><\/span><\/p>\n<p style=\"text-align: center;\">\u00a0Inserez votre nom, courriel et cliquez sur le bouton vert:<\/p>\n<div class=\"optinWrap\">\n<form id=\"flexoptin127\" class=\"flexoptinform optinvert\" style=\"max-width: 500px;\" action=\"https:\/\/app.getresponse.com\/add_contact_webform.html?u=Bc\" method=\"post\"><input name=\"webform_id\" type=\"hidden\" value=\"103303\" \/><input name=\"name\" type=\"text\" value=\"Votre Nom:\" onfocus=\"if (this.value == 'Votre Nom:') {this.value = '';}\" onblur=\"if (this.value == '') {this.value = 'Votre Nom:';}\" style=\"width: 100%; color: #4a4a4a; background: #FFFFFF; border: 1px solid #808080; margin: 0 auto 5px auto; display: block; text-align: center;\" class=\"namefield1\" \/><input name=\"email\" type=\"text\" value=\"Votre Email:\" onfocus=\"if (this.value == 'Votre Email:') {this.value = '';}\" onblur=\"if (this.value == '') {this.value = 'Votre Email:';}\" style=\"width: 100%; color: #4a4a4a; background: #FFFFFF; border: 1px solid #808080; margin: 0 auto 5px auto; display: block; text-align: center;\" class=\"emailfield1\" \/> <input name=\"submit\" type=\"submit\" value=\"Cours en ligne gratuit\" style=\"color: #ffffff; font: normal bold 1.3em Tahoma, Helvetica, Arial; background: #9ADB00 url('https:\/\/www.neurolinguistic.com\/blog\/wp-content\/themes\/flexsqueeze2\/images\/submit-btm-dark.png') repeat-x center;\" class=\"foptinSubmit\" \/><\/p>\n<p class=\"foptinprivacy\" style=\"font-size: 90%; line-height: normal;\">site s\u00e9curis\u00e9.<\/p>\n<\/form>\n<\/div>\n<div class=\"section group\"><img decoding=\"async\" class=\"aligncenter\" style=\"width: 100%;\" src=\"https:\/\/www.neurolinguistic.com\/blog\/wp-content\/themes\/flexsqueeze2\/images\/dividers\/clear-bubble.png\" alt=\"\" \/><\/div>\n<p style=\"text-align: center; font-size: 10pt;\">by Universit\u00e9 Europ\u00e9enne llp &#8211; Tous droits r\u00e9serv\u00e9s<\/p>\n","protected":false},"excerpt":{"rendered":"<p>L&rsquo;art de la FASCINATION HYPNOTIQUE et de l&rsquo;hypnose instantan&eacute;e non verbale (m&egrave;thode dr. Paret) Formation\/Cours en ligne GRATUIT! &nbsp;Inserez votre nom, courriel et cliquez sur le bouton vert: site s&eacute;curis&eacute;. by Universit&eacute; Europ&eacute;enne llp &ndash; Tous droits r&eacute;serv&eacute;s<\/p>\n","protected":false},"author":1,"featured_media":0,"parent":0,"menu_order":0,"comment_status":"closed","ping_status":"closed","template":"sptemplate-13.php","meta":{"footnotes":""},"class_list":["post-1615","page","type-page","status-publish","hentry"],"yoast_head":"<!-- This site is optimized with the Yoast SEO plugin v27.2 - https:\/\/yoast.com\/product\/yoast-seo-wordpress\/ -->\n<title>Cours on line de fascination &#8211; Universit\u00e9 Europ\u00e9enne - ISI-CNV<\/title>\n<meta name=\"robots\" content=\"index, follow, max-snippet:-1, max-image-preview:large, max-video-preview:-1\" \/>\n<link rel=\"canonical\" href=\"https:\/\/www.neurolinguistic.com\/blog\/cours-on-line-de-fascination\/\" \/>\n<meta property=\"og:locale\" content=\"it_IT\" \/>\n<meta property=\"og:type\" content=\"article\" \/>\n<meta property=\"og:title\" content=\"Cours on line de fascination &#8211; Universit\u00e9 Europ\u00e9enne - ISI-CNV\" \/>\n<meta property=\"og:description\" content=\"L&rsquo;art de la FASCINATION HYPNOTIQUE et de l&rsquo;hypnose instantan&eacute;e non verbale (m&egrave;thode dr. Paret) Formation\/Cours en ligne GRATUIT! &nbsp;Inserez votre nom, courriel et cliquez sur le bouton vert: site s&eacute;curis&eacute;. by Universit&eacute; Europ&eacute;enne llp &ndash; Tous droits r&eacute;serv&eacute;s\" \/>\n<meta property=\"og:url\" content=\"https:\/\/www.neurolinguistic.com\/blog\/cours-on-line-de-fascination\/\" \/>\n<meta property=\"og:site_name\" content=\"Universit\u00e9 Europ\u00e9enne - ISI-CNV\" \/>\n<meta property=\"article:publisher\" content=\"https:\/\/www.facebook.com\/ipnositecniche\" \/>\n<meta property=\"article:modified_time\" content=\"2016-03-15T16:17:37+00:00\" \/>\n<meta property=\"og:image\" content=\"https:\/\/www.neurolinguistic.com\/blog\/wp-content\/themes\/flexsqueeze2\/images\/dividers\/clear-bubble.png\" \/>\n<meta name=\"twitter:card\" content=\"summary_large_image\" \/>\n<script type=\"application\/ld+json\" class=\"yoast-schema-graph\">{\"@context\":\"https:\/\/schema.org\",\"@graph\":[{\"@type\":\"WebPage\",\"@id\":\"https:\/\/www.neurolinguistic.com\/blog\/cours-on-line-de-fascination\/\",\"url\":\"https:\/\/www.neurolinguistic.com\/blog\/cours-on-line-de-fascination\/\",\"name\":\"Cours on line de fascination &#8211; Universit\u00e9 Europ\u00e9enne - ISI-CNV\",\"isPartOf\":{\"@id\":\"https:\/\/www.neurolinguistic.com\/blog\/#website\"},\"primaryImageOfPage\":{\"@id\":\"https:\/\/www.neurolinguistic.com\/blog\/cours-on-line-de-fascination\/#primaryimage\"},\"image\":{\"@id\":\"https:\/\/www.neurolinguistic.com\/blog\/cours-on-line-de-fascination\/#primaryimage\"},\"thumbnailUrl\":\"https:\/\/www.neurolinguistic.com\/blog\/wp-content\/themes\/flexsqueeze2\/images\/dividers\/clear-bubble.png\",\"datePublished\":\"2016-03-14T16:50:55+00:00\",\"dateModified\":\"2016-03-15T16:17:37+00:00\",\"breadcrumb\":{\"@id\":\"https:\/\/www.neurolinguistic.com\/blog\/cours-on-line-de-fascination\/#breadcrumb\"},\"inLanguage\":\"it-IT\",\"potentialAction\":[{\"@type\":\"ReadAction\",\"target\":[\"https:\/\/www.neurolinguistic.com\/blog\/cours-on-line-de-fascination\/\"]}]},{\"@type\":\"ImageObject\",\"inLanguage\":\"it-IT\",\"@id\":\"https:\/\/www.neurolinguistic.com\/blog\/cours-on-line-de-fascination\/#primaryimage\",\"url\":\"https:\/\/www.neurolinguistic.com\/blog\/wp-content\/themes\/flexsqueeze2\/images\/dividers\/clear-bubble.png\",\"contentUrl\":\"https:\/\/www.neurolinguistic.com\/blog\/wp-content\/themes\/flexsqueeze2\/images\/dividers\/clear-bubble.png\"},{\"@type\":\"BreadcrumbList\",\"@id\":\"https:\/\/www.neurolinguistic.com\/blog\/cours-on-line-de-fascination\/#breadcrumb\",\"itemListElement\":[{\"@type\":\"ListItem\",\"position\":1,\"name\":\"Home\",\"item\":\"https:\/\/www.neurolinguistic.com\/blog\/\"},{\"@type\":\"ListItem\",\"position\":2,\"name\":\"Cours on line de fascination\"}]},{\"@type\":\"WebSite\",\"@id\":\"https:\/\/www.neurolinguistic.com\/blog\/#website\",\"url\":\"https:\/\/www.neurolinguistic.com\/blog\/\",\"name\":\"Universit\u00e9 Europ\u00e9enne - ISI-CNV\",\"description\":\"Articoli, Lezioni Online, Omaggi, Video e molto altro\",\"potentialAction\":[{\"@type\":\"SearchAction\",\"target\":{\"@type\":\"EntryPoint\",\"urlTemplate\":\"https:\/\/www.neurolinguistic.com\/blog\/?s={search_term_string}\"},\"query-input\":{\"@type\":\"PropertyValueSpecification\",\"valueRequired\":true,\"valueName\":\"search_term_string\"}}],\"inLanguage\":\"it-IT\"}]}<\/script>\n<!-- \/ Yoast SEO plugin. -->","yoast_head_json":{"title":"Cours on line de fascination &#8211; Universit\u00e9 Europ\u00e9enne - ISI-CNV","robots":{"index":"index","follow":"follow","max-snippet":"max-snippet:-1","max-image-preview":"max-image-preview:large","max-video-preview":"max-video-preview:-1"},"canonical":"https:\/\/www.neurolinguistic.com\/blog\/cours-on-line-de-fascination\/","og_locale":"it_IT","og_type":"article","og_title":"Cours on line de fascination &#8211; Universit\u00e9 Europ\u00e9enne - ISI-CNV","og_description":"L&rsquo;art de la FASCINATION HYPNOTIQUE et de l&rsquo;hypnose instantan&eacute;e non verbale (m&egrave;thode dr. Paret) Formation\/Cours en ligne GRATUIT! &nbsp;Inserez votre nom, courriel et cliquez sur le bouton vert: site s&eacute;curis&eacute;. by Universit&eacute; Europ&eacute;enne llp &ndash; Tous droits r&eacute;serv&eacute;s","og_url":"https:\/\/www.neurolinguistic.com\/blog\/cours-on-line-de-fascination\/","og_site_name":"Universit\u00e9 Europ\u00e9enne - ISI-CNV","article_publisher":"https:\/\/www.facebook.com\/ipnositecniche","article_modified_time":"2016-03-15T16:17:37+00:00","og_image":[{"url":"https:\/\/www.neurolinguistic.com\/blog\/wp-content\/themes\/flexsqueeze2\/images\/dividers\/clear-bubble.png","type":"","width":"","height":""}],"twitter_card":"summary_large_image","schema":{"@context":"https:\/\/schema.org","@graph":[{"@type":"WebPage","@id":"https:\/\/www.neurolinguistic.com\/blog\/cours-on-line-de-fascination\/","url":"https:\/\/www.neurolinguistic.com\/blog\/cours-on-line-de-fascination\/","name":"Cours on line de fascination &#8211; Universit\u00e9 Europ\u00e9enne - ISI-CNV","isPartOf":{"@id":"https:\/\/www.neurolinguistic.com\/blog\/#website"},"primaryImageOfPage":{"@id":"https:\/\/www.neurolinguistic.com\/blog\/cours-on-line-de-fascination\/#primaryimage"},"image":{"@id":"https:\/\/www.neurolinguistic.com\/blog\/cours-on-line-de-fascination\/#primaryimage"},"thumbnailUrl":"https:\/\/www.neurolinguistic.com\/blog\/wp-content\/themes\/flexsqueeze2\/images\/dividers\/clear-bubble.png","datePublished":"2016-03-14T16:50:55+00:00","dateModified":"2016-03-15T16:17:37+00:00","breadcrumb":{"@id":"https:\/\/www.neurolinguistic.com\/blog\/cours-on-line-de-fascination\/#breadcrumb"},"inLanguage":"it-IT","potentialAction":[{"@type":"ReadAction","target":["https:\/\/www.neurolinguistic.com\/blog\/cours-on-line-de-fascination\/"]}]},{"@type":"ImageObject","inLanguage":"it-IT","@id":"https:\/\/www.neurolinguistic.com\/blog\/cours-on-line-de-fascination\/#primaryimage","url":"https:\/\/www.neurolinguistic.com\/blog\/wp-content\/themes\/flexsqueeze2\/images\/dividers\/clear-bubble.png","contentUrl":"https:\/\/www.neurolinguistic.com\/blog\/wp-content\/themes\/flexsqueeze2\/images\/dividers\/clear-bubble.png"},{"@type":"BreadcrumbList","@id":"https:\/\/www.neurolinguistic.com\/blog\/cours-on-line-de-fascination\/#breadcrumb","itemListElement":[{"@type":"ListItem","position":1,"name":"Home","item":"https:\/\/www.neurolinguistic.com\/blog\/"},{"@type":"ListItem","position":2,"name":"Cours on line de fascination"}]},{"@type":"WebSite","@id":"https:\/\/www.neurolinguistic.com\/blog\/#website","url":"https:\/\/www.neurolinguistic.com\/blog\/","name":"Universit\u00e9 Europ\u00e9enne - ISI-CNV","description":"Articoli, Lezioni Online, Omaggi, Video e molto altro","potentialAction":[{"@type":"SearchAction","target":{"@type":"EntryPoint","urlTemplate":"https:\/\/www.neurolinguistic.com\/blog\/?s={search_term_string}"},"query-input":{"@type":"PropertyValueSpecification","valueRequired":true,"valueName":"search_term_string"}}],"inLanguage":"it-IT"}]}},"_links":{"self":[{"href":"https:\/\/www.neurolinguistic.com\/blog\/wp-json\/wp\/v2\/pages\/1615","targetHints":{"allow":["GET"]}}],"collection":[{"href":"https:\/\/www.neurolinguistic.com\/blog\/wp-json\/wp\/v2\/pages"}],"about":[{"href":"https:\/\/www.neurolinguistic.com\/blog\/wp-json\/wp\/v2\/types\/page"}],"author":[{"embeddable":true,"href":"https:\/\/www.neurolinguistic.com\/blog\/wp-json\/wp\/v2\/users\/1"}],"replies":[{"embeddable":true,"href":"https:\/\/www.neurolinguistic.com\/blog\/wp-json\/wp\/v2\/comments?post=1615"}],"version-history":[{"count":1,"href":"https:\/\/www.neurolinguistic.com\/blog\/wp-json\/wp\/v2\/pages\/1615\/revisions"}],"predecessor-version":[{"id":3324,"href":"https:\/\/www.neurolinguistic.com\/blog\/wp-json\/wp\/v2\/pages\/1615\/revisions\/3324"}],"wp:attachment":[{"href":"https:\/\/www.neurolinguistic.com\/blog\/wp-json\/wp\/v2\/media?parent=1615"}],"curies":[{"name":"wp","href":"https:\/\/api.w.org\/{rel}","templated":true}]}}