{"id":1582,"date":"2016-01-15T18:07:06","date_gmt":"2016-01-15T18:07:06","guid":{"rendered":"http:\/\/www.neurolinguistic.com\/blog\/?page_id=1582"},"modified":"2016-10-21T08:16:23","modified_gmt":"2016-10-21T06:16:23","slug":"Mesmerismus\u00a9","status":"publish","type":"page","link":"https:\/\/www.neurolinguistic.com\/blog\/Mesmerismus\u00a9\/","title":{"rendered":"Mesmerismus\u00a9"},"content":{"rendered":"<div class=\" ffhead1\"><span style=\"color: #b80000;\"><strong>MESMERISMUS\u00ae &#8211; Last minute:\u00a0<\/strong><\/span>Milano Sabato e Domenica 29-30 Ottobre 2016<\/div>\n<p class=\" ffhead3\"><span style=\"color: #026db5;\">Ipnosi, Magnetismo e Fascinazione a livelli mai esplorati prima d&#8217;ora&#8230;<\/span><\/p>\n<p style=\"text-align: center;\"><span style=\"font-family: trebuchet ms,geneva; font-size: 22px; letter-spacing: -1px; line-height: 115%;\">Ti attende\u00a0un fine settimana di sviluppo\u00a0personale e professionale\u00a0senza precedenti, dove scoprirai le chiavi segrete di un&#8217;antica conoscenza che si credeva perduta&#8230; Con certificazioni internazionali.<\/span><\/p>\n<p style=\"text-align: center;\"><span style=\"font-size: 14pt; font-family: 'andale mono', times;\">Validi anche come finestre d&#8217;ingresso per il <a href=\"https:\/\/www.neurolinguistic.com\/blog\/master-pnl-e-ipnosi\/\" target=\"_blank\">Master in PNL, Ipnosi e Coaching<\/a>.<\/span><\/p>\n<p style=\"text-align: justify;\"><span style=\"color: #008000;\"><span style=\"font-family: trebuchet ms,geneva; font-size: 22px; letter-spacing: -1px; line-height: 115%;\">Compila il modulo nel riquadro giallo in fondo alla pagina per chiedere informazioni e\/o prenotare!<\/span><\/span><\/p>\n<p><center><iframe loading=\"lazy\" src=\"https:\/\/www.youtube.com\/embed\/q5rpezKTDZE\" width=\"560\" height=\"315\" frameborder=\"0\" allowfullscreen=\"allowfullscreen\"><\/iframe><\/center><\/p>\n<div class=\"section group\">\n<div class=\"col span_6_of_12\">\n<ul class=\"flexlist greencheck2\">\n<li><span style=\"font-size: 14pt;\">Magnetismo<\/span><\/li>\n<li><span style=\"font-size: 14pt;\">Fascinazione\u00a0<\/span><\/li>\n<li><span style=\"font-size: 14pt;\">Magnetismo ermetico<\/span><\/li>\n<\/ul>\n<\/div>\n<div class=\"col span_6_of_12\">\n<ul class=\"flexlist greencheck2\">\n<li><span style=\"font-size: 14pt;\">Ipnosi non verbale<\/span><\/li>\n<li><span style=\"font-size: 14pt;\">Presenza<\/span><\/li>\n<li><span style=\"font-size: 14pt;\">Carisma Magnetico<\/span><\/li>\n<\/ul>\n<\/div>\n<\/div>\n<p style=\"font-family: 'book antiqua', palatino; font-size: 18pt; text-align: center;\">Utilizza queste tecniche nella professione, in ambito commerciale\u00a0o personale e otterrai risultati sorprendenti.<\/p>\n<div class=\"yellowbox aligncenter\" style=\"width: 450px; border-width: 3px; border-style: solid;\">\n<div class=\" ffhead4\">\n<div class=\"\">\n<div>Un viaggio nel mistero: \u00a0uno scrigno zeppo di preziose conoscenze, entusiasmanti novit\u00e0 e cambiamenti fruibili da subito.<\/div>\n<\/div>\n<\/div>\n<\/div>\n<div class=\"section group\">\n<div class=\"col span_6_of_12\">\n<ul class=\"flexlist greencheck2\">\n<li><span style=\"font-family: book antiqua,palatino; font-size: 14pt;\">Guadagnare e realizzarsi di pi\u00f9 sul lavoro.<\/span><\/li>\n<li><span style=\"font-family: book antiqua,palatino; font-size: 14pt;\">Sviluppare carisma magnetico, leadership\u00a0e sex appeal.<\/span><\/li>\n<li><span style=\"font-family: book antiqua,palatino; font-size: 14pt;\">Monetizzare talenti, abilit\u00e0, progetti e idee.<\/span><\/li>\n<li><span style=\"font-family: book antiqua,palatino; font-size: 14pt;\">Acquisire e sfruttare tecniche segrete e capacit\u00e0 inusuali altrimenti irreperibili.<\/span><\/li>\n<\/ul>\n<\/div>\n<div class=\"col span_6_of_12\">\n<ul class=\"flexlist greencheck2\">\n<li><span style=\"font-family: book antiqua,palatino; font-size: 14pt;\">Sbloccare i poteri latenti della mente.<\/span><\/li>\n<li><span style=\"font-family: book antiqua,palatino; font-size: 14pt;\">Riconvertire la propria attivit\u00e0 professionale.<\/span><\/li>\n<li><span style=\"font-family: book antiqua,palatino; font-size: 14pt;\">Aiutare se stessi e gli altri a stare meglio.<\/span><\/li>\n<li><span style=\"font-family: book antiqua,palatino; font-size: 14pt;\">Avvantaggiarsi del training pi\u00f9 potente e avanzato oggi disponibile.<\/span><\/li>\n<\/ul>\n<\/div>\n<\/div>\n<p style=\"text-align: justify;\"><strong>Il Magnetismo animale non \u00e8 una forza disponibile solo per pochi eletti, al contrario \u00e8 a portata di mano di tutti coloro che si impegnano a sviluppare quest&#8217;energia latente in tutti noi.<\/strong><\/p>\n<p style=\"text-align: justify;\">Quello che si sviluppa \u00e8 qualcosa che una volta accresciuto, permette di disporre di immense energie all&#8217;interno di noi, di &#8220;argento vivo&#8221;.<\/p>\n<p style=\"text-align: justify;\">Non solo vi sentirete sempre pi\u00f9 dinamici e competitivi, ma vi renderete conto di quanto sono aumentate le vostre chances di persuadere, convincere, <strong>farsi dire di s\u00ec.<\/strong><\/p>\n<p style=\"text-align: justify;\">Le applicazioni vanno dal business al miglioramento della persona alla terapia.<\/p>\n<p style=\"text-align: justify;\">Inoltre il Magnetismo Personale pu\u00f2 anche essere molto utile a tutti quelli che praticano o vogliono praticare Ipnoterapia come professione. Ci sembra doveroso precisare infatti che quella scienza, ancora oggi &#8220;bambina&#8221;, deriva da una deformazione di ci\u00f2 che realmente fu il Mesmerismo che comunque, piaccia o no, senza di esso adesso non esisterebbe.<\/p>\n<p style=\"text-align: justify;\">Ecco perch\u00e8 una personalit\u00e0 magnetica \u00e8 una delle migliori propriet\u00e0 che un&#8217;individuo possa avere.<\/p>\n<p><iframe loading=\"lazy\" src=\"https:\/\/www.youtube.com\/embed\/w_SdOv3pa8w?rel=0&amp;showinfo=0\" width=\"639\" height=\"359\" frameborder=\"0\" allowfullscreen=\"allowfullscreen\"><\/iframe><\/p>\n<p style=\"text-align: justify;\"><span style=\"font-family: 'trebuchet ms', geneva; font-size: 22px; letter-spacing: -1px; line-height: 115%;\">Compila il modulo qui sotto per essere contattato\/a subito da un nostro operatore su quote e modalit\u00e0 di iscrizione. Oppure\u00a0<a href=\"https:\/\/www.neurolinguistic.com\/blog\/modulo-di-richiesta-informazioni-generiche\/\" target=\"_blank\">CLICCA QUI<\/a> se ti occorrono solo informazioni di carattere generico<\/span><span style=\"font-family: 'trebuchet ms', geneva; font-size: 22px; letter-spacing: -1px; line-height: 115%;\">.<\/span><\/p>\n<div class=\"yellowbox aligncenter\" style=\"width: 455px; border-width: 3px; border-style: dashed;\">\n\n<div class=\"wpcf7 no-js\" id=\"wpcf7-f1568-o1\" lang=\"it-IT\" dir=\"ltr\" data-wpcf7-id=\"1568\">\n<div class=\"screen-reader-response\"><p role=\"status\" aria-live=\"polite\" aria-atomic=\"true\"><\/p> <ul><\/ul><\/div>\n<form action=\"\/blog\/wp-json\/wp\/v2\/pages\/1582#wpcf7-f1568-o1\" method=\"post\" class=\"wpcf7-form init\" aria-label=\"Modulo di contatto\" novalidate=\"novalidate\" data-status=\"init\">\n<fieldset class=\"hidden-fields-container\"><input type=\"hidden\" name=\"_wpcf7\" value=\"1568\" \/><input type=\"hidden\" name=\"_wpcf7_version\" value=\"6.1.5\" \/><input type=\"hidden\" name=\"_wpcf7_locale\" value=\"it_IT\" \/><input type=\"hidden\" name=\"_wpcf7_unit_tag\" value=\"wpcf7-f1568-o1\" \/><input type=\"hidden\" name=\"_wpcf7_container_post\" value=\"0\" \/><input type=\"hidden\" name=\"_wpcf7_posted_data_hash\" value=\"\" \/><input type=\"hidden\" name=\"_wpcf7dtx_version\" value=\"5.0.5\" \/>\n<\/fieldset>\n<p>Il Tuo Nome (richiesto)\n<\/p>\n<p><span class=\"wpcf7-form-control-wrap\" data-name=\"your-name\"><input size=\"40\" maxlength=\"400\" class=\"wpcf7-form-control wpcf7-text wpcf7-validates-as-required\" aria-required=\"true\" aria-invalid=\"false\" value=\"\" type=\"text\" name=\"your-name\" \/><\/span>\n<\/p>\n<p>La Tua Email (richiesto)\n<\/p>\n<p><span class=\"wpcf7-form-control-wrap\" data-name=\"your-email\"><input size=\"40\" maxlength=\"400\" class=\"wpcf7-form-control wpcf7-email wpcf7-validates-as-required wpcf7-text wpcf7-validates-as-email\" aria-required=\"true\" aria-invalid=\"false\" value=\"\" type=\"email\" name=\"your-email\" \/><\/span>\n<\/p>\n<p>Telefono (richiesto)\n<\/p>\n<p><span class=\"wpcf7-form-control-wrap\" data-name=\"telefono\"><input size=\"40\" maxlength=\"400\" class=\"wpcf7-form-control wpcf7-text wpcf7-validates-as-required\" aria-required=\"true\" aria-invalid=\"false\" value=\"\" type=\"text\" name=\"telefono\" \/><\/span>\n<\/p>\n<p>Citt\u00e0\n<\/p>\n<p><span class=\"wpcf7-form-control-wrap\" data-name=\"cit\"><input size=\"40\" maxlength=\"400\" class=\"wpcf7-form-control wpcf7-text\" aria-invalid=\"false\" value=\"\" type=\"text\" name=\"cit\" \/><\/span>\n<\/p>\n<p>Professione (richiesto)\n<\/p>\n<p><span class=\"wpcf7-form-control-wrap\" data-name=\"professione\"><input size=\"40\" maxlength=\"400\" class=\"wpcf7-form-control wpcf7-text wpcf7-validates-as-required\" aria-required=\"true\" aria-invalid=\"false\" value=\"\" type=\"text\" name=\"professione\" \/><\/span>\n<\/p>\n<p>Data di nascita\n<\/p>\n<p><span class=\"wpcf7-form-control-wrap\" data-name=\"nascita\"><input size=\"40\" maxlength=\"400\" class=\"wpcf7-form-control wpcf7-text\" aria-invalid=\"false\" value=\"\" type=\"text\" name=\"nascita\" \/><\/span>\n<\/p>\n<div style=\"width:345px;\">\n\t<div style=\"float:left; width:193px; padding-right:7px; font-size:13px;\">\n\t\t<p>Hai gi\u00e0 partecipato a corsi di formazione in questo settore?\n\t\t<\/p>\n\t\t<p><span class=\"wpcf7-form-control-wrap\" data-name=\"esperienze\"><span class=\"wpcf7-form-control wpcf7-radio\"><span class=\"wpcf7-list-item first\"><input type=\"radio\" name=\"esperienze\" value=\"S\u00ec\" \/><span class=\"wpcf7-list-item-label\">S\u00ec<\/span><\/span><span class=\"wpcf7-list-item last\"><input type=\"radio\" name=\"esperienze\" value=\"No\" \/><span class=\"wpcf7-list-item-label\">No<\/span><\/span><\/span><\/span>\n\t\t<\/p>\n\t<\/div>\n\t<div style=\"float:right; width:135px; padding-left:7px; border-left:1px solid; height:75px;\">\n\t\t<p>Scegli una sede (richiesto)\n\t\t<\/p>\n\t\t<p><span class=\"wpcf7-form-control-wrap\" data-name=\"sede\"><select class=\"wpcf7-form-control wpcf7-select wpcf7-validates-as-required\" aria-required=\"true\" aria-invalid=\"false\" name=\"sede\"><option value=\"Milano\">Milano<\/option><\/select><\/span>\n\t\t<\/p>\n\t<\/div>\n<\/div>\n<div style=\"clear:both;\">\n<\/div>\n<p>Motivazioni per cui vuoi partecipare alle nostre iniziative (richiesto):\n<\/p>\n<p><span class=\"wpcf7-form-control-wrap\" data-name=\"motivazioni\"><select class=\"wpcf7-form-control wpcf7-select wpcf7-validates-as-required\" aria-required=\"true\" aria-invalid=\"false\" name=\"motivazioni\"><option value=\"\">&#8212;Seleziona un&#039;opzione&#8212;<\/option><option value=\"Riconversione completa della propria attivit\u00e0 lavorativa\">Riconversione completa della propria attivit\u00e0 lavorativa<\/option><option value=\"Nuovo lavoro\">Nuovo lavoro<\/option><option value=\"Aggiunta di nuove abilit\u00e0\">Aggiunta di nuove abilit\u00e0<\/option><option value=\"Approfondimento professionale\">Approfondimento professionale<\/option><option value=\"Approfondimento personale \/ crescita interiore\">Approfondimento personale \/ crescita interiore<\/option><option value=\"Cultore della materia\">Cultore della materia<\/option><option value=\"Curiosit\u00e0\">Curiosit\u00e0<\/option><option value=\"Altro (specifica nel campo sottostante)\">Altro (specifica nel campo sottostante)<\/option><\/select><\/span>\n<\/p>\n<p>Esperienze precedenti \/ ulteriori motivazioni:\n<\/p>\n<p><span class=\"wpcf7-form-control-wrap\" data-name=\"your-message\"><textarea cols=\"40\" rows=\"10\" maxlength=\"2000\" class=\"wpcf7-form-control wpcf7-textarea\" aria-invalid=\"false\" name=\"your-message\"><\/textarea><\/span>\n<\/p>\n<p>Note:<br \/>\n<span class=\"wpcf7-form-control-wrap\" data-name=\"note\"><textarea cols=\"40\" rows=\"10\" maxlength=\"2000\" class=\"wpcf7-form-control wpcf7-textarea\" aria-invalid=\"false\" name=\"note\"><\/textarea><\/span><br \/>\n(compila questo campo e sarai contattato in maniera PRIORITARIA)\n<\/p>\n<div style=\"display:none; margin-bottom:0px;\">\n\t<p>[AFCF_BB getvar=\"q\"]<span class=\"wpcf7-form-control-wrap\" data-name=\"referer\"><input size=\"40\" maxlength=\"400\" class=\"wpcf7-form-control wpcf7-text\" aria-invalid=\"false\" value=\"\" type=\"text\" name=\"referer\" \/><\/span>[\/AFCF_BB]<br \/>\n<span class=\"wpcf7-form-control-wrap\" data-name=\"referer-page\"><input size=\"40\" maxlength=\"400\" class=\"wpcf7-form-control wpcf7-text referer-page\" aria-invalid=\"false\" value=\"\" type=\"text\" name=\"referer-page\" \/><\/span><br \/>\n\t<span class=\"wpcf7-form-control-wrap geoloc\" data-name=\"geoloc\"><input type=\"hidden\" name=\"geoloc\" class=\"wpcf7-form-control wpcf7-hidden wpcf7dtx wpcf7dtx-hidden\" aria-invalid=\"false\" value=\"geoloc\"><\/span>\n\t<\/p>\n<\/div>\n<p><input class=\"wpcf7-form-control wpcf7-submit has-spinner\" type=\"submit\" value=\"Invia richiesta!\" \/>\n<\/p><div class=\"wpcf7-response-output\" aria-hidden=\"true\"><\/div>\n<\/form>\n<\/div>\n\n<p style=\"text-align: justify; font-size: 12px;\">Questo sito \u00e8 contro lo spam. Cliccando sul pulsante &#8220;Invia richiesta&#8221; invierai i Tuoi dati alla nostra segreteria dove verranno custoditi nel pieno rispetto della vigente normativa sulla Privacy e utilizzati esclusivamente per lo scambio di informazioni tra Te e l&#8217;Istituto ISI-CNV. Per nessun motivo i Tuoi dati verranno ceduti a terzi.<\/p>\n<\/div>\n<p style=\"text-align: center;\"><img decoding=\"async\" class=\"aligncenter\" style=\"width: 100%;\" src=\"https:\/\/www.neurolinguistic.com\/blog\/wp-content\/themes\/flexsqueeze2\/images\/dividers\/clear-bubble.png\" alt=\"\" \/><\/p>\n<p style=\"text-align: center;\">IHI in partnership with Universit\u00e9 Europ\u00e9enne 788-790 FINCHLEY ROAD London<\/p>\n","protected":false},"excerpt":{"rendered":"<p>MESMERISMUS&reg; &ndash; Last minute:&nbsp;Milano Sabato e Domenica 29-30 Ottobre 2016 Ipnosi, Magnetismo e Fascinazione a livelli mai esplorati prima d&rsquo;ora&hellip; Ti attende&nbsp;un fine settimana di sviluppo&nbsp;personale e professionale&nbsp;senza precedenti, dove scoprirai le chiavi segrete di un&rsquo;antica conoscenza che si credeva perduta&hellip; Con certificazioni internazionali. Validi anche come finestre d&rsquo;ingresso per il Master in PNL, Ipnosi [&hellip;]<\/p>\n","protected":false},"author":1,"featured_media":0,"parent":0,"menu_order":0,"comment_status":"closed","ping_status":"closed","template":"sptemplate-13.php","meta":{"footnotes":""},"class_list":["post-1582","page","type-page","status-publish","hentry"],"yoast_head":"<!-- This site is optimized with the Yoast SEO plugin v27.2 - https:\/\/yoast.com\/product\/yoast-seo-wordpress\/ -->\n<title>Mesmerismus\u00a9 &#8211; Universit\u00e9 Europ\u00e9enne - ISI-CNV<\/title>\n<meta name=\"robots\" content=\"index, follow, max-snippet:-1, max-image-preview:large, max-video-preview:-1\" \/>\n<link rel=\"canonical\" href=\"https:\/\/www.neurolinguistic.com\/blog\/mesmerismus\/\" \/>\n<meta property=\"og:locale\" content=\"it_IT\" \/>\n<meta property=\"og:type\" content=\"article\" \/>\n<meta property=\"og:title\" content=\"Mesmerismus\u00a9 &#8211; Universit\u00e9 Europ\u00e9enne - ISI-CNV\" \/>\n<meta property=\"og:description\" content=\"MESMERISMUS&reg; &ndash; Last minute:&nbsp;Milano Sabato e Domenica 29-30 Ottobre 2016 Ipnosi, Magnetismo e Fascinazione a livelli mai esplorati prima d&rsquo;ora&hellip; Ti attende&nbsp;un fine settimana di sviluppo&nbsp;personale e professionale&nbsp;senza precedenti, dove scoprirai le chiavi segrete di un&rsquo;antica conoscenza che si credeva perduta&hellip; Con certificazioni internazionali. Validi anche come finestre d&rsquo;ingresso per il Master in PNL, Ipnosi [&hellip;]\" \/>\n<meta property=\"og:url\" content=\"https:\/\/www.neurolinguistic.com\/blog\/mesmerismus\/\" \/>\n<meta property=\"og:site_name\" content=\"Universit\u00e9 Europ\u00e9enne - ISI-CNV\" \/>\n<meta property=\"article:publisher\" content=\"https:\/\/www.facebook.com\/ipnositecniche\" \/>\n<meta property=\"article:modified_time\" content=\"2016-10-21T06:16:23+00:00\" \/>\n<meta property=\"og:image\" content=\"https:\/\/www.neurolinguistic.com\/blog\/wp-content\/themes\/flexsqueeze2\/images\/dividers\/clear-bubble.png\" \/>\n<meta name=\"twitter:card\" content=\"summary_large_image\" \/>\n<meta name=\"twitter:label1\" content=\"Tempo di lettura stimato\" \/>\n\t<meta name=\"twitter:data1\" content=\"2 minuti\" \/>\n<script type=\"application\/ld+json\" class=\"yoast-schema-graph\">{\"@context\":\"https:\/\/schema.org\",\"@graph\":[{\"@type\":\"WebPage\",\"@id\":\"https:\/\/www.neurolinguistic.com\/blog\/mesmerismus\/\",\"url\":\"https:\/\/www.neurolinguistic.com\/blog\/mesmerismus\/\",\"name\":\"Mesmerismus\u00a9 &#8211; Universit\u00e9 Europ\u00e9enne - ISI-CNV\",\"isPartOf\":{\"@id\":\"https:\/\/www.neurolinguistic.com\/blog\/#website\"},\"primaryImageOfPage\":{\"@id\":\"https:\/\/www.neurolinguistic.com\/blog\/mesmerismus\/#primaryimage\"},\"image\":{\"@id\":\"https:\/\/www.neurolinguistic.com\/blog\/mesmerismus\/#primaryimage\"},\"thumbnailUrl\":\"https:\/\/www.neurolinguistic.com\/blog\/wp-content\/themes\/flexsqueeze2\/images\/dividers\/clear-bubble.png\",\"datePublished\":\"2016-01-15T18:07:06+00:00\",\"dateModified\":\"2016-10-21T06:16:23+00:00\",\"breadcrumb\":{\"@id\":\"https:\/\/www.neurolinguistic.com\/blog\/mesmerismus\/#breadcrumb\"},\"inLanguage\":\"it-IT\",\"potentialAction\":[{\"@type\":\"ReadAction\",\"target\":[\"https:\/\/www.neurolinguistic.com\/blog\/mesmerismus\/\"]}]},{\"@type\":\"ImageObject\",\"inLanguage\":\"it-IT\",\"@id\":\"https:\/\/www.neurolinguistic.com\/blog\/mesmerismus\/#primaryimage\",\"url\":\"https:\/\/www.neurolinguistic.com\/blog\/wp-content\/themes\/flexsqueeze2\/images\/dividers\/clear-bubble.png\",\"contentUrl\":\"https:\/\/www.neurolinguistic.com\/blog\/wp-content\/themes\/flexsqueeze2\/images\/dividers\/clear-bubble.png\"},{\"@type\":\"BreadcrumbList\",\"@id\":\"https:\/\/www.neurolinguistic.com\/blog\/mesmerismus\/#breadcrumb\",\"itemListElement\":[{\"@type\":\"ListItem\",\"position\":1,\"name\":\"Home\",\"item\":\"https:\/\/www.neurolinguistic.com\/blog\/\"},{\"@type\":\"ListItem\",\"position\":2,\"name\":\"Mesmerismus\"}]},{\"@type\":\"WebSite\",\"@id\":\"https:\/\/www.neurolinguistic.com\/blog\/#website\",\"url\":\"https:\/\/www.neurolinguistic.com\/blog\/\",\"name\":\"Universit\u00e9 Europ\u00e9enne - ISI-CNV\",\"description\":\"Articoli, Lezioni Online, Omaggi, Video e molto altro\",\"potentialAction\":[{\"@type\":\"SearchAction\",\"target\":{\"@type\":\"EntryPoint\",\"urlTemplate\":\"https:\/\/www.neurolinguistic.com\/blog\/?s={search_term_string}\"},\"query-input\":{\"@type\":\"PropertyValueSpecification\",\"valueRequired\":true,\"valueName\":\"search_term_string\"}}],\"inLanguage\":\"it-IT\"}]}<\/script>\n<!-- \/ Yoast SEO plugin. -->","yoast_head_json":{"title":"Mesmerismus\u00a9 &#8211; Universit\u00e9 Europ\u00e9enne - ISI-CNV","robots":{"index":"index","follow":"follow","max-snippet":"max-snippet:-1","max-image-preview":"max-image-preview:large","max-video-preview":"max-video-preview:-1"},"canonical":"https:\/\/www.neurolinguistic.com\/blog\/mesmerismus\/","og_locale":"it_IT","og_type":"article","og_title":"Mesmerismus\u00a9 &#8211; Universit\u00e9 Europ\u00e9enne - ISI-CNV","og_description":"MESMERISMUS&reg; &ndash; Last minute:&nbsp;Milano Sabato e Domenica 29-30 Ottobre 2016 Ipnosi, Magnetismo e Fascinazione a livelli mai esplorati prima d&rsquo;ora&hellip; Ti attende&nbsp;un fine settimana di sviluppo&nbsp;personale e professionale&nbsp;senza precedenti, dove scoprirai le chiavi segrete di un&rsquo;antica conoscenza che si credeva perduta&hellip; Con certificazioni internazionali. Validi anche come finestre d&rsquo;ingresso per il Master in PNL, Ipnosi [&hellip;]","og_url":"https:\/\/www.neurolinguistic.com\/blog\/mesmerismus\/","og_site_name":"Universit\u00e9 Europ\u00e9enne - ISI-CNV","article_publisher":"https:\/\/www.facebook.com\/ipnositecniche","article_modified_time":"2016-10-21T06:16:23+00:00","og_image":[{"url":"https:\/\/www.neurolinguistic.com\/blog\/wp-content\/themes\/flexsqueeze2\/images\/dividers\/clear-bubble.png","type":"","width":"","height":""}],"twitter_card":"summary_large_image","twitter_misc":{"Tempo di lettura stimato":"2 minuti"},"schema":{"@context":"https:\/\/schema.org","@graph":[{"@type":"WebPage","@id":"https:\/\/www.neurolinguistic.com\/blog\/mesmerismus\/","url":"https:\/\/www.neurolinguistic.com\/blog\/mesmerismus\/","name":"Mesmerismus\u00a9 &#8211; Universit\u00e9 Europ\u00e9enne - ISI-CNV","isPartOf":{"@id":"https:\/\/www.neurolinguistic.com\/blog\/#website"},"primaryImageOfPage":{"@id":"https:\/\/www.neurolinguistic.com\/blog\/mesmerismus\/#primaryimage"},"image":{"@id":"https:\/\/www.neurolinguistic.com\/blog\/mesmerismus\/#primaryimage"},"thumbnailUrl":"https:\/\/www.neurolinguistic.com\/blog\/wp-content\/themes\/flexsqueeze2\/images\/dividers\/clear-bubble.png","datePublished":"2016-01-15T18:07:06+00:00","dateModified":"2016-10-21T06:16:23+00:00","breadcrumb":{"@id":"https:\/\/www.neurolinguistic.com\/blog\/mesmerismus\/#breadcrumb"},"inLanguage":"it-IT","potentialAction":[{"@type":"ReadAction","target":["https:\/\/www.neurolinguistic.com\/blog\/mesmerismus\/"]}]},{"@type":"ImageObject","inLanguage":"it-IT","@id":"https:\/\/www.neurolinguistic.com\/blog\/mesmerismus\/#primaryimage","url":"https:\/\/www.neurolinguistic.com\/blog\/wp-content\/themes\/flexsqueeze2\/images\/dividers\/clear-bubble.png","contentUrl":"https:\/\/www.neurolinguistic.com\/blog\/wp-content\/themes\/flexsqueeze2\/images\/dividers\/clear-bubble.png"},{"@type":"BreadcrumbList","@id":"https:\/\/www.neurolinguistic.com\/blog\/mesmerismus\/#breadcrumb","itemListElement":[{"@type":"ListItem","position":1,"name":"Home","item":"https:\/\/www.neurolinguistic.com\/blog\/"},{"@type":"ListItem","position":2,"name":"Mesmerismus"}]},{"@type":"WebSite","@id":"https:\/\/www.neurolinguistic.com\/blog\/#website","url":"https:\/\/www.neurolinguistic.com\/blog\/","name":"Universit\u00e9 Europ\u00e9enne - ISI-CNV","description":"Articoli, Lezioni Online, Omaggi, Video e molto altro","potentialAction":[{"@type":"SearchAction","target":{"@type":"EntryPoint","urlTemplate":"https:\/\/www.neurolinguistic.com\/blog\/?s={search_term_string}"},"query-input":{"@type":"PropertyValueSpecification","valueRequired":true,"valueName":"search_term_string"}}],"inLanguage":"it-IT"}]}},"_links":{"self":[{"href":"https:\/\/www.neurolinguistic.com\/blog\/wp-json\/wp\/v2\/pages\/1582","targetHints":{"allow":["GET"]}}],"collection":[{"href":"https:\/\/www.neurolinguistic.com\/blog\/wp-json\/wp\/v2\/pages"}],"about":[{"href":"https:\/\/www.neurolinguistic.com\/blog\/wp-json\/wp\/v2\/types\/page"}],"author":[{"embeddable":true,"href":"https:\/\/www.neurolinguistic.com\/blog\/wp-json\/wp\/v2\/users\/1"}],"replies":[{"embeddable":true,"href":"https:\/\/www.neurolinguistic.com\/blog\/wp-json\/wp\/v2\/comments?post=1582"}],"version-history":[{"count":0,"href":"https:\/\/www.neurolinguistic.com\/blog\/wp-json\/wp\/v2\/pages\/1582\/revisions"}],"wp:attachment":[{"href":"https:\/\/www.neurolinguistic.com\/blog\/wp-json\/wp\/v2\/media?parent=1582"}],"curies":[{"name":"wp","href":"https:\/\/api.w.org\/{rel}","templated":true}]}}