{"id":1548,"date":"2015-11-24T09:28:32","date_gmt":"2015-11-24T09:28:32","guid":{"rendered":"http:\/\/www.neurolinguistic.com\/blog\/?page_id=1548"},"modified":"2015-11-24T10:49:49","modified_gmt":"2015-11-24T10:49:49","slug":"hypnocoaching","status":"publish","type":"page","link":"https:\/\/www.neurolinguistic.com\/blog\/hypnocoaching\/","title":{"rendered":"Hypnocoaching"},"content":{"rendered":"<p class=\" ffhead1\"><span style=\"color: #940000;\">Milano 28-29 Novembre 2015 <strong>HYPNOCOACHING<\/strong><\/span><\/p>\n<p class=\" ffhead4\"><span style=\"font-size: 14pt; font-family: Shanti;\">Con rilascio di certificato professionale.<\/span><\/p>\n<p class=\" ffhead4\"><span style=\"color: #0266bd;\">Un&#8217;eccitante opportunit\u00e0 per iniziare ad espandere in maniera consistente la tua carriera professionale.<\/span><\/p>\n<p class=\"ffhead4 ffbox ffwarning\" style=\"text-align: left;\"><span style=\"font-size: 14pt;\"><strong>Non lasciarti ingannare dalle imitazioni<\/strong> &#8211; La vera metodologia &#8220;Hypnocoaching&#8221; la puoi trovare esclusivamente presso questo Istituto di Formazione. Imparerai <span style=\"text-decoration: underline;\">specifici modelli<\/span> per guidare te stesso\/a e le altre persone al successo e alla realizzazione. Molto pi\u00f9 delle <em>semplici tecniche di ipnosi e coaching<\/em>\u00a0trattate nei corsi di altre scuole.<\/span><\/p>\n<div class=\"section group\">\n<div class=\"col span_6_of_12\">\n<ul class=\"flexlist plusgreen\">\n<li>Sei alla ricerca di una via diretta e breve per iniziare, riconvertire o espandere ulteriormente la tua professione?<\/li>\n<li>Vuoi creare un rapporto di fiducia e fidelizzazione con i tuoi clienti in modo che diventino clienti abituali?<\/li>\n<li>Vuoi lavorare con persone motivate a migliorare la propria vita?<\/li>\n<li>Vuoi iniziare una professione autonoma, flessibile e gratificante?<\/li>\n<\/ul>\n<\/div>\n<div class=\"col span_6_of_12\">\n<ul class=\"flexlist plusgreen\">\n<li>Vuoi aiutare le persone a realizzare pi\u00f9 di quanto ritengono possibile?<\/li>\n<li>Vuoi un nuovo e attraente servizio da proporre ai tuoi potenziali clienti?<\/li>\n<li>Vuoi creare un flusso di reddito costante creandoti un portafoglio di clienti affezionati e motivati?<\/li>\n<li>Vuoi acquisire abilit\u00e0 d&#8217;ipnotismo e PNL completamente nuove e di sicuro successo?<\/li>\n<\/ul>\n<\/div>\n<\/div>\n<p class=\" ffhead4\">Se hai risposto di s\u00ec a una o pi\u00f9 delle 8 domande qui sopra, Hypnocoaching \u00e8 il giusto trampolino di lancio che ti occorre. <span style=\"text-decoration: underline;\">Non troverai niente altro di meglio.<\/span><\/p>\n<p class=\" ffhead4\"><img loading=\"lazy\" decoding=\"async\" class=\"aligncenter size-full wp-image-1551\" src=\"https:\/\/www.neurolinguistic.com\/blog\/wp-content\/uploads\/hypnocoaching.jpg\" alt=\"hypnocoaching\" width=\"800\" height=\"300\" srcset=\"https:\/\/www.neurolinguistic.com\/blog\/wp-content\/uploads\/hypnocoaching.jpg 800w, https:\/\/www.neurolinguistic.com\/blog\/wp-content\/uploads\/hypnocoaching-300x113.jpg 300w\" sizes=\"auto, (max-width: 800px) 100vw, 800px\" \/><\/p>\n<div class=\"fspbanner fspred\">\n<h3 class=\"softshadow\"><span style=\"color: #ffffff;\">Ecco cosa imparerai in questo fine settimana intensivo:<\/span><\/h3>\n<\/div>\n<div class=\"fspfooter\"><span style=\"display: none;\">.<\/span><\/div>\n<div class=\"section group\">\n<div class=\"col span_6_of_12\">\n<ul class=\"flexlist greencheck3\">\n<li>La differenza tra semplice coaching e hypnocoaching<\/li>\n<li>Il bagaglio tecnico chiave di un grande Hypnocoach.<\/li>\n<li>Gli elementi segreti di ipnosi e PNL per distinguersi dalla concorrenza.<\/li>\n<li>Come guidare una persona a valorizzare e monetizzare i propri talenti.<\/li>\n<\/ul>\n<\/div>\n<div class=\"col span_6_of_12\">\n<ul class=\"flexlist greencheck3\">\n<li>Come capire gli obiettivi del cliente e guidarlo in maniera infallibile.<\/li>\n<li>Metodi, tecniche ed esercizi specifici e testati per motivare i tuoi clienti.<\/li>\n<li>Script esclusivi di PNL e Ipnosi da utilizzare nell&#8217;Hypnocoaching.<\/li>\n<li>Come condurre con successo una sessione di Hypnocoaching.<\/li>\n<\/ul>\n<\/div>\n<\/div>\n<div class=\"fspbanner fspblue\">\n<h3 class=\"softshadow\"><span style=\"color: #ffffff;\">L&#8217;intero Seminario sar\u00e0 tenuto dal Dott. marco Paret.<\/span><\/h3>\n<\/div>\n<div class=\"fspfooter\"><span style=\"display: none;\">.<\/span><\/div>\n<p style=\"text-align: left;\"><img loading=\"lazy\" decoding=\"async\" class=\"alignleft wp-image-897 \" src=\"https:\/\/www.neurolinguistic.com\/blog\/wp-content\/uploads\/member_7793157-199x300.jpeg\" alt=\"member_7793157\" width=\"213\" height=\"321\" srcset=\"https:\/\/www.neurolinguistic.com\/blog\/wp-content\/uploads\/member_7793157-199x300.jpeg 199w, https:\/\/www.neurolinguistic.com\/blog\/wp-content\/uploads\/member_7793157.jpeg 239w\" sizes=\"auto, (max-width: 213px) 100vw, 213px\" \/><span style=\"font-size: 13pt;\">Con pi\u00f9 di 25 anni di esperienza e ricerca nel settore, il Dott. Marco Paret \u00a0\u00e8 attualmente uno dei massimi esperti di ipnosi. La sua formazione vanta maestri di indiscutibile lignaggio come il Prof. Erminio di Pisa, Gil Boyne e Virgilio Torrizzano.\u00a0<\/span><\/p>\n<p style=\"text-align: left;\"><span style=\"font-size: 13pt;\"><span style=\"background-color: transparent;\">E&#8217; fondatore e direttore dell&#8217;istituto &#8220;ISI-CNV&#8221; che da 20 anni ha come mission la divulgazione delle pi\u00f9 potenti tecniche di comunicazione, ipnosi e miglioramento personale.<\/span><\/span><\/p>\n<p style=\"text-align: left;\"><span style=\"font-size: 13pt;\"><strong style=\"background-color: transparent;\">Grazie al suo lavoro ha portato alla luce segreti che fino ad oggi sono rimasti gelosamente custoditi rendendoli accessibili a chiunque voglia dare una svolta decisiva alla propria vita.<\/strong><\/span><\/p>\n<div class=\"arrowredleft\" style=\"min-height: 230px; margin-left: -95px; margin-right: -95px; width: 840px;\">\n<div class=\"arrowredright\" style=\"min-height: 230px;\">\n<div style=\"max-width: 500px; margin: 0pt auto;\">\n<p style=\"text-align: justify;\"><span style=\"font-family: 'trebuchet ms', geneva; font-size: 22px; letter-spacing: -1px; line-height: 115%;\">Compila il modulo qui sotto per essere contattato\/a subito da un nostro operatore su quote e modalit\u00e0 di iscrizione. Oppure\u00a0<a href=\"https:\/\/www.neurolinguistic.com\/blog\/modulo-di-richiesta-informazioni-generiche\/\" target=\"_blank\">CLICCA QUI<\/a> se ti occorrono solo informazioni di carattere generico<\/span><span style=\"font-family: 'trebuchet ms', geneva; font-size: 22px; letter-spacing: -1px; line-height: 115%;\">.<\/span><\/p>\n<div class=\"yellowbox aligncenter\" style=\"width: 455px; border-width: 3px; border-style: dashed; text-align: left;\">\n<p style=\"text-align: justify;\"><strong><span style=\"font-family: 'trebuchet ms', geneva; font-size: 22px; letter-spacing: -1px; line-height: 115%; color: #008acb;\">S\u00ec grazie, voglio essere contattato\/a subito da un vostro operatore per <span style=\"color: #cf0717;\">conoscere date, quote di iscrizione<\/span> e farmi consigliare sul <span style=\"color: #006d08;\">piano di studi pi\u00f9 adatto ai miei \u00a0obiettivi.<\/span><\/span><\/strong><\/p>\n\n<div class=\"wpcf7 no-js\" id=\"wpcf7-f1545-o1\" lang=\"it-IT\" dir=\"ltr\" data-wpcf7-id=\"1545\">\n<div class=\"screen-reader-response\"><p role=\"status\" aria-live=\"polite\" aria-atomic=\"true\"><\/p> <ul><\/ul><\/div>\n<form action=\"\/blog\/wp-json\/wp\/v2\/pages\/1548#wpcf7-f1545-o1\" method=\"post\" class=\"wpcf7-form init\" aria-label=\"Modulo di contatto\" novalidate=\"novalidate\" data-status=\"init\">\n<fieldset class=\"hidden-fields-container\"><input type=\"hidden\" name=\"_wpcf7\" value=\"1545\" \/><input type=\"hidden\" name=\"_wpcf7_version\" value=\"6.1.5\" \/><input type=\"hidden\" name=\"_wpcf7_locale\" value=\"it_IT\" \/><input type=\"hidden\" name=\"_wpcf7_unit_tag\" value=\"wpcf7-f1545-o1\" \/><input type=\"hidden\" name=\"_wpcf7_container_post\" value=\"0\" \/><input type=\"hidden\" name=\"_wpcf7_posted_data_hash\" value=\"\" \/><input type=\"hidden\" name=\"_wpcf7dtx_version\" value=\"5.0.5\" \/>\n<\/fieldset>\n<p>Il Tuo Nome (richiesto)\n<\/p>\n<p><span class=\"wpcf7-form-control-wrap\" data-name=\"your-name\"><input size=\"40\" maxlength=\"400\" class=\"wpcf7-form-control wpcf7-text wpcf7-validates-as-required\" aria-required=\"true\" aria-invalid=\"false\" value=\"\" type=\"text\" name=\"your-name\" \/><\/span>\n<\/p>\n<p>La Tua Email (richiesto)\n<\/p>\n<p><span class=\"wpcf7-form-control-wrap\" data-name=\"your-email\"><input size=\"40\" maxlength=\"400\" class=\"wpcf7-form-control wpcf7-email wpcf7-validates-as-required wpcf7-text wpcf7-validates-as-email\" aria-required=\"true\" aria-invalid=\"false\" value=\"\" type=\"email\" name=\"your-email\" \/><\/span>\n<\/p>\n<p>Telefono (richiesto)\n<\/p>\n<p><span class=\"wpcf7-form-control-wrap\" data-name=\"telefono\"><input size=\"40\" maxlength=\"400\" class=\"wpcf7-form-control wpcf7-text wpcf7-validates-as-required\" aria-required=\"true\" aria-invalid=\"false\" value=\"\" type=\"text\" name=\"telefono\" \/><\/span>\n<\/p>\n<p>Citt\u00e0\n<\/p>\n<p><span class=\"wpcf7-form-control-wrap\" data-name=\"cit\"><input size=\"40\" maxlength=\"400\" class=\"wpcf7-form-control wpcf7-text\" aria-invalid=\"false\" value=\"\" type=\"text\" name=\"cit\" \/><\/span>\n<\/p>\n<p>Professione (richiesto)\n<\/p>\n<p><span class=\"wpcf7-form-control-wrap\" data-name=\"professione\"><input size=\"40\" maxlength=\"400\" class=\"wpcf7-form-control wpcf7-text wpcf7-validates-as-required\" aria-required=\"true\" aria-invalid=\"false\" value=\"\" type=\"text\" name=\"professione\" \/><\/span>\n<\/p>\n<p>Data di nascita\n<\/p>\n<p><span class=\"wpcf7-form-control-wrap\" data-name=\"nascita\"><input size=\"40\" maxlength=\"400\" class=\"wpcf7-form-control wpcf7-text\" aria-invalid=\"false\" value=\"\" type=\"text\" name=\"nascita\" \/><\/span>\n<\/p>\n<div style=\"width:345px;\">\n\t<div style=\"float:left; width:193px; padding-right:7px; font-size:13px;\">\n\t\t<p>Hai gi\u00e0 partecipato a corsi di formazione in questo settore?\n\t\t<\/p>\n\t\t<p><span class=\"wpcf7-form-control-wrap\" data-name=\"esperienze\"><span class=\"wpcf7-form-control wpcf7-radio\"><span class=\"wpcf7-list-item first\"><input type=\"radio\" name=\"esperienze\" value=\"S\u00ec\" \/><span class=\"wpcf7-list-item-label\">S\u00ec<\/span><\/span><span class=\"wpcf7-list-item last\"><input type=\"radio\" name=\"esperienze\" value=\"No\" \/><span class=\"wpcf7-list-item-label\">No<\/span><\/span><\/span><\/span>\n\t\t<\/p>\n\t<\/div>\n\t<div style=\"float:right; width:135px; padding-left:7px; border-left:1px solid; height:75px;\">\n\t\t<p>Scegli una sede (richiesto)\n\t\t<\/p>\n\t\t<p><span class=\"wpcf7-form-control-wrap\" data-name=\"sede\"><select class=\"wpcf7-form-control wpcf7-select wpcf7-validates-as-required\" aria-required=\"true\" aria-invalid=\"false\" name=\"sede\"><option value=\"Milano\">Milano<\/option><\/select><\/span>\n\t\t<\/p>\n\t<\/div>\n<\/div>\n<div style=\"clear:both;\">\n<\/div>\n<p>Motivazioni per cui vuoi partecipare alle nostre iniziative (richiesto):\n<\/p>\n<p><span class=\"wpcf7-form-control-wrap\" data-name=\"motivazioni\"><select class=\"wpcf7-form-control wpcf7-select wpcf7-validates-as-required\" aria-required=\"true\" aria-invalid=\"false\" name=\"motivazioni\"><option value=\"\">&#8212;Seleziona un&#039;opzione&#8212;<\/option><option value=\"Riconversione completa della propria attivit\u00e0 lavorativa\">Riconversione completa della propria attivit\u00e0 lavorativa<\/option><option value=\"Nuovo lavoro\">Nuovo lavoro<\/option><option value=\"Aggiunta di nuove abilit\u00e0\">Aggiunta di nuove abilit\u00e0<\/option><option value=\"Approfondimento professionale\">Approfondimento professionale<\/option><option value=\"Approfondimento personale \/ crescita interiore\">Approfondimento personale \/ crescita interiore<\/option><option value=\"Cultore della materia\">Cultore della materia<\/option><option value=\"Curiosit\u00e0\">Curiosit\u00e0<\/option><option value=\"Altro (specifica nel campo sottostante)\">Altro (specifica nel campo sottostante)<\/option><\/select><\/span>\n<\/p>\n<p>Esperienze precedenti \/ ulteriori motivazioni:\n<\/p>\n<p><span class=\"wpcf7-form-control-wrap\" data-name=\"your-message\"><textarea cols=\"40\" rows=\"10\" maxlength=\"2000\" class=\"wpcf7-form-control wpcf7-textarea\" aria-invalid=\"false\" name=\"your-message\"><\/textarea><\/span>\n<\/p>\n<p>Note: (compila questo campo e sarai contattato in maniera PRIORITARIA)<br \/>\n<span class=\"wpcf7-form-control-wrap\" data-name=\"note\"><textarea cols=\"40\" rows=\"10\" maxlength=\"2000\" class=\"wpcf7-form-control wpcf7-textarea\" aria-invalid=\"false\" name=\"note\"><\/textarea><\/span>\n<\/p>\n<div style=\"display:none; margin-bottom:0px;\">\n\t<p>[AFCF_BB getvar=\"q\"]<span class=\"wpcf7-form-control-wrap\" data-name=\"referer\"><input size=\"40\" maxlength=\"400\" class=\"wpcf7-form-control wpcf7-text\" aria-invalid=\"false\" value=\"\" type=\"text\" name=\"referer\" \/><\/span>[\/AFCF_BB]<br \/>\n<span class=\"wpcf7-form-control-wrap\" data-name=\"referer-page\"><input size=\"40\" maxlength=\"400\" class=\"wpcf7-form-control wpcf7-text referer-page\" aria-invalid=\"false\" value=\"\" type=\"text\" name=\"referer-page\" \/><\/span><br \/>\n\t<span class=\"wpcf7-form-control-wrap geoloc\" data-name=\"geoloc\"><input type=\"hidden\" name=\"geoloc\" class=\"wpcf7-form-control wpcf7-hidden wpcf7dtx wpcf7dtx-hidden\" aria-invalid=\"false\" value=\"geoloc\"><\/span>\n\t<\/p>\n<\/div>\n<p><input class=\"wpcf7-form-control wpcf7-submit has-spinner\" type=\"submit\" value=\"Invia richiesta!\" \/>\n<\/p><div class=\"wpcf7-response-output\" aria-hidden=\"true\"><\/div>\n<\/form>\n<\/div>\n\n<p style=\"text-align: justify; font-size: 12px;\">Questo sito \u00e8 contro lo spam. Cliccando sul pulsante &#8220;Invia richiesta&#8221; invierai i Tuoi dati alla nostra segreteria dove verranno custoditi nel pieno rispetto della vigente normativa sulla Privacy e utilizzati esclusivamente per lo scambio di informazioni tra Te e l&#8217;Istituto ISI-CNV. Per nessun motivo i Tuoi dati verranno ceduti a terzi.<\/p>\n<\/div>\n<\/div>\n<\/div>\n<\/div>\n<p><img decoding=\"async\" class=\"aligncenter\" style=\"width: 100%;\" src=\"https:\/\/www.neurolinguistic.com\/blog\/wp-content\/themes\/flexsqueeze2\/images\/dividers\/clear-bubble.png\" alt=\"\" \/><\/p>\n<p style=\"text-align: center;\"><img decoding=\"async\" class=\"aligncenter wp-image-648\" src=\"https:\/\/www.neurolinguistic.com\/blog\/wp-content\/uploads\/fotodigruppo.jpg\" alt=\"fotodigruppo\" \/><\/p>\n<p style=\"text-align: center;\">IHI in partnership with Universit\u00e9 Europ\u00e9enne 788-790 FINCHLEY ROAD London<\/p>\n","protected":false},"excerpt":{"rendered":"<p>Milano 28-29 Novembre 2015 HYPNOCOACHING Con rilascio di certificato professionale. Un&rsquo;eccitante opportunit&agrave; per iniziare ad espandere in maniera consistente la tua carriera professionale. Non lasciarti ingannare dalle imitazioni &ndash; La vera metodologia &ldquo;Hypnocoaching&rdquo; la puoi trovare esclusivamente presso questo Istituto di Formazione. Imparerai specifici modelli per guidare te stesso\/a e le altre persone al successo [&hellip;]<\/p>\n","protected":false},"author":1,"featured_media":0,"parent":0,"menu_order":0,"comment_status":"closed","ping_status":"closed","template":"sptemplate-4.php","meta":{"footnotes":""},"class_list":["post-1548","page","type-page","status-publish","hentry"],"yoast_head":"<!-- This site is optimized with the Yoast SEO plugin v27.2 - https:\/\/yoast.com\/product\/yoast-seo-wordpress\/ -->\n<title>Hypnocoaching &#8211; Universit\u00e9 Europ\u00e9enne - ISI-CNV<\/title>\n<meta name=\"robots\" content=\"index, follow, max-snippet:-1, max-image-preview:large, max-video-preview:-1\" \/>\n<link rel=\"canonical\" href=\"https:\/\/www.neurolinguistic.com\/blog\/hypnocoaching\/\" \/>\n<meta property=\"og:locale\" content=\"it_IT\" \/>\n<meta property=\"og:type\" content=\"article\" \/>\n<meta property=\"og:title\" content=\"Hypnocoaching &#8211; Universit\u00e9 Europ\u00e9enne - ISI-CNV\" \/>\n<meta property=\"og:description\" content=\"Milano 28-29 Novembre 2015 HYPNOCOACHING Con rilascio di certificato professionale. Un&rsquo;eccitante opportunit&agrave; per iniziare ad espandere in maniera consistente la tua carriera professionale. Non lasciarti ingannare dalle imitazioni &ndash; La vera metodologia &ldquo;Hypnocoaching&rdquo; la puoi trovare esclusivamente presso questo Istituto di Formazione. Imparerai specifici modelli per guidare te stesso\/a e le altre persone al successo [&hellip;]\" \/>\n<meta property=\"og:url\" content=\"https:\/\/www.neurolinguistic.com\/blog\/hypnocoaching\/\" \/>\n<meta property=\"og:site_name\" content=\"Universit\u00e9 Europ\u00e9enne - ISI-CNV\" \/>\n<meta property=\"article:publisher\" content=\"https:\/\/www.facebook.com\/ipnositecniche\" \/>\n<meta property=\"article:modified_time\" content=\"2015-11-24T10:49:49+00:00\" \/>\n<meta property=\"og:image\" content=\"https:\/\/www.neurolinguistic.com\/blog\/wp-content\/uploads\/hypnocoaching.jpg\" \/>\n<meta name=\"twitter:card\" content=\"summary_large_image\" \/>\n<meta name=\"twitter:label1\" content=\"Tempo di lettura stimato\" \/>\n\t<meta name=\"twitter:data1\" content=\"3 minuti\" \/>\n<script type=\"application\/ld+json\" class=\"yoast-schema-graph\">{\"@context\":\"https:\/\/schema.org\",\"@graph\":[{\"@type\":\"WebPage\",\"@id\":\"https:\/\/www.neurolinguistic.com\/blog\/hypnocoaching\/\",\"url\":\"https:\/\/www.neurolinguistic.com\/blog\/hypnocoaching\/\",\"name\":\"Hypnocoaching &#8211; Universit\u00e9 Europ\u00e9enne - ISI-CNV\",\"isPartOf\":{\"@id\":\"https:\/\/www.neurolinguistic.com\/blog\/#website\"},\"primaryImageOfPage\":{\"@id\":\"https:\/\/www.neurolinguistic.com\/blog\/hypnocoaching\/#primaryimage\"},\"image\":{\"@id\":\"https:\/\/www.neurolinguistic.com\/blog\/hypnocoaching\/#primaryimage\"},\"thumbnailUrl\":\"https:\/\/www.neurolinguistic.com\/blog\/wp-content\/uploads\/hypnocoaching.jpg\",\"datePublished\":\"2015-11-24T09:28:32+00:00\",\"dateModified\":\"2015-11-24T10:49:49+00:00\",\"breadcrumb\":{\"@id\":\"https:\/\/www.neurolinguistic.com\/blog\/hypnocoaching\/#breadcrumb\"},\"inLanguage\":\"it-IT\",\"potentialAction\":[{\"@type\":\"ReadAction\",\"target\":[\"https:\/\/www.neurolinguistic.com\/blog\/hypnocoaching\/\"]}]},{\"@type\":\"ImageObject\",\"inLanguage\":\"it-IT\",\"@id\":\"https:\/\/www.neurolinguistic.com\/blog\/hypnocoaching\/#primaryimage\",\"url\":\"https:\/\/www.neurolinguistic.com\/blog\/wp-content\/uploads\/hypnocoaching.jpg\",\"contentUrl\":\"https:\/\/www.neurolinguistic.com\/blog\/wp-content\/uploads\/hypnocoaching.jpg\",\"width\":800,\"height\":300},{\"@type\":\"BreadcrumbList\",\"@id\":\"https:\/\/www.neurolinguistic.com\/blog\/hypnocoaching\/#breadcrumb\",\"itemListElement\":[{\"@type\":\"ListItem\",\"position\":1,\"name\":\"Home\",\"item\":\"https:\/\/www.neurolinguistic.com\/blog\/\"},{\"@type\":\"ListItem\",\"position\":2,\"name\":\"Hypnocoaching\"}]},{\"@type\":\"WebSite\",\"@id\":\"https:\/\/www.neurolinguistic.com\/blog\/#website\",\"url\":\"https:\/\/www.neurolinguistic.com\/blog\/\",\"name\":\"Universit\u00e9 Europ\u00e9enne - ISI-CNV\",\"description\":\"Articoli, Lezioni Online, Omaggi, Video e molto altro\",\"potentialAction\":[{\"@type\":\"SearchAction\",\"target\":{\"@type\":\"EntryPoint\",\"urlTemplate\":\"https:\/\/www.neurolinguistic.com\/blog\/?s={search_term_string}\"},\"query-input\":{\"@type\":\"PropertyValueSpecification\",\"valueRequired\":true,\"valueName\":\"search_term_string\"}}],\"inLanguage\":\"it-IT\"}]}<\/script>\n<!-- \/ Yoast SEO plugin. -->","yoast_head_json":{"title":"Hypnocoaching &#8211; Universit\u00e9 Europ\u00e9enne - ISI-CNV","robots":{"index":"index","follow":"follow","max-snippet":"max-snippet:-1","max-image-preview":"max-image-preview:large","max-video-preview":"max-video-preview:-1"},"canonical":"https:\/\/www.neurolinguistic.com\/blog\/hypnocoaching\/","og_locale":"it_IT","og_type":"article","og_title":"Hypnocoaching &#8211; Universit\u00e9 Europ\u00e9enne - ISI-CNV","og_description":"Milano 28-29 Novembre 2015 HYPNOCOACHING Con rilascio di certificato professionale. Un&rsquo;eccitante opportunit&agrave; per iniziare ad espandere in maniera consistente la tua carriera professionale. Non lasciarti ingannare dalle imitazioni &ndash; La vera metodologia &ldquo;Hypnocoaching&rdquo; la puoi trovare esclusivamente presso questo Istituto di Formazione. Imparerai specifici modelli per guidare te stesso\/a e le altre persone al successo [&hellip;]","og_url":"https:\/\/www.neurolinguistic.com\/blog\/hypnocoaching\/","og_site_name":"Universit\u00e9 Europ\u00e9enne - ISI-CNV","article_publisher":"https:\/\/www.facebook.com\/ipnositecniche","article_modified_time":"2015-11-24T10:49:49+00:00","og_image":[{"url":"https:\/\/www.neurolinguistic.com\/blog\/wp-content\/uploads\/hypnocoaching.jpg","type":"","width":"","height":""}],"twitter_card":"summary_large_image","twitter_misc":{"Tempo di lettura stimato":"3 minuti"},"schema":{"@context":"https:\/\/schema.org","@graph":[{"@type":"WebPage","@id":"https:\/\/www.neurolinguistic.com\/blog\/hypnocoaching\/","url":"https:\/\/www.neurolinguistic.com\/blog\/hypnocoaching\/","name":"Hypnocoaching &#8211; Universit\u00e9 Europ\u00e9enne - ISI-CNV","isPartOf":{"@id":"https:\/\/www.neurolinguistic.com\/blog\/#website"},"primaryImageOfPage":{"@id":"https:\/\/www.neurolinguistic.com\/blog\/hypnocoaching\/#primaryimage"},"image":{"@id":"https:\/\/www.neurolinguistic.com\/blog\/hypnocoaching\/#primaryimage"},"thumbnailUrl":"https:\/\/www.neurolinguistic.com\/blog\/wp-content\/uploads\/hypnocoaching.jpg","datePublished":"2015-11-24T09:28:32+00:00","dateModified":"2015-11-24T10:49:49+00:00","breadcrumb":{"@id":"https:\/\/www.neurolinguistic.com\/blog\/hypnocoaching\/#breadcrumb"},"inLanguage":"it-IT","potentialAction":[{"@type":"ReadAction","target":["https:\/\/www.neurolinguistic.com\/blog\/hypnocoaching\/"]}]},{"@type":"ImageObject","inLanguage":"it-IT","@id":"https:\/\/www.neurolinguistic.com\/blog\/hypnocoaching\/#primaryimage","url":"https:\/\/www.neurolinguistic.com\/blog\/wp-content\/uploads\/hypnocoaching.jpg","contentUrl":"https:\/\/www.neurolinguistic.com\/blog\/wp-content\/uploads\/hypnocoaching.jpg","width":800,"height":300},{"@type":"BreadcrumbList","@id":"https:\/\/www.neurolinguistic.com\/blog\/hypnocoaching\/#breadcrumb","itemListElement":[{"@type":"ListItem","position":1,"name":"Home","item":"https:\/\/www.neurolinguistic.com\/blog\/"},{"@type":"ListItem","position":2,"name":"Hypnocoaching"}]},{"@type":"WebSite","@id":"https:\/\/www.neurolinguistic.com\/blog\/#website","url":"https:\/\/www.neurolinguistic.com\/blog\/","name":"Universit\u00e9 Europ\u00e9enne - ISI-CNV","description":"Articoli, Lezioni Online, Omaggi, Video e molto altro","potentialAction":[{"@type":"SearchAction","target":{"@type":"EntryPoint","urlTemplate":"https:\/\/www.neurolinguistic.com\/blog\/?s={search_term_string}"},"query-input":{"@type":"PropertyValueSpecification","valueRequired":true,"valueName":"search_term_string"}}],"inLanguage":"it-IT"}]}},"_links":{"self":[{"href":"https:\/\/www.neurolinguistic.com\/blog\/wp-json\/wp\/v2\/pages\/1548","targetHints":{"allow":["GET"]}}],"collection":[{"href":"https:\/\/www.neurolinguistic.com\/blog\/wp-json\/wp\/v2\/pages"}],"about":[{"href":"https:\/\/www.neurolinguistic.com\/blog\/wp-json\/wp\/v2\/types\/page"}],"author":[{"embeddable":true,"href":"https:\/\/www.neurolinguistic.com\/blog\/wp-json\/wp\/v2\/users\/1"}],"replies":[{"embeddable":true,"href":"https:\/\/www.neurolinguistic.com\/blog\/wp-json\/wp\/v2\/comments?post=1548"}],"version-history":[{"count":1,"href":"https:\/\/www.neurolinguistic.com\/blog\/wp-json\/wp\/v2\/pages\/1548\/revisions"}],"predecessor-version":[{"id":1553,"href":"https:\/\/www.neurolinguistic.com\/blog\/wp-json\/wp\/v2\/pages\/1548\/revisions\/1553"}],"wp:attachment":[{"href":"https:\/\/www.neurolinguistic.com\/blog\/wp-json\/wp\/v2\/media?parent=1548"}],"curies":[{"name":"wp","href":"https:\/\/api.w.org\/{rel}","templated":true}]}}