{"id":1515,"date":"2015-10-07T21:57:17","date_gmt":"2015-10-07T21:57:17","guid":{"rendered":"http:\/\/www.neurolinguistic.com\/blog\/?page_id=1515"},"modified":"2015-10-07T22:05:23","modified_gmt":"2015-10-07T22:05:23","slug":"grazie","status":"publish","type":"page","link":"https:\/\/www.neurolinguistic.com\/blog\/grazie\/","title":{"rendered":"Grazie"},"content":{"rendered":"<p><!-- Facebook Conversion Code for Campus autunno 2015 --><br \/>\n<script>(function() {\n  var _fbq = window._fbq || (window._fbq = []);\n  if (!_fbq.loaded) {\n    var fbds = document.createElement('script');\n    fbds.async = true;\n    fbds.src = '\/\/connect.facebook.net\/en_US\/fbds.js';\n    var s = document.getElementsByTagName('script')[0];\n    s.parentNode.insertBefore(fbds, s);\n    _fbq.loaded = true;\n  }\n})();\nwindow._fbq = window._fbq || [];\nwindow._fbq.push(['track', '6032286763527', {'value':'0.01','currency':'EUR'}]);\n<\/script><br \/>\n<noscript><img loading=\"lazy\" decoding=\"async\" height=\"1\" width=\"1\" alt=\"\" style=\"display:none\" src=\"https:\/\/www.facebook.com\/tr?ev=6032286763527&amp;cd[value]=0.01&amp;cd[currency]=EUR&amp;noscript=1\" \/><\/noscript><\/p>\n<p class=\" ffhead3\"><span style=\"color: #0278cc;\">Grazie! La Tua richiesta di informazioni \u00e8 stata presa in carico. Il nostro Staff Ti risponder\u00e0 al pi\u00f9 presto.<\/span><\/p>\n","protected":false},"excerpt":{"rendered":"<p>Grazie! La Tua richiesta di informazioni &egrave; stata presa in carico. Il nostro Staff Ti risponder&agrave; al pi&ugrave; presto.<\/p>\n","protected":false},"author":1,"featured_media":0,"parent":0,"menu_order":0,"comment_status":"closed","ping_status":"closed","template":"page-template-notitle.php","meta":{"footnotes":""},"class_list":["post-1515","page","type-page","status-publish","hentry"],"yoast_head":"<!-- This site is optimized with the Yoast SEO plugin v27.2 - https:\/\/yoast.com\/product\/yoast-seo-wordpress\/ -->\n<title>Grazie &#8211; Universit\u00e9 Europ\u00e9enne - ISI-CNV<\/title>\n<meta name=\"robots\" content=\"index, follow, max-snippet:-1, max-image-preview:large, max-video-preview:-1\" \/>\n<link rel=\"canonical\" href=\"https:\/\/www.neurolinguistic.com\/blog\/grazie\/\" \/>\n<meta property=\"og:locale\" content=\"it_IT\" \/>\n<meta property=\"og:type\" content=\"article\" \/>\n<meta property=\"og:title\" content=\"Grazie &#8211; Universit\u00e9 Europ\u00e9enne - ISI-CNV\" \/>\n<meta property=\"og:description\" content=\"Grazie! La Tua richiesta di informazioni &egrave; stata presa in carico. Il nostro Staff Ti risponder&agrave; al pi&ugrave; presto.\" \/>\n<meta property=\"og:url\" content=\"https:\/\/www.neurolinguistic.com\/blog\/grazie\/\" \/>\n<meta property=\"og:site_name\" content=\"Universit\u00e9 Europ\u00e9enne - ISI-CNV\" \/>\n<meta property=\"article:publisher\" content=\"https:\/\/www.facebook.com\/ipnositecniche\" \/>\n<meta property=\"article:modified_time\" content=\"2015-10-07T22:05:23+00:00\" \/>\n<meta property=\"og:image\" content=\"https:\/\/www.facebook.com\/tr?ev=6032286763527&amp;cd%5Bvalue%5D=0.01&amp;cd%5Bcurrency%5D=EUR&amp;noscript=1\" \/>\n<meta name=\"twitter:card\" content=\"summary_large_image\" \/>\n<script type=\"application\/ld+json\" class=\"yoast-schema-graph\">{\"@context\":\"https:\/\/schema.org\",\"@graph\":[{\"@type\":\"WebPage\",\"@id\":\"https:\/\/www.neurolinguistic.com\/blog\/grazie\/\",\"url\":\"https:\/\/www.neurolinguistic.com\/blog\/grazie\/\",\"name\":\"Grazie &#8211; Universit\u00e9 Europ\u00e9enne - ISI-CNV\",\"isPartOf\":{\"@id\":\"https:\/\/www.neurolinguistic.com\/blog\/#website\"},\"primaryImageOfPage\":{\"@id\":\"https:\/\/www.neurolinguistic.com\/blog\/grazie\/#primaryimage\"},\"image\":{\"@id\":\"https:\/\/www.neurolinguistic.com\/blog\/grazie\/#primaryimage\"},\"thumbnailUrl\":\"https:\/\/www.facebook.com\/tr?ev=6032286763527&amp;cd[value]=0.01&amp;cd[currency]=EUR&amp;noscript=1\",\"datePublished\":\"2015-10-07T21:57:17+00:00\",\"dateModified\":\"2015-10-07T22:05:23+00:00\",\"breadcrumb\":{\"@id\":\"https:\/\/www.neurolinguistic.com\/blog\/grazie\/#breadcrumb\"},\"inLanguage\":\"it-IT\",\"potentialAction\":[{\"@type\":\"ReadAction\",\"target\":[\"https:\/\/www.neurolinguistic.com\/blog\/grazie\/\"]}]},{\"@type\":\"ImageObject\",\"inLanguage\":\"it-IT\",\"@id\":\"https:\/\/www.neurolinguistic.com\/blog\/grazie\/#primaryimage\",\"url\":\"https:\/\/www.facebook.com\/tr?ev=6032286763527&amp;cd[value]=0.01&amp;cd[currency]=EUR&amp;noscript=1\",\"contentUrl\":\"https:\/\/www.facebook.com\/tr?ev=6032286763527&amp;cd[value]=0.01&amp;cd[currency]=EUR&amp;noscript=1\"},{\"@type\":\"BreadcrumbList\",\"@id\":\"https:\/\/www.neurolinguistic.com\/blog\/grazie\/#breadcrumb\",\"itemListElement\":[{\"@type\":\"ListItem\",\"position\":1,\"name\":\"Home\",\"item\":\"https:\/\/www.neurolinguistic.com\/blog\/\"},{\"@type\":\"ListItem\",\"position\":2,\"name\":\"Grazie\"}]},{\"@type\":\"WebSite\",\"@id\":\"https:\/\/www.neurolinguistic.com\/blog\/#website\",\"url\":\"https:\/\/www.neurolinguistic.com\/blog\/\",\"name\":\"Universit\u00e9 Europ\u00e9enne - ISI-CNV\",\"description\":\"Articoli, Lezioni Online, Omaggi, Video e molto altro\",\"potentialAction\":[{\"@type\":\"SearchAction\",\"target\":{\"@type\":\"EntryPoint\",\"urlTemplate\":\"https:\/\/www.neurolinguistic.com\/blog\/?s={search_term_string}\"},\"query-input\":{\"@type\":\"PropertyValueSpecification\",\"valueRequired\":true,\"valueName\":\"search_term_string\"}}],\"inLanguage\":\"it-IT\"}]}<\/script>\n<!-- \/ Yoast SEO plugin. -->","yoast_head_json":{"title":"Grazie &#8211; Universit\u00e9 Europ\u00e9enne - ISI-CNV","robots":{"index":"index","follow":"follow","max-snippet":"max-snippet:-1","max-image-preview":"max-image-preview:large","max-video-preview":"max-video-preview:-1"},"canonical":"https:\/\/www.neurolinguistic.com\/blog\/grazie\/","og_locale":"it_IT","og_type":"article","og_title":"Grazie &#8211; Universit\u00e9 Europ\u00e9enne - ISI-CNV","og_description":"Grazie! La Tua richiesta di informazioni &egrave; stata presa in carico. Il nostro Staff Ti risponder&agrave; al pi&ugrave; presto.","og_url":"https:\/\/www.neurolinguistic.com\/blog\/grazie\/","og_site_name":"Universit\u00e9 Europ\u00e9enne - ISI-CNV","article_publisher":"https:\/\/www.facebook.com\/ipnositecniche","article_modified_time":"2015-10-07T22:05:23+00:00","og_image":[{"url":"https:\/\/www.facebook.com\/tr?ev=6032286763527&amp;cd[value]=0.01&amp;cd[currency]=EUR&amp;noscript=1","type":"","width":"","height":""}],"twitter_card":"summary_large_image","schema":{"@context":"https:\/\/schema.org","@graph":[{"@type":"WebPage","@id":"https:\/\/www.neurolinguistic.com\/blog\/grazie\/","url":"https:\/\/www.neurolinguistic.com\/blog\/grazie\/","name":"Grazie &#8211; Universit\u00e9 Europ\u00e9enne - ISI-CNV","isPartOf":{"@id":"https:\/\/www.neurolinguistic.com\/blog\/#website"},"primaryImageOfPage":{"@id":"https:\/\/www.neurolinguistic.com\/blog\/grazie\/#primaryimage"},"image":{"@id":"https:\/\/www.neurolinguistic.com\/blog\/grazie\/#primaryimage"},"thumbnailUrl":"https:\/\/www.facebook.com\/tr?ev=6032286763527&amp;cd[value]=0.01&amp;cd[currency]=EUR&amp;noscript=1","datePublished":"2015-10-07T21:57:17+00:00","dateModified":"2015-10-07T22:05:23+00:00","breadcrumb":{"@id":"https:\/\/www.neurolinguistic.com\/blog\/grazie\/#breadcrumb"},"inLanguage":"it-IT","potentialAction":[{"@type":"ReadAction","target":["https:\/\/www.neurolinguistic.com\/blog\/grazie\/"]}]},{"@type":"ImageObject","inLanguage":"it-IT","@id":"https:\/\/www.neurolinguistic.com\/blog\/grazie\/#primaryimage","url":"https:\/\/www.facebook.com\/tr?ev=6032286763527&amp;cd[value]=0.01&amp;cd[currency]=EUR&amp;noscript=1","contentUrl":"https:\/\/www.facebook.com\/tr?ev=6032286763527&amp;cd[value]=0.01&amp;cd[currency]=EUR&amp;noscript=1"},{"@type":"BreadcrumbList","@id":"https:\/\/www.neurolinguistic.com\/blog\/grazie\/#breadcrumb","itemListElement":[{"@type":"ListItem","position":1,"name":"Home","item":"https:\/\/www.neurolinguistic.com\/blog\/"},{"@type":"ListItem","position":2,"name":"Grazie"}]},{"@type":"WebSite","@id":"https:\/\/www.neurolinguistic.com\/blog\/#website","url":"https:\/\/www.neurolinguistic.com\/blog\/","name":"Universit\u00e9 Europ\u00e9enne - ISI-CNV","description":"Articoli, Lezioni Online, Omaggi, Video e molto altro","potentialAction":[{"@type":"SearchAction","target":{"@type":"EntryPoint","urlTemplate":"https:\/\/www.neurolinguistic.com\/blog\/?s={search_term_string}"},"query-input":{"@type":"PropertyValueSpecification","valueRequired":true,"valueName":"search_term_string"}}],"inLanguage":"it-IT"}]}},"_links":{"self":[{"href":"https:\/\/www.neurolinguistic.com\/blog\/wp-json\/wp\/v2\/pages\/1515","targetHints":{"allow":["GET"]}}],"collection":[{"href":"https:\/\/www.neurolinguistic.com\/blog\/wp-json\/wp\/v2\/pages"}],"about":[{"href":"https:\/\/www.neurolinguistic.com\/blog\/wp-json\/wp\/v2\/types\/page"}],"author":[{"embeddable":true,"href":"https:\/\/www.neurolinguistic.com\/blog\/wp-json\/wp\/v2\/users\/1"}],"replies":[{"embeddable":true,"href":"https:\/\/www.neurolinguistic.com\/blog\/wp-json\/wp\/v2\/comments?post=1515"}],"version-history":[{"count":1,"href":"https:\/\/www.neurolinguistic.com\/blog\/wp-json\/wp\/v2\/pages\/1515\/revisions"}],"predecessor-version":[{"id":1516,"href":"https:\/\/www.neurolinguistic.com\/blog\/wp-json\/wp\/v2\/pages\/1515\/revisions\/1516"}],"wp:attachment":[{"href":"https:\/\/www.neurolinguistic.com\/blog\/wp-json\/wp\/v2\/media?parent=1515"}],"curies":[{"name":"wp","href":"https:\/\/api.w.org\/{rel}","templated":true}]}}