{"id":1381,"date":"2015-05-30T10:36:36","date_gmt":"2015-05-30T10:36:36","guid":{"rendered":"http:\/\/www.neurolinguistic.com\/blog\/?page_id=1381"},"modified":"2015-07-25T11:08:00","modified_gmt":"2015-07-25T11:08:00","slug":"estate","status":"publish","type":"page","link":"https:\/\/www.neurolinguistic.com\/blog\/estate\/","title":{"rendered":"estate"},"content":{"rendered":"<p><span style=\"font-family: georgia, palatino; font-size: 14pt;\">Il trampolino di lancio per una nuova carriera, sia in Italia che all&#8217;estero&#8230;<\/span><\/p>\n<p class=\" ffhead1\"><span style=\"font-family: book antiqua,palatino;\"><strong><span style=\"color: #b50000;\">Torna ad Agosto l&#8217;attesissimo &#8220;<em>Percorso Magnetico<\/em>&#8220;, il ciclo di seminari interamente dedicato a Mesmerismus\u00a9\u00ae, Magnetismo, Fascinazione, <span style=\"color: #0067b5;\">nuove fenomenologie ipnotiche<\/span>, <span style=\"text-decoration: underline;\">attivazione delle funzioni mentali superiori<\/span>\u00a0e molto altro&#8230;<br \/>\n<\/span><\/strong><\/span><\/p>\n<p style=\"text-align: center;\"><span style=\"font-family: Special Elite; font-size: 18pt;\"><strong>L&#8217;arte misteriosa dei grandi fascinatori,<\/strong>\u00a0oltre a <span style=\"color: #b50000;\"><strong>Tecniche segrete e sconosciute<\/strong><\/span>\u00a0di <em>Antiche Tradizioni<\/em> <span style=\"text-decoration: underline;\">aggiornate con la moderna Scienza Quantistica<\/span>.<\/span><\/p>\n<p class=\" ffbox fftip\" style=\"text-align: center;\"><span style=\"font-size: 14pt;\">Ci\u00f2 che rende unica la nostra formazione \u00e8 il supporto tecnico legale di cui godono i nostri allievi che desiderano iniziare un&#8217;attivit\u00e0 in questo settore. Grazie al servizio di consulenza offerto dal sindacato S.I.N.A.P.E. &#8211; C.I.S.L., tutti i diplomati presso la nostra scuola internazionale possono sfruttare al massimo i vantaggi delle nuove leggi sulle professioni emergenti. E in pi\u00f9 abbiamo anche un servizio di tutoring per chi vuole intraprendere un percorso professionale all&#8217;estero!<\/span><\/p>\n<p class=\" ffbox ffwarning\" style=\"text-align: left;\"><span style=\"font-size: 14pt;\">Ancora pochi posti disponibili, compilare il modulo in fondo alla pagina per informazioni e prenotazioni.<\/span><\/p>\n<p><center><iframe loading=\"lazy\" src=\"https:\/\/www.youtube.com\/embed\/UumIoUT_MXE?rel=0&amp;showinfo=0\" width=\"639\" height=\"359\" frameborder=\"0\" allowfullscreen=\"allowfullscreen\"><\/iframe><\/center><\/p>\n<p class=\" ffbox ffinfo\" style=\"text-align: center;\"><span style=\"font-family: book antiqua,palatino; font-size: 24pt;\">Nizza &#8211; Agosto 2015<\/span><\/p>\n<div class=\"section group\">\n<div class=\"col span_6_of_12\">\n<ul class=\"flexlist greencheck2\">\n<li><span style=\"font-family: book antiqua,palatino; font-size: 14pt;\">Guadagnare e realizzarsi di pi\u00f9 sul lavoro.<\/span><\/li>\n<li><span style=\"font-family: book antiqua,palatino; font-size: 14pt;\">Sviluppare carisma magnetico, leadership\u00a0e sex appeal.<\/span><\/li>\n<li><span style=\"font-family: book antiqua,palatino; font-size: 14pt;\">Monetizzare talenti, abilit\u00e0, progetti e idee.<\/span><\/li>\n<li><span style=\"font-family: book antiqua,palatino; font-size: 14pt;\">Acquisire e sfruttare tecniche segrete e capacit\u00e0 inusuali altrimenti irreperibili.<\/span><\/li>\n<\/ul>\n<\/div>\n<div class=\"col span_6_of_12\">\n<ul class=\"flexlist greencheck2\">\n<li><span style=\"font-family: book antiqua,palatino; font-size: 14pt;\">Sbloccare i poteri latenti della mente.<\/span><\/li>\n<li><span style=\"font-family: book antiqua,palatino; font-size: 14pt;\">Riconvertire la propria attivit\u00e0 professionale.<\/span><\/li>\n<li><span style=\"font-family: book antiqua,palatino; font-size: 14pt;\">Aiutare se stessi e gli altri a stare meglio.<\/span><\/li>\n<li><span style=\"font-family: book antiqua,palatino; font-size: 14pt;\">Avvantaggiarsi del training pi\u00f9 potente e avanzato oggi disponibile.<\/span><\/li>\n<\/ul>\n<\/div>\n<\/div>\n<p style=\"font-family: book antiqua,palatino; font-size: 18pt;\">Nel seguente video possiamo vedere una tra le innumerevoli fenomenologie che verranno trattate durante i seminari:<\/p>\n<p><center><iframe loading=\"lazy\" src=\"https:\/\/www.youtube.com\/embed\/w_SdOv3pa8w?rel=0&amp;showinfo=0\" width=\"639\" height=\"359\" frameborder=\"0\" allowfullscreen=\"allowfullscreen\"><\/iframe><\/center><\/p>\n<p style=\"font-family: book antiqua,palatino; font-size: 18pt;\">Utilizza queste tecniche in terapia, in ambito commerciale o seduzione e otterrai risultati sorprendenti.<\/p>\n<div class=\"yellowbox   aligncenter\" style=\"width: 450px; border-width: 3px; border-style: solid;\">\n<div class=\" ffhead4\">\n<div class=\"\">\n<div>In questa torrida\u00a0estate puoi sconfiggere il caldo godendoti\u00a0il mare della Costa Azzurra\u00a0e apprendere divertendoti una nuova professione\u00a0che ti pu\u00f2 permettere in poco tempo di riguadagnare quanto\u00a0investito in formazione.<\/div>\n<div><\/div>\n<div>Un viaggio nel mistero\u00a0che far\u00e0 di questo mese di Agosto uno scrigno zeppo di preziose conoscenze, entusiasmanti novit\u00e0 e cambiamenti fruibili da subito.<\/div>\n<\/div>\n<\/div>\n<p style=\"text-align: center;\"><strong><span style=\"font-family: georgia,palatino; font-size: 22px; letter-spacing: -1px; line-height: 115%;\">Alla nostra scuola giungono professionisti ed appassionati da tutto il mondo&#8230; <\/span><\/strong><\/p>\n<p style=\"text-align: center;\"><span style=\"color: #ff0000;\"><strong><span style=\"font-family: georgia,palatino; font-size: 22px; letter-spacing: -1px; line-height: 115%;\">Approfitta! I corsi in estate qui elencati sono interamente in lingua italiana!<\/span><\/strong><\/span><\/p>\n<\/div>\n<p><img loading=\"lazy\" decoding=\"async\" class=\"aligncenter\" src=\"https:\/\/www.neurolinguistic.com\/blog\/wp-content\/uploads\/nice.jpg\" alt=\"nice\" width=\"563\" height=\"377\" \/><\/p>\n<p class=\" ffcenterquote\"><span style=\"font-family: book antiqua,palatino;\">Quest&#8217;anno un&#8217;importante novit\u00e0! <span style=\"color: #b50000;\"><strong>Il personal coaching<\/strong><\/span>. Per chi ha gi\u00e0 frequentato corsi e vuole perfezionarsi\u00a0e per i nuovi allievi che desiderano approfondire argomenti specifici o risolvere problematiche di natura\u00a0personale.<\/span><\/p>\n<p style=\"text-align: center;\"><span style=\"font-family: book antiqua,palatino; font-size: 24pt;\">Una breve presentazione del Direttore e Docente principale dei Corsi<\/span><\/p>\n<p><img loading=\"lazy\" decoding=\"async\" class=\"alignleft wp-image-897 size-medium\" src=\"https:\/\/www.neurolinguistic.com\/blog\/wp-content\/uploads\/member_7793157-199x300.jpeg\" alt=\"member_7793157\" width=\"199\" height=\"300\" srcset=\"https:\/\/www.neurolinguistic.com\/blog\/wp-content\/uploads\/member_7793157-199x300.jpeg 199w, https:\/\/www.neurolinguistic.com\/blog\/wp-content\/uploads\/member_7793157.jpeg 239w\" sizes=\"auto, (max-width: 199px) 100vw, 199px\" \/><span style=\"font-family: book antiqua,palatino; font-size: 14pt;\">Sono il Dott Marco Paret ed ho pi\u00f9 di 25 anni di esperienza e ricerca nel settore.\u00a0Sono attualmente uno dei massimi esperti di ipnosi (vedi la homepage in inglese www.marcoparet.com). La mia formazione vanta maestri di indiscutibile lignaggio come il Prof. Erminio di Pisa, Gil Boyne , Ormond Mc Gill (definito il decano degli ipnotisti americani), Tad James e anche personaggi conosciuti solo dagli specialisti come Virgilio T. detto anche \u201cl\u2019ultimo dei fascinatori\u201d. Sono fondatore e direttore dell\u2019istituto \u201cISI-CNV\u201d che da 20 anni ha come mission la divulgazione delle pi\u00f9 potenti tecniche di comunicazione, ipnosi e miglioramento personale e conduco anche attivit\u00e0 di ricerca. Grazie al mio lavoro ho portato alla luce segreti che fino ad oggi erano rimasti gelosamente custoditi. Ho reso questi tesori accessibili a chiunque voglia dare una svolta decisiva alla propria vita e\/o professione. Sono costantemente invitato in varie parti del mondo anche distanti come l\u2019Australia per trasmettere queste conoscenze. Oltre all\u2019ipnosi sono esperto di coaching aziendale, dove utilizzo molti dei miei principii, ed ho lavorato anche per marchi prestigiosi come Ferrari auto, Vodafone, L\u2019Oreal, Marzotto, Telecom e molti altri.<\/span><\/p>\n<p><span style=\"font-family: book antiqua,palatino; font-size: 18pt;\">Nello Staff ci saranno anche&#8230;<\/span><\/p>\n<p><strong><img loading=\"lazy\" decoding=\"async\" class=\"alignleft size-full wp-image-1388\" src=\"https:\/\/www.neurolinguistic.com\/blog\/wp-content\/uploads\/1656_10203887326331659_5652427732596881224_n-e1414585600162.jpg\" alt=\"rossano\" width=\"150\" height=\"150\" \/><span style=\"font-family: book antiqua,palatino; font-size: 14pt;\">Dott.ssa ESTER P. CERESA<\/span><\/strong><span style=\"font-family: book antiqua,palatino; font-size: 14pt;\">\u00a0&#8211; Counselor e ipnoterapeuta. Life coach diplomata presso l&#8217;Universit\u00e9 Europ\u00e9enne in ipnosi e comunicazione non verbale, ricercatrice nell&#8217;ambito della psicologia quantica, morfofisiognomica, enneagramma e le discipline d&#8217;evoluzione personale Mazdaznan.<\/span><\/p>\n<p><strong><img loading=\"lazy\" decoding=\"async\" class=\"alignleft size-thumbnail wp-image-1387\" src=\"https:\/\/www.neurolinguistic.com\/blog\/wp-content\/uploads\/vitale-150x150.jpg\" alt=\"vitale\" width=\"150\" height=\"150\" \/><span style=\"font-family: book antiqua,palatino; font-size: 14pt;\">Dr. IGOR VITALE<\/span><\/strong><span style=\"font-family: book antiqua,palatino; font-size: 14pt;\"> &#8211; Psicologo, relatore internazionale, autore e vice presidente dell&#8217;Universit\u00e0 Popolare Europea. Esperto di comunicazione non verbale, enneagramma, PNL e ipnosi. Fin da giovanissimo svolge attivit\u00e0 di coach.<\/span><\/p>\n<p style=\"text-align: center;\"><span style=\"color: #cc0000; font-family: impact,chicago; font-size: 40px; line-height: 110%;\">\u00a0<\/span><\/p>\n<p style=\"text-align: center;\"><span style=\"line-height: 115%; letter-spacing: -1px; font-family: book antiqua,palatino; font-size: 22px;\">In tutti questi anni migliaia di ricercatori e appassionati hanno vissuto, nell&#8217;incantevole scenario di Nizza, esperienze trasformanti ed estremamente proficue per il loro futuro professionale.<\/span><\/p>\n<p style=\"text-align: center;\"><img loading=\"lazy\" decoding=\"async\" class=\"aligncenter size-full wp-image-1158\" src=\"https:\/\/www.neurolinguistic.com\/blog\/wp-content\/uploads\/classe.jpg\" alt=\"classe\" width=\"586\" height=\"387\" srcset=\"https:\/\/www.neurolinguistic.com\/blog\/wp-content\/uploads\/classe.jpg 586w, https:\/\/www.neurolinguistic.com\/blog\/wp-content\/uploads\/classe-300x198.jpg 300w\" sizes=\"auto, (max-width: 586px) 100vw, 586px\" \/><\/p>\n<p style=\"text-align: justify;\"><em>\u00abL\u2019ipnosi \u00e8 comunicazione. E\u2019 il treno che ci permette di andare a visitare noi stessi\u00bb. Partendo da questa premessa, spostiamo ora l\u2019attenzione sul cervello: l\u2019emisfero destro \u00e8 quello cosiddetto creativo, dei pensieri fantasiosi, elabora i sogni, le informazioni musicali. L\u2019emisfero sinistro \u00e8 specializzato nei pensieri razionali, nella logica, nel linguaggio. \u00abL\u2019ipnosi non fa altro che permettere all\u2019emisfero destro di attivarsi, questo \u00e8 il suo principio\u00bb. Un processo che permettere di \u00abentrare\u00bb in contatto con la parte pi\u00f9 profonda di noi, di conoscersi, di crescere, di avviare delle decise trasformazioni. A parlare di Ipnosi Moderna \u00e8 il dottor Marco Paret, ideatore per quest\u2019estate anche di interessanti seminari-vacanza.<\/em><\/p>\n<p style=\"text-align: right;\"><em>Tratto da &#8220;LA STAMPA WEB BENESSERE&#8221;<\/em><\/p>\n<p style=\"text-align: justify;\"><span style=\"font-family: trebuchet ms,geneva; font-size: 22px; letter-spacing: -1px; line-height: 115%;\">Compila il seguente modulo per farti contattare dal nostro Tutor e ricevere tutte le informazioni utili su corsi, programmi e date del Campus estivo ISI-CNV:<\/span><\/p>\n<div class=\"yellowbox   aligncenter\" style=\"width: 450px; border-width: 3px; border-style: dashed;\">\n\n<div class=\"wpcf7 no-js\" id=\"wpcf7-f1007-o1\" lang=\"it-IT\" dir=\"ltr\" data-wpcf7-id=\"1007\">\n<div class=\"screen-reader-response\"><p role=\"status\" aria-live=\"polite\" aria-atomic=\"true\"><\/p> <ul><\/ul><\/div>\n<form action=\"\/blog\/wp-json\/wp\/v2\/pages\/1381#wpcf7-f1007-o1\" method=\"post\" class=\"wpcf7-form init\" aria-label=\"Modulo di contatto\" novalidate=\"novalidate\" data-status=\"init\">\n<fieldset class=\"hidden-fields-container\"><input type=\"hidden\" name=\"_wpcf7\" value=\"1007\" \/><input type=\"hidden\" name=\"_wpcf7_version\" value=\"6.1.5\" \/><input type=\"hidden\" name=\"_wpcf7_locale\" value=\"it_IT\" \/><input type=\"hidden\" name=\"_wpcf7_unit_tag\" value=\"wpcf7-f1007-o1\" \/><input type=\"hidden\" name=\"_wpcf7_container_post\" value=\"0\" \/><input type=\"hidden\" name=\"_wpcf7_posted_data_hash\" value=\"\" \/><input type=\"hidden\" name=\"_wpcf7dtx_version\" value=\"5.0.5\" \/>\n<\/fieldset>\n<p>Il Tuo Nome (richiesto)\n<\/p>\n<p><span class=\"wpcf7-form-control-wrap\" data-name=\"your-name\"><input size=\"40\" maxlength=\"400\" class=\"wpcf7-form-control wpcf7-text wpcf7-validates-as-required\" aria-required=\"true\" aria-invalid=\"false\" value=\"\" type=\"text\" name=\"your-name\" \/><\/span>\n<\/p>\n<p>La Tua Email (richiesto)\n<\/p>\n<p><span class=\"wpcf7-form-control-wrap\" data-name=\"your-email\"><input size=\"40\" maxlength=\"400\" class=\"wpcf7-form-control wpcf7-email wpcf7-validates-as-required wpcf7-text wpcf7-validates-as-email\" aria-required=\"true\" aria-invalid=\"false\" value=\"\" type=\"email\" name=\"your-email\" \/><\/span>\n<\/p>\n<p>Telefono (richiesto)\n<\/p>\n<p><span class=\"wpcf7-form-control-wrap\" data-name=\"telefono\"><input size=\"40\" maxlength=\"400\" class=\"wpcf7-form-control wpcf7-text wpcf7-validates-as-required\" aria-required=\"true\" aria-invalid=\"false\" value=\"\" type=\"text\" name=\"telefono\" \/><\/span>\n<\/p>\n<p>Citt\u00e0\n<\/p>\n<p><span class=\"wpcf7-form-control-wrap\" data-name=\"cit\"><input size=\"40\" maxlength=\"400\" class=\"wpcf7-form-control wpcf7-text\" aria-invalid=\"false\" value=\"\" type=\"text\" name=\"cit\" \/><\/span>\n<\/p>\n<p>Professione (richiesto)\n<\/p>\n<p><span class=\"wpcf7-form-control-wrap\" data-name=\"professione\"><input size=\"40\" maxlength=\"400\" class=\"wpcf7-form-control wpcf7-text wpcf7-validates-as-required\" aria-required=\"true\" aria-invalid=\"false\" value=\"\" type=\"text\" name=\"professione\" \/><\/span>\n<\/p>\n<p>Data di nascita\n<\/p>\n<p><span class=\"wpcf7-form-control-wrap\" data-name=\"nascita\"><input size=\"40\" maxlength=\"400\" class=\"wpcf7-form-control wpcf7-text\" aria-invalid=\"false\" value=\"\" type=\"text\" name=\"nascita\" \/><\/span>\n<\/p>\n<div style=\"width:345px;\">\n\t<div style=\"float:left; width:193px; padding-right:7px; font-size:13px;\">\n\t\t<p>Hai gi\u00e0 partecipato a corsi di formazione in questo settore?\n\t\t<\/p>\n\t\t<p><span class=\"wpcf7-form-control-wrap\" data-name=\"esperienze\"><span class=\"wpcf7-form-control wpcf7-radio\"><span class=\"wpcf7-list-item first\"><input type=\"radio\" name=\"esperienze\" value=\"S\u00ec\" \/><span class=\"wpcf7-list-item-label\">S\u00ec<\/span><\/span><span class=\"wpcf7-list-item last\"><input type=\"radio\" name=\"esperienze\" value=\"No\" \/><span class=\"wpcf7-list-item-label\">No<\/span><\/span><\/span><\/span>\n\t\t<\/p>\n\t<\/div>\n\t<div style=\"float:right; width:135px; padding-left:7px; border-left:1px solid; height:75px;\">\n\t\t<p>Sede\n\t\t<\/p>\n\t\t<p><span class=\"wpcf7-form-control-wrap\" data-name=\"sede\"><select class=\"wpcf7-form-control wpcf7-select wpcf7-validates-as-required\" aria-required=\"true\" aria-invalid=\"false\" name=\"sede\"><option value=\"Nizza\">Nizza<\/option><\/select><\/span>\n\t\t<\/p>\n\t<\/div>\n<\/div>\n<div style=\"clear:both;\">\n<\/div>\n<p>Ragioni dell'interesse, esperienze precedenti, note:\n<\/p>\n<p><span class=\"wpcf7-form-control-wrap\" data-name=\"your-message\"><textarea cols=\"40\" rows=\"10\" maxlength=\"2000\" class=\"wpcf7-form-control wpcf7-textarea\" aria-invalid=\"false\" name=\"your-message\"><\/textarea><\/span>\n<\/p>\n<div style=\"display:none; margin-bottom:0px;\">\n\t<p>[AFCF_BB getvar=\"q\"]<span class=\"wpcf7-form-control-wrap\" data-name=\"referer\"><input size=\"40\" maxlength=\"400\" class=\"wpcf7-form-control wpcf7-text\" aria-invalid=\"false\" value=\"\" type=\"text\" name=\"referer\" \/><\/span>[\/AFCF_BB]<br \/>\n<span class=\"wpcf7-form-control-wrap\" data-name=\"referer-page\"><input size=\"40\" maxlength=\"400\" class=\"wpcf7-form-control wpcf7-text referer-page\" aria-invalid=\"false\" value=\"\" type=\"text\" name=\"referer-page\" \/><\/span><br \/>\n\t<span class=\"wpcf7-form-control-wrap geoloc\" data-name=\"geoloc\"><input type=\"hidden\" name=\"geoloc\" class=\"wpcf7-form-control wpcf7-hidden wpcf7dtx wpcf7dtx-hidden\" aria-invalid=\"false\" value=\"geoloc\"><\/span>\n\t<\/p>\n<\/div>\n<p><input class=\"wpcf7-form-control wpcf7-submit has-spinner\" type=\"submit\" value=\"Invia richiesta!\" \/>\n<\/p><div class=\"wpcf7-response-output\" aria-hidden=\"true\"><\/div>\n<\/form>\n<\/div>\n\n<\/div>\n","protected":false},"excerpt":{"rendered":"<p>Il trampolino di lancio per una nuova carriera, sia in Italia che all&rsquo;estero&hellip; Torna ad Agosto l&rsquo;attesissimo &ldquo;Percorso Magnetico&ldquo;, il ciclo di seminari interamente dedicato a Mesmerismus&copy;&reg;, Magnetismo, Fascinazione, nuove fenomenologie ipnotiche, attivazione delle funzioni mentali superiori&nbsp;e molto altro&hellip; L&rsquo;arte misteriosa dei grandi fascinatori,&nbsp;oltre a Tecniche segrete e sconosciute&nbsp;di Antiche Tradizioni aggiornate con la moderna [&hellip;]<\/p>\n","protected":false},"author":1,"featured_media":0,"parent":0,"menu_order":0,"comment_status":"closed","ping_status":"closed","template":"sptemplate-4.php","meta":{"footnotes":""},"class_list":["post-1381","page","type-page","status-publish","hentry"],"yoast_head":"<!-- This site is optimized with the Yoast SEO plugin v27.2 - https:\/\/yoast.com\/product\/yoast-seo-wordpress\/ -->\n<title>estate &#8211; Universit\u00e9 Europ\u00e9enne - ISI-CNV<\/title>\n<meta name=\"robots\" content=\"index, follow, max-snippet:-1, max-image-preview:large, max-video-preview:-1\" \/>\n<link rel=\"canonical\" href=\"https:\/\/www.neurolinguistic.com\/blog\/estate\/\" \/>\n<meta property=\"og:locale\" content=\"it_IT\" \/>\n<meta property=\"og:type\" content=\"article\" \/>\n<meta property=\"og:title\" content=\"estate &#8211; Universit\u00e9 Europ\u00e9enne - ISI-CNV\" \/>\n<meta property=\"og:description\" content=\"Il trampolino di lancio per una nuova carriera, sia in Italia che all&rsquo;estero&hellip; Torna ad Agosto l&rsquo;attesissimo &ldquo;Percorso Magnetico&ldquo;, il ciclo di seminari interamente dedicato a Mesmerismus&copy;&reg;, Magnetismo, Fascinazione, nuove fenomenologie ipnotiche, attivazione delle funzioni mentali superiori&nbsp;e molto altro&hellip; L&rsquo;arte misteriosa dei grandi fascinatori,&nbsp;oltre a Tecniche segrete e sconosciute&nbsp;di Antiche Tradizioni aggiornate con la moderna [&hellip;]\" \/>\n<meta property=\"og:url\" content=\"https:\/\/www.neurolinguistic.com\/blog\/estate\/\" \/>\n<meta property=\"og:site_name\" content=\"Universit\u00e9 Europ\u00e9enne - ISI-CNV\" \/>\n<meta property=\"article:publisher\" content=\"https:\/\/www.facebook.com\/ipnositecniche\" \/>\n<meta property=\"article:modified_time\" content=\"2015-07-25T11:08:00+00:00\" \/>\n<meta property=\"og:image\" content=\"https:\/\/www.neurolinguistic.com\/blog\/wp-content\/uploads\/nice.jpg\" \/>\n<meta name=\"twitter:card\" content=\"summary_large_image\" \/>\n<meta name=\"twitter:label1\" content=\"Tempo di lettura stimato\" \/>\n\t<meta name=\"twitter:data1\" content=\"4 minuti\" \/>\n<script type=\"application\/ld+json\" class=\"yoast-schema-graph\">{\"@context\":\"https:\/\/schema.org\",\"@graph\":[{\"@type\":\"WebPage\",\"@id\":\"https:\/\/www.neurolinguistic.com\/blog\/estate\/\",\"url\":\"https:\/\/www.neurolinguistic.com\/blog\/estate\/\",\"name\":\"estate &#8211; Universit\u00e9 Europ\u00e9enne - ISI-CNV\",\"isPartOf\":{\"@id\":\"https:\/\/www.neurolinguistic.com\/blog\/#website\"},\"primaryImageOfPage\":{\"@id\":\"https:\/\/www.neurolinguistic.com\/blog\/estate\/#primaryimage\"},\"image\":{\"@id\":\"https:\/\/www.neurolinguistic.com\/blog\/estate\/#primaryimage\"},\"thumbnailUrl\":\"https:\/\/www.neurolinguistic.com\/blog\/wp-content\/uploads\/nice.jpg\",\"datePublished\":\"2015-05-30T10:36:36+00:00\",\"dateModified\":\"2015-07-25T11:08:00+00:00\",\"breadcrumb\":{\"@id\":\"https:\/\/www.neurolinguistic.com\/blog\/estate\/#breadcrumb\"},\"inLanguage\":\"it-IT\",\"potentialAction\":[{\"@type\":\"ReadAction\",\"target\":[\"https:\/\/www.neurolinguistic.com\/blog\/estate\/\"]}]},{\"@type\":\"ImageObject\",\"inLanguage\":\"it-IT\",\"@id\":\"https:\/\/www.neurolinguistic.com\/blog\/estate\/#primaryimage\",\"url\":\"https:\/\/www.neurolinguistic.com\/blog\/wp-content\/uploads\/nice.jpg\",\"contentUrl\":\"https:\/\/www.neurolinguistic.com\/blog\/wp-content\/uploads\/nice.jpg\"},{\"@type\":\"BreadcrumbList\",\"@id\":\"https:\/\/www.neurolinguistic.com\/blog\/estate\/#breadcrumb\",\"itemListElement\":[{\"@type\":\"ListItem\",\"position\":1,\"name\":\"Home\",\"item\":\"https:\/\/www.neurolinguistic.com\/blog\/\"},{\"@type\":\"ListItem\",\"position\":2,\"name\":\"estate\"}]},{\"@type\":\"WebSite\",\"@id\":\"https:\/\/www.neurolinguistic.com\/blog\/#website\",\"url\":\"https:\/\/www.neurolinguistic.com\/blog\/\",\"name\":\"Universit\u00e9 Europ\u00e9enne - ISI-CNV\",\"description\":\"Articoli, Lezioni Online, Omaggi, Video e molto altro\",\"potentialAction\":[{\"@type\":\"SearchAction\",\"target\":{\"@type\":\"EntryPoint\",\"urlTemplate\":\"https:\/\/www.neurolinguistic.com\/blog\/?s={search_term_string}\"},\"query-input\":{\"@type\":\"PropertyValueSpecification\",\"valueRequired\":true,\"valueName\":\"search_term_string\"}}],\"inLanguage\":\"it-IT\"}]}<\/script>\n<!-- \/ Yoast SEO plugin. -->","yoast_head_json":{"title":"estate &#8211; Universit\u00e9 Europ\u00e9enne - ISI-CNV","robots":{"index":"index","follow":"follow","max-snippet":"max-snippet:-1","max-image-preview":"max-image-preview:large","max-video-preview":"max-video-preview:-1"},"canonical":"https:\/\/www.neurolinguistic.com\/blog\/estate\/","og_locale":"it_IT","og_type":"article","og_title":"estate &#8211; Universit\u00e9 Europ\u00e9enne - ISI-CNV","og_description":"Il trampolino di lancio per una nuova carriera, sia in Italia che all&rsquo;estero&hellip; Torna ad Agosto l&rsquo;attesissimo &ldquo;Percorso Magnetico&ldquo;, il ciclo di seminari interamente dedicato a Mesmerismus&copy;&reg;, Magnetismo, Fascinazione, nuove fenomenologie ipnotiche, attivazione delle funzioni mentali superiori&nbsp;e molto altro&hellip; L&rsquo;arte misteriosa dei grandi fascinatori,&nbsp;oltre a Tecniche segrete e sconosciute&nbsp;di Antiche Tradizioni aggiornate con la moderna [&hellip;]","og_url":"https:\/\/www.neurolinguistic.com\/blog\/estate\/","og_site_name":"Universit\u00e9 Europ\u00e9enne - ISI-CNV","article_publisher":"https:\/\/www.facebook.com\/ipnositecniche","article_modified_time":"2015-07-25T11:08:00+00:00","og_image":[{"url":"https:\/\/www.neurolinguistic.com\/blog\/wp-content\/uploads\/nice.jpg","type":"","width":"","height":""}],"twitter_card":"summary_large_image","twitter_misc":{"Tempo di lettura stimato":"4 minuti"},"schema":{"@context":"https:\/\/schema.org","@graph":[{"@type":"WebPage","@id":"https:\/\/www.neurolinguistic.com\/blog\/estate\/","url":"https:\/\/www.neurolinguistic.com\/blog\/estate\/","name":"estate &#8211; Universit\u00e9 Europ\u00e9enne - ISI-CNV","isPartOf":{"@id":"https:\/\/www.neurolinguistic.com\/blog\/#website"},"primaryImageOfPage":{"@id":"https:\/\/www.neurolinguistic.com\/blog\/estate\/#primaryimage"},"image":{"@id":"https:\/\/www.neurolinguistic.com\/blog\/estate\/#primaryimage"},"thumbnailUrl":"https:\/\/www.neurolinguistic.com\/blog\/wp-content\/uploads\/nice.jpg","datePublished":"2015-05-30T10:36:36+00:00","dateModified":"2015-07-25T11:08:00+00:00","breadcrumb":{"@id":"https:\/\/www.neurolinguistic.com\/blog\/estate\/#breadcrumb"},"inLanguage":"it-IT","potentialAction":[{"@type":"ReadAction","target":["https:\/\/www.neurolinguistic.com\/blog\/estate\/"]}]},{"@type":"ImageObject","inLanguage":"it-IT","@id":"https:\/\/www.neurolinguistic.com\/blog\/estate\/#primaryimage","url":"https:\/\/www.neurolinguistic.com\/blog\/wp-content\/uploads\/nice.jpg","contentUrl":"https:\/\/www.neurolinguistic.com\/blog\/wp-content\/uploads\/nice.jpg"},{"@type":"BreadcrumbList","@id":"https:\/\/www.neurolinguistic.com\/blog\/estate\/#breadcrumb","itemListElement":[{"@type":"ListItem","position":1,"name":"Home","item":"https:\/\/www.neurolinguistic.com\/blog\/"},{"@type":"ListItem","position":2,"name":"estate"}]},{"@type":"WebSite","@id":"https:\/\/www.neurolinguistic.com\/blog\/#website","url":"https:\/\/www.neurolinguistic.com\/blog\/","name":"Universit\u00e9 Europ\u00e9enne - ISI-CNV","description":"Articoli, Lezioni Online, Omaggi, Video e molto altro","potentialAction":[{"@type":"SearchAction","target":{"@type":"EntryPoint","urlTemplate":"https:\/\/www.neurolinguistic.com\/blog\/?s={search_term_string}"},"query-input":{"@type":"PropertyValueSpecification","valueRequired":true,"valueName":"search_term_string"}}],"inLanguage":"it-IT"}]}},"_links":{"self":[{"href":"https:\/\/www.neurolinguistic.com\/blog\/wp-json\/wp\/v2\/pages\/1381","targetHints":{"allow":["GET"]}}],"collection":[{"href":"https:\/\/www.neurolinguistic.com\/blog\/wp-json\/wp\/v2\/pages"}],"about":[{"href":"https:\/\/www.neurolinguistic.com\/blog\/wp-json\/wp\/v2\/types\/page"}],"author":[{"embeddable":true,"href":"https:\/\/www.neurolinguistic.com\/blog\/wp-json\/wp\/v2\/users\/1"}],"replies":[{"embeddable":true,"href":"https:\/\/www.neurolinguistic.com\/blog\/wp-json\/wp\/v2\/comments?post=1381"}],"version-history":[{"count":1,"href":"https:\/\/www.neurolinguistic.com\/blog\/wp-json\/wp\/v2\/pages\/1381\/revisions"}],"predecessor-version":[{"id":1382,"href":"https:\/\/www.neurolinguistic.com\/blog\/wp-json\/wp\/v2\/pages\/1381\/revisions\/1382"}],"wp:attachment":[{"href":"https:\/\/www.neurolinguistic.com\/blog\/wp-json\/wp\/v2\/media?parent=1381"}],"curies":[{"name":"wp","href":"https:\/\/api.w.org\/{rel}","templated":true}]}}