{"id":1354,"date":"2015-04-10T13:34:45","date_gmt":"2015-04-10T13:34:45","guid":{"rendered":"http:\/\/www.neurolinguistic.com\/blog\/?page_id=1354"},"modified":"2015-11-05T12:40:49","modified_gmt":"2015-11-05T12:40:49","slug":"wellness-coach","status":"publish","type":"page","link":"https:\/\/www.neurolinguistic.com\/blog\/wellness-coach\/","title":{"rendered":"Wellness Coach"},"content":{"rendered":"<p style=\"text-align: center;\"><span style=\"font-family: trebuchet ms,geneva; font-size: 22px; letter-spacing: -1px; line-height: 115%;\">Che dici&#8230; Li puoi aiutare?<\/span><\/p>\n<p style=\"text-align: center;\"><span style=\"color: #cc0000; font-family: impact,chicago; font-size: 40px; line-height: 110%;\">In un mondo in frenetica transizione non tutti riescono ad autodeterminarsi e a superare da soli gli ostacoli. Molti hanno bisogno di una mano forte e determinata. <span style=\"text-decoration: underline;\">Molti hanno bisogno di TE!<\/span><\/span><\/p>\n<p style=\"text-align: center;\"><span style=\"font-family: trebuchet ms,geneva; font-size: 22px; letter-spacing: -1px; line-height: 115%;\">Il W<strong>ellness Coaching<\/strong> \u00e8 l&#8217;ultima frontiera delle nuove professioni: aiutare chi ne ha bisogno a prendere (o riprendere) il controllo sulla propria vita, a rideterminare i propri obiettivi, a riscoprire il proprio equilibrio.<br \/>\n<\/span><\/p>\n<p><img decoding=\"async\" class=\"aligncenter\" src=\"http:\/\/www.consulentedimarketing.com\/wp-content\/themes\/flexsqueeze150\/images\/da_gold2.png\" alt=\"\" \/><\/p>\n<p><center style=\"margin-top: -25px;\"><img loading=\"lazy\" decoding=\"async\" class=\"aligncenter wp-image-1356\" src=\"https:\/\/www.neurolinguistic.com\/blog\/wp-content\/uploads\/life-coaching-1024x576.jpg\" alt=\"life-coaching\" width=\"640\" height=\"360\" srcset=\"https:\/\/www.neurolinguistic.com\/blog\/wp-content\/uploads\/life-coaching-1024x576.jpg 1024w, https:\/\/www.neurolinguistic.com\/blog\/wp-content\/uploads\/life-coaching-300x169.jpg 300w, https:\/\/www.neurolinguistic.com\/blog\/wp-content\/uploads\/life-coaching.jpg 1280w\" sizes=\"auto, (max-width: 640px) 100vw, 640px\" \/><\/center><\/p>\n<div class=\" ffhead4\">Certificato di idoneit\u00e0 professionale e assistenza del Sindacato S.I.N.A.P.E. \u2013 C.I.S.L. sia per chi inizia l\u2019attivit\u00e0 e sia per chi \u00e8 gi\u00e0 operatore e desidera ampliare il suo campo di competenza.<\/div>\n<p>&nbsp;<\/p>\n<p style=\"text-align: left; border-bottom: 2px solid #dddddd; padding-bottom: 8px;\"><span style=\"font-family: tahoma,arial,helvetica,sans-serif; font-size: 24px; letter-spacing: -1px; line-height: 115%; font-weight: bold; color: #444;\">UNA\u00a0FORMAZIONE PER AIUTARE IL MONDO A CAMBIARE!<\/span><\/p>\n<p style=\"text-align: center;\"><span style=\"font-family: georgia,palatino; font-size: 22px; letter-spacing: -1px; line-height: 115%;\"><img loading=\"lazy\" decoding=\"async\" class=\"alignright wp-image-1358 size-medium\" src=\"https:\/\/www.neurolinguistic.com\/blog\/wp-content\/uploads\/wellness-coach2-300x259.jpg\" alt=\"wellness-coach2\" width=\"300\" height=\"259\" \/>Tantissime persone hanno un sogno da realizzare. Dal semplice perdere peso o stare meglio col proprio corpo al realizzarsi in campo lavorativo\u00a0o sentimentale. Dal risolvere traumi emotivi al conseguire la libert\u00e0 finanziaria. Dal riuscire meglio nella propria attivit\u00e0 al raggiungere un traguardo spirituale. Ma sono veramente pochi coloro che riescono ad ottenere risultati.<\/span><\/p>\n<p dir=\"ltr\"><strong>Il Wellness Coach<\/strong> lavora dal punto di vista dello stile di vita, possiede le abilit\u00e0 e conosce tutti i trucchi per far si&#8217; che il cambiamento avvenga nel proprio cliente. Lo guida alla riscoperta di se stesso e delle sue risorse interiori. A curare il proprio corpo a gestire le proprie emozioni e a rinforzare lo spirito.\u00a0<strong>Il wellness coach riesce ad amalgamare perfettamente benessere fisico, benessere emotivo e benessere spirituale<\/strong>. Creando un trinomio equilibrato, vincente ed inarrestabile.<\/p>\n<div dir=\"ltr\"><\/div>\n<div class=\"bluebox aligncenter\" style=\"width: 500px; border-width: 3px; border-style: solid;\">\n<p style=\"text-align: center;\"><span style=\"font-family: georgia,palatino; font-size: 22px; letter-spacing: -1px; line-height: 115%;\">Chi sono i clienti del Wellness Coach? I clienti ideali sono le cosiddette &#8220;persone normali&#8221;, coloro cio\u00e8 che non fanno tutto giusto ma neanche tutto sbagliato. Che magari sono semplicemente bloccati o non riescono a procedere nella vita. Ad esempio. Quante persone conosci che, nonostante gli sforzi non riescono a guadagnare un centesimo in pi\u00f9, non riescono ad avere una vita sentimentale soddisfacente o in generale non riescono a raggiungere un obiettivo?\u00a0<strong>Queste persone saranno i tuoi clienti.<\/strong><\/span><\/p>\n<\/div>\n<p style=\"text-align: left; border-bottom: 2px solid #dddddd; padding-bottom: 8px;\"><span style=\"font-family: tahoma,arial,helvetica,sans-serif; font-size: 24px; letter-spacing: -1px; line-height: 115%; font-weight: bold; color: #444;\">PROGRAMMI DI STUDIO IN WELLNESS COACHING<\/span><\/p>\n<p dir=\"ltr\">Si tratta di programmi di studi che tutti possono fare purch\u00e8 motivati.\u00a0Impariamo ad agire sugli schemi degli stili di vita con <strong>un coaching estremamente efficace ideato dal dr. PARET.<\/strong>\u00a0Non \u00e8 necessario essere gi\u00e0 perfetti per iniziare tale programma di studi.\u00a0E&#8217; semplicemente necessario volere iniziare.<br \/>\nA poco a poco svilupperete sia la calma, padronanza ed ascolto che l&#8217;energia in voi necessarie ad essere un buon coach. Anche il musicista pi\u00f9 esperto ha iniziato sbagliando le note e migliorandosi in seguito.\u00a0Anzi, normalmente sono le persone che operano su s\u00e8 stesse e cambiano che divengono i migliori wellness coach, poich\u00e8 capiscono subito i loro clienti dato che loro stessi hanno gi\u00e0 fatto il percorso.<\/p>\n<p><span style=\"line-height: 19.6000003814697px; color: #ff0000; background-color: transparent;\"><strong>I TRE PILASTRI DEL COACHING:<\/strong><\/span><\/p>\n<p>Possiamo immaginare che ogni coaching ha tre pilastri fondamentali sui quali si regge.\u00a0<strong>Il primo<\/strong> \u00e8 la personalit\u00e0: un coach interverr\u00e0 aiutando il suo cliente a ridefinire s\u00e8 stesso.\u00a0<strong>Il secondo<\/strong> \u00e8 la forma ed energia fisica: strettamente legato al primo, in quanto l&#8217;espansione della persona \u00e8 strettamente legato all&#8217;energia disponibile.\u00a0<strong>Il terzo<\/strong> sono infine le tecniche applicate: un coach \u00e8 al di l\u00e0 di una disciplina specifica. Utilizza quello che \u00e8 meglio di un insieme di tecniche che condividono pero&#8217; un approccio unico.<\/p>\n<p style=\"text-align: left;\"><span style=\"font-family: georgia,palatino; font-size: 22px; letter-spacing: -1px; line-height: 115%;\">Lavorare con un Wellness Coach significa anche stare bene durante il percorso. Infatti questo viene stabilito e fatto secondo i bisogni della persona. Noi tutti vogliamo stare bene. Desideriamo anche maggiore energia. Il Wellness Coach lavora per aiutarci a portare pi\u00f9 potere nella nostra vita.<\/span><\/p>\n<p><img decoding=\"async\" class=\"alignleft wp-image-82\" src=\"http:\/\/www.consulentedimarketing.com\/wp-content\/uploads\/2015\/01\/member_7793157-199x300.jpeg\" alt=\"member_7793157\" width=\"150\" \/>Il dr. PARET, direttore dell&#8217;Istituto, \u00e8 autore di molti libri diffusi in Italia e di importanza capitale per capire queste materie (L&#8217;arte del Coaching, I pilastri della Persuasione, L&#8217;Energia Segreta della Mente e molti altri).<\/p>\n<p>E&#8217;\u00a0anche docente in molti dei corsi e segue personalmente ogni studente.<\/p>\n<p>Anche se siamo stati una tra le prime scuole ad offrire un cos\u00ec vasto approccio alle moderne discipline della mente, la nostra evoluzione nel campo va avanti.<\/p>\n<p>Ogni stagione abbiamo aggiornato ed ampliato i nostri programmi originari. Ci sviluppiamo con le nostre scoperte e quelle delle altre persone che operano nel campo.<\/p>\n<div style=\"clear: both; height: 20px;\"><span style=\"display: none;\">.<\/span><\/div>\n<div class=\"yellowbox aligncenter\" style=\"width: 500px; border-width: 3px; border-style: solid;\">\n<p style=\"text-align: center;\"><span style=\"color: #009999; font-family: georgia,palatino; font-size: large; line-height: 120%;\"><strong>La carta vincente ISI-CNV:<\/strong> non solo riceverai la formazione pi\u00f9 completa e avanzata oggi disponibile ma anche tutte le conoscenze necessarie per posizionarti sul mercato, procurarti i clienti e iniziare a lavorare da subito.<\/span><\/p>\n<\/div>\n<p style=\"text-align: left; border-bottom: 2px solid #dddddd; padding-bottom: 8px;\"><img decoding=\"async\" class=\"aligncenter wp-image-96\" src=\"http:\/\/www.consulentedimarketing.com\/wp-content\/uploads\/2015\/01\/182540_4918253160068_317020096_n.jpg\" alt=\"182540_4918253160068_317020096_n\" width=\"100%\" \/><\/p>\n<p><span style=\"color: #910606;\"><strong>L\u2019obiettivo che vi portiamo a raggiungere \u00e8 di operare con il vostro Istituto. Se lo desiderate aprirete il vostro centro ed al contempo sarete partner con noi.<\/strong><\/span><\/p>\n<p style=\"text-align: left; border-bottom: 2px solid #dddddd; padding-bottom: 8px;\"><span style=\"font-family: tahoma,arial,helvetica,sans-serif; font-size: 24px; letter-spacing: -1px; line-height: 115%; font-weight: bold; color: #444;\">COME\u00a0DIVENTARE WELLNESS COACH<\/span><\/p>\n<p style=\"text-align: left;\"><span style=\"font-family: trebuchet ms,geneva; font-size: 22px; letter-spacing: -1px; line-height: 115%;\">Contattando la scuola avrete una persona di riferimento, che come &#8220;tutor di formazione&#8221; vi spiegher\u00e0 i passaggi necessari.<\/span><\/p>\n<p style=\"text-align: left;\"><span style=\"font-family: 'trebuchet ms', geneva; font-size: 22px; letter-spacing: -1px; line-height: 115%;\">Compila il modulo per essere contattato\/a da un nostro Tutor.<\/span><\/p>\n<div class=\"yellowbox aligncenter\" style=\"width: 600px; border-width: 3px; border-style: dashed;\">\n\n<div class=\"wpcf7 no-js\" id=\"wpcf7-f1359-o1\" lang=\"it-IT\" dir=\"ltr\" data-wpcf7-id=\"1359\">\n<div class=\"screen-reader-response\"><p role=\"status\" aria-live=\"polite\" aria-atomic=\"true\"><\/p> <ul><\/ul><\/div>\n<form action=\"\/blog\/wp-json\/wp\/v2\/pages\/1354#wpcf7-f1359-o1\" method=\"post\" class=\"wpcf7-form init\" aria-label=\"Modulo di contatto\" novalidate=\"novalidate\" data-status=\"init\">\n<fieldset class=\"hidden-fields-container\"><input type=\"hidden\" name=\"_wpcf7\" value=\"1359\" \/><input type=\"hidden\" name=\"_wpcf7_version\" value=\"6.1.5\" \/><input type=\"hidden\" name=\"_wpcf7_locale\" value=\"it_IT\" \/><input type=\"hidden\" name=\"_wpcf7_unit_tag\" value=\"wpcf7-f1359-o1\" \/><input type=\"hidden\" name=\"_wpcf7_container_post\" value=\"0\" \/><input type=\"hidden\" name=\"_wpcf7_posted_data_hash\" value=\"\" \/><input type=\"hidden\" name=\"_wpcf7dtx_version\" value=\"5.0.5\" \/>\n<\/fieldset>\n<p>Il Tuo Nome (richiesto)\n<\/p>\n<p><span class=\"wpcf7-form-control-wrap\" data-name=\"your-name\"><input size=\"40\" maxlength=\"400\" class=\"wpcf7-form-control wpcf7-text wpcf7-validates-as-required\" aria-required=\"true\" aria-invalid=\"false\" value=\"\" type=\"text\" name=\"your-name\" \/><\/span>\n<\/p>\n<p>La Tua Email (richiesto)\n<\/p>\n<p><span class=\"wpcf7-form-control-wrap\" data-name=\"your-email\"><input size=\"40\" maxlength=\"400\" class=\"wpcf7-form-control wpcf7-email wpcf7-validates-as-required wpcf7-text wpcf7-validates-as-email\" aria-required=\"true\" aria-invalid=\"false\" value=\"\" type=\"email\" name=\"your-email\" \/><\/span>\n<\/p>\n<p>Telefono (richiesto)\n<\/p>\n<p><span class=\"wpcf7-form-control-wrap\" data-name=\"telefono\"><input size=\"40\" maxlength=\"400\" class=\"wpcf7-form-control wpcf7-text wpcf7-validates-as-required\" aria-required=\"true\" aria-invalid=\"false\" value=\"\" type=\"text\" name=\"telefono\" \/><\/span>\n<\/p>\n<p>Citt\u00e0\n<\/p>\n<p><span class=\"wpcf7-form-control-wrap\" data-name=\"cit\"><input size=\"40\" maxlength=\"400\" class=\"wpcf7-form-control wpcf7-text\" aria-invalid=\"false\" value=\"\" type=\"text\" name=\"cit\" \/><\/span>\n<\/p>\n<p>Professione (richiesto)\n<\/p>\n<p><span class=\"wpcf7-form-control-wrap\" data-name=\"professione\"><input size=\"40\" maxlength=\"400\" class=\"wpcf7-form-control wpcf7-text wpcf7-validates-as-required\" aria-required=\"true\" aria-invalid=\"false\" value=\"\" type=\"text\" name=\"professione\" \/><\/span>\n<\/p>\n<p>Data di nascita\n<\/p>\n<p><span class=\"wpcf7-form-control-wrap\" data-name=\"nascita\"><input size=\"40\" maxlength=\"400\" class=\"wpcf7-form-control wpcf7-text\" aria-invalid=\"false\" value=\"\" type=\"text\" name=\"nascita\" \/><\/span>\n<\/p>\n<div style=\"width:345px;\">\n\t<div style=\"float:left; width:193px; padding-right:7px; font-size:13px;\">\n\t\t<p>Hai gi\u00e0 partecipato a corsi di formazione in questo settore?\n\t\t<\/p>\n\t\t<p><span class=\"wpcf7-form-control-wrap\" data-name=\"esperienze\"><span class=\"wpcf7-form-control wpcf7-radio\"><span class=\"wpcf7-list-item first\"><input type=\"radio\" name=\"esperienze\" value=\"S\u00ec\" \/><span class=\"wpcf7-list-item-label\">S\u00ec<\/span><\/span><span class=\"wpcf7-list-item last\"><input type=\"radio\" name=\"esperienze\" value=\"No\" \/><span class=\"wpcf7-list-item-label\">No<\/span><\/span><\/span><\/span>\n\t\t<\/p>\n\t<\/div>\n\t<div style=\"float:right; width:135px; padding-left:7px; border-left:1px solid; height:75px;\">\n\t\t<p>Scegli una sede (richiesto)\n\t\t<\/p>\n\t\t<p><span class=\"wpcf7-form-control-wrap\" data-name=\"sede\"><select class=\"wpcf7-form-control wpcf7-select wpcf7-validates-as-required\" aria-required=\"true\" aria-invalid=\"false\" name=\"sede\"><option value=\"\">&#8212;Seleziona un&#039;opzione&#8212;<\/option><option value=\"Milano\">Milano<\/option><option value=\"Roma\">Roma<\/option><option value=\"Nizza\">Nizza<\/option><\/select><\/span>\n\t\t<\/p>\n\t<\/div>\n<\/div>\n<div style=\"clear:both;\">\n<\/div>\n<p>Motivazioni per cui vuoi partecipare alle nostre iniziative (richiesto):\n<\/p>\n<p><span class=\"wpcf7-form-control-wrap\" data-name=\"motivazioni\"><select class=\"wpcf7-form-control wpcf7-select wpcf7-validates-as-required\" aria-required=\"true\" aria-invalid=\"false\" name=\"motivazioni\"><option value=\"\">&#8212;Seleziona un&#039;opzione&#8212;<\/option><option value=\"Riconversione completa della propria attivit\u00e0 lavorativa\">Riconversione completa della propria attivit\u00e0 lavorativa<\/option><option value=\"Nuovo lavoro\">Nuovo lavoro<\/option><option value=\"Aggiunta di nuove abilit\u00e0\">Aggiunta di nuove abilit\u00e0<\/option><option value=\"Approfondimento professionale\">Approfondimento professionale<\/option><option value=\"Approfondimento personale \/ crescita interiore\">Approfondimento personale \/ crescita interiore<\/option><option value=\"Cultore della materia\">Cultore della materia<\/option><option value=\"Curiosit\u00e0\">Curiosit\u00e0<\/option><option value=\"Altro (specifica nel campo sottostante)\">Altro (specifica nel campo sottostante)<\/option><\/select><\/span>\n<\/p>\n<p>Esperienze precedenti \/ ulteriori motivazioni:\n<\/p>\n<p><span class=\"wpcf7-form-control-wrap\" data-name=\"your-message\"><textarea cols=\"40\" rows=\"10\" maxlength=\"2000\" class=\"wpcf7-form-control wpcf7-textarea\" aria-invalid=\"false\" name=\"your-message\"><\/textarea><\/span>\n<\/p>\n<p>Note:<br \/>\n<span class=\"wpcf7-form-control-wrap\" data-name=\"note\"><textarea cols=\"40\" rows=\"10\" maxlength=\"2000\" class=\"wpcf7-form-control wpcf7-textarea\" aria-invalid=\"false\" name=\"note\"><\/textarea><\/span><br \/>\n(compila questo campo e sarai contattato in maniera PRIORITARIA)\n<\/p>\n<div style=\"display:none; margin-bottom:0px;\">\n\t<p>[AFCF_BB getvar=\"q\"]<span class=\"wpcf7-form-control-wrap\" data-name=\"referer\"><input size=\"40\" maxlength=\"400\" class=\"wpcf7-form-control wpcf7-text\" aria-invalid=\"false\" value=\"\" type=\"text\" name=\"referer\" \/><\/span>[\/AFCF_BB]<br \/>\n<span class=\"wpcf7-form-control-wrap\" data-name=\"referer-page\"><input size=\"40\" maxlength=\"400\" class=\"wpcf7-form-control wpcf7-text referer-page\" aria-invalid=\"false\" value=\"\" type=\"text\" name=\"referer-page\" \/><\/span><br \/>\n\t<span class=\"wpcf7-form-control-wrap geoloc\" data-name=\"geoloc\"><input type=\"hidden\" name=\"geoloc\" class=\"wpcf7-form-control wpcf7-hidden wpcf7dtx wpcf7dtx-hidden\" aria-invalid=\"false\" value=\"geoloc\"><\/span>\n\t<\/p>\n<\/div>\n<p><input class=\"wpcf7-form-control wpcf7-submit has-spinner\" type=\"submit\" value=\"Invia richiesta!\" \/>\n<\/p><div class=\"wpcf7-response-output\" aria-hidden=\"true\"><\/div>\n<\/form>\n<\/div>\n\n<p style=\"text-align: justify; font-size: 12px;\">Questo sito \u00e8 contro lo spam. Cliccando sul pulsante &#8220;Invia richiesta&#8221; invierai i Tuoi dati alla nostra segreteria dove verranno custoditi nel pieno rispetto della vigente normativa sulla Privacy e utilizzati esclusivamente per lo scambio di informazioni tra Te e l&#8217;Istituto ISI-CNV. Per nessun motivo i Tuoi dati verranno ceduti a terzi.<\/p>\n<\/div>\n<p style=\"text-align: justify;\"><span style=\"font-family: trebuchet ms,geneva; font-size: 22px; letter-spacing: -1px; line-height: 115%;\"><a href=\"https:\/\/www.neurolinguistic.com\/blog\/wp-content\/uploads\/legge14-01-2013.zip\" target=\"_blank\"><strong>CLICCA QUI<\/strong><\/a> per scaricare il testo completo della Legge\u00a014 gennaio 2013, n. 4 sulle disposizioni in materia di professioni non organizzate. (Pag. 1 Gazzetta Ufficiale del 26 Gennaio 2013).<br \/>\n<\/span><\/p>\n<p style=\"text-align: center;\"><img loading=\"lazy\" decoding=\"async\" class=\"aligncenter wp-image-1010\" src=\"https:\/\/www.neurolinguistic.com\/blog\/wp-content\/uploads\/gazzetta-ufficiale.png\" alt=\"gazzetta-ufficiale\" width=\"555\" height=\"155\" \/><\/p>\n<p><img decoding=\"async\" class=\"aligncenter\" src=\"http:\/\/www.consulentedimarketing.com\/wp-content\/themes\/flexsqueeze150\/images\/dividers\/clear-bubble.png\" alt=\"\" width=\"100%\" \/><\/p>\n<p style=\"text-align: center;\">IHI in partnership with Universit\u00e9 Europ\u00e9enne 788-790 FINCHLEY ROAD London<\/p>\n","protected":false},"excerpt":{"rendered":"<p>Che dici&hellip; Li puoi aiutare? In un mondo in frenetica transizione non tutti riescono ad autodeterminarsi e a superare da soli gli ostacoli. Molti hanno bisogno di una mano forte e determinata. Molti hanno bisogno di TE! Il Wellness Coaching &egrave; l&rsquo;ultima frontiera delle nuove professioni: aiutare chi ne ha bisogno a prendere (o riprendere) [&hellip;]<\/p>\n","protected":false},"author":1,"featured_media":0,"parent":0,"menu_order":0,"comment_status":"closed","ping_status":"closed","template":"sptemplate-13.php","meta":{"footnotes":""},"class_list":["post-1354","page","type-page","status-publish","hentry"],"yoast_head":"<!-- This site is optimized with the Yoast SEO plugin v27.2 - https:\/\/yoast.com\/product\/yoast-seo-wordpress\/ -->\n<title>Wellness Coach &#8211; Universit\u00e9 Europ\u00e9enne - ISI-CNV<\/title>\n<meta name=\"robots\" content=\"index, follow, max-snippet:-1, max-image-preview:large, max-video-preview:-1\" \/>\n<link rel=\"canonical\" href=\"https:\/\/www.neurolinguistic.com\/blog\/wellness-coach\/\" \/>\n<meta property=\"og:locale\" content=\"it_IT\" \/>\n<meta property=\"og:type\" content=\"article\" \/>\n<meta property=\"og:title\" content=\"Wellness Coach &#8211; Universit\u00e9 Europ\u00e9enne - ISI-CNV\" \/>\n<meta property=\"og:description\" content=\"Che dici&hellip; Li puoi aiutare? In un mondo in frenetica transizione non tutti riescono ad autodeterminarsi e a superare da soli gli ostacoli. Molti hanno bisogno di una mano forte e determinata. Molti hanno bisogno di TE! Il Wellness Coaching &egrave; l&rsquo;ultima frontiera delle nuove professioni: aiutare chi ne ha bisogno a prendere (o riprendere) [&hellip;]\" \/>\n<meta property=\"og:url\" content=\"https:\/\/www.neurolinguistic.com\/blog\/wellness-coach\/\" \/>\n<meta property=\"og:site_name\" content=\"Universit\u00e9 Europ\u00e9enne - ISI-CNV\" \/>\n<meta property=\"article:publisher\" content=\"https:\/\/www.facebook.com\/ipnositecniche\" \/>\n<meta property=\"article:modified_time\" content=\"2015-11-05T12:40:49+00:00\" \/>\n<meta property=\"og:image\" content=\"http:\/\/www.consulentedimarketing.com\/wp-content\/themes\/flexsqueeze150\/images\/da_gold2.png\" \/>\n<meta name=\"twitter:card\" content=\"summary_large_image\" \/>\n<meta name=\"twitter:label1\" content=\"Tempo di lettura stimato\" \/>\n\t<meta name=\"twitter:data1\" content=\"4 minuti\" \/>\n<script type=\"application\/ld+json\" class=\"yoast-schema-graph\">{\"@context\":\"https:\/\/schema.org\",\"@graph\":[{\"@type\":\"WebPage\",\"@id\":\"https:\/\/www.neurolinguistic.com\/blog\/wellness-coach\/\",\"url\":\"https:\/\/www.neurolinguistic.com\/blog\/wellness-coach\/\",\"name\":\"Wellness Coach &#8211; Universit\u00e9 Europ\u00e9enne - ISI-CNV\",\"isPartOf\":{\"@id\":\"https:\/\/www.neurolinguistic.com\/blog\/#website\"},\"primaryImageOfPage\":{\"@id\":\"https:\/\/www.neurolinguistic.com\/blog\/wellness-coach\/#primaryimage\"},\"image\":{\"@id\":\"https:\/\/www.neurolinguistic.com\/blog\/wellness-coach\/#primaryimage\"},\"thumbnailUrl\":\"http:\/\/www.consulentedimarketing.com\/wp-content\/themes\/flexsqueeze150\/images\/da_gold2.png\",\"datePublished\":\"2015-04-10T13:34:45+00:00\",\"dateModified\":\"2015-11-05T12:40:49+00:00\",\"breadcrumb\":{\"@id\":\"https:\/\/www.neurolinguistic.com\/blog\/wellness-coach\/#breadcrumb\"},\"inLanguage\":\"it-IT\",\"potentialAction\":[{\"@type\":\"ReadAction\",\"target\":[\"https:\/\/www.neurolinguistic.com\/blog\/wellness-coach\/\"]}]},{\"@type\":\"ImageObject\",\"inLanguage\":\"it-IT\",\"@id\":\"https:\/\/www.neurolinguistic.com\/blog\/wellness-coach\/#primaryimage\",\"url\":\"http:\/\/www.consulentedimarketing.com\/wp-content\/themes\/flexsqueeze150\/images\/da_gold2.png\",\"contentUrl\":\"http:\/\/www.consulentedimarketing.com\/wp-content\/themes\/flexsqueeze150\/images\/da_gold2.png\"},{\"@type\":\"BreadcrumbList\",\"@id\":\"https:\/\/www.neurolinguistic.com\/blog\/wellness-coach\/#breadcrumb\",\"itemListElement\":[{\"@type\":\"ListItem\",\"position\":1,\"name\":\"Home\",\"item\":\"https:\/\/www.neurolinguistic.com\/blog\/\"},{\"@type\":\"ListItem\",\"position\":2,\"name\":\"Wellness Coach\"}]},{\"@type\":\"WebSite\",\"@id\":\"https:\/\/www.neurolinguistic.com\/blog\/#website\",\"url\":\"https:\/\/www.neurolinguistic.com\/blog\/\",\"name\":\"Universit\u00e9 Europ\u00e9enne - ISI-CNV\",\"description\":\"Articoli, Lezioni Online, Omaggi, Video e molto altro\",\"potentialAction\":[{\"@type\":\"SearchAction\",\"target\":{\"@type\":\"EntryPoint\",\"urlTemplate\":\"https:\/\/www.neurolinguistic.com\/blog\/?s={search_term_string}\"},\"query-input\":{\"@type\":\"PropertyValueSpecification\",\"valueRequired\":true,\"valueName\":\"search_term_string\"}}],\"inLanguage\":\"it-IT\"}]}<\/script>\n<!-- \/ Yoast SEO plugin. -->","yoast_head_json":{"title":"Wellness Coach &#8211; Universit\u00e9 Europ\u00e9enne - ISI-CNV","robots":{"index":"index","follow":"follow","max-snippet":"max-snippet:-1","max-image-preview":"max-image-preview:large","max-video-preview":"max-video-preview:-1"},"canonical":"https:\/\/www.neurolinguistic.com\/blog\/wellness-coach\/","og_locale":"it_IT","og_type":"article","og_title":"Wellness Coach &#8211; Universit\u00e9 Europ\u00e9enne - ISI-CNV","og_description":"Che dici&hellip; Li puoi aiutare? In un mondo in frenetica transizione non tutti riescono ad autodeterminarsi e a superare da soli gli ostacoli. Molti hanno bisogno di una mano forte e determinata. Molti hanno bisogno di TE! Il Wellness Coaching &egrave; l&rsquo;ultima frontiera delle nuove professioni: aiutare chi ne ha bisogno a prendere (o riprendere) [&hellip;]","og_url":"https:\/\/www.neurolinguistic.com\/blog\/wellness-coach\/","og_site_name":"Universit\u00e9 Europ\u00e9enne - ISI-CNV","article_publisher":"https:\/\/www.facebook.com\/ipnositecniche","article_modified_time":"2015-11-05T12:40:49+00:00","og_image":[{"url":"http:\/\/www.consulentedimarketing.com\/wp-content\/themes\/flexsqueeze150\/images\/da_gold2.png","type":"","width":"","height":""}],"twitter_card":"summary_large_image","twitter_misc":{"Tempo di lettura stimato":"4 minuti"},"schema":{"@context":"https:\/\/schema.org","@graph":[{"@type":"WebPage","@id":"https:\/\/www.neurolinguistic.com\/blog\/wellness-coach\/","url":"https:\/\/www.neurolinguistic.com\/blog\/wellness-coach\/","name":"Wellness Coach &#8211; Universit\u00e9 Europ\u00e9enne - ISI-CNV","isPartOf":{"@id":"https:\/\/www.neurolinguistic.com\/blog\/#website"},"primaryImageOfPage":{"@id":"https:\/\/www.neurolinguistic.com\/blog\/wellness-coach\/#primaryimage"},"image":{"@id":"https:\/\/www.neurolinguistic.com\/blog\/wellness-coach\/#primaryimage"},"thumbnailUrl":"http:\/\/www.consulentedimarketing.com\/wp-content\/themes\/flexsqueeze150\/images\/da_gold2.png","datePublished":"2015-04-10T13:34:45+00:00","dateModified":"2015-11-05T12:40:49+00:00","breadcrumb":{"@id":"https:\/\/www.neurolinguistic.com\/blog\/wellness-coach\/#breadcrumb"},"inLanguage":"it-IT","potentialAction":[{"@type":"ReadAction","target":["https:\/\/www.neurolinguistic.com\/blog\/wellness-coach\/"]}]},{"@type":"ImageObject","inLanguage":"it-IT","@id":"https:\/\/www.neurolinguistic.com\/blog\/wellness-coach\/#primaryimage","url":"http:\/\/www.consulentedimarketing.com\/wp-content\/themes\/flexsqueeze150\/images\/da_gold2.png","contentUrl":"http:\/\/www.consulentedimarketing.com\/wp-content\/themes\/flexsqueeze150\/images\/da_gold2.png"},{"@type":"BreadcrumbList","@id":"https:\/\/www.neurolinguistic.com\/blog\/wellness-coach\/#breadcrumb","itemListElement":[{"@type":"ListItem","position":1,"name":"Home","item":"https:\/\/www.neurolinguistic.com\/blog\/"},{"@type":"ListItem","position":2,"name":"Wellness Coach"}]},{"@type":"WebSite","@id":"https:\/\/www.neurolinguistic.com\/blog\/#website","url":"https:\/\/www.neurolinguistic.com\/blog\/","name":"Universit\u00e9 Europ\u00e9enne - ISI-CNV","description":"Articoli, Lezioni Online, Omaggi, Video e molto altro","potentialAction":[{"@type":"SearchAction","target":{"@type":"EntryPoint","urlTemplate":"https:\/\/www.neurolinguistic.com\/blog\/?s={search_term_string}"},"query-input":{"@type":"PropertyValueSpecification","valueRequired":true,"valueName":"search_term_string"}}],"inLanguage":"it-IT"}]}},"_links":{"self":[{"href":"https:\/\/www.neurolinguistic.com\/blog\/wp-json\/wp\/v2\/pages\/1354","targetHints":{"allow":["GET"]}}],"collection":[{"href":"https:\/\/www.neurolinguistic.com\/blog\/wp-json\/wp\/v2\/pages"}],"about":[{"href":"https:\/\/www.neurolinguistic.com\/blog\/wp-json\/wp\/v2\/types\/page"}],"author":[{"embeddable":true,"href":"https:\/\/www.neurolinguistic.com\/blog\/wp-json\/wp\/v2\/users\/1"}],"replies":[{"embeddable":true,"href":"https:\/\/www.neurolinguistic.com\/blog\/wp-json\/wp\/v2\/comments?post=1354"}],"version-history":[{"count":1,"href":"https:\/\/www.neurolinguistic.com\/blog\/wp-json\/wp\/v2\/pages\/1354\/revisions"}],"predecessor-version":[{"id":1540,"href":"https:\/\/www.neurolinguistic.com\/blog\/wp-json\/wp\/v2\/pages\/1354\/revisions\/1540"}],"wp:attachment":[{"href":"https:\/\/www.neurolinguistic.com\/blog\/wp-json\/wp\/v2\/media?parent=1354"}],"curies":[{"name":"wp","href":"https:\/\/api.w.org\/{rel}","templated":true}]}}